{"id":36100,"date":"2025-04-04T12:30:31","date_gmt":"2025-04-04T09:30:31","guid":{"rendered":"https:\/\/www.vempele.fi\/?post_type=product&#038;p=36100"},"modified":"2026-04-16T20:07:37","modified_gmt":"2026-04-16T17:07:37","slug":"frezzer-reiseskap-35l-12-24v-tesla-modell-y","status":"publish","type":"product","link":"https:\/\/www.vempele.fi\/no\/tuote\/frezzer-matkajaakaappi-35l-12-24v-tesla-model-y\/","title":{"rendered":"Frezzer reisekj\u00f8leskap 35L 12\/24V - Tesla Model Y"},"content":{"rendered":"<p>Kompressordrevet 12\/24\/230 V 35 liters kj\u00f8le- og fryseskap for Tesla Model Y Sub Trunk. Sv\u00e6rt effektiv, kj\u00f8ler ned til -20 \u00b0C med sv\u00e6rt lavt str\u00f8mforbruk, uavhengig av utetemperaturen. Fjernstyrt via en brukervennlig mobilapp.<\/p>\n<p>Enheten er designet for \u00e5 holde maten p\u00e5 optimal temperatur selv under sv\u00e6rt varme forhold (34 \u00b0C). Perfekt kompatibilitet med Tesla Y-modellens bagasjerom (Sub trunk). Trefaset beskyttelse av bilbatteriet forhindrer at startbatteriet g\u00e5r tomt for str\u00f8m. Innfelte h\u00e5ndtak gj\u00f8r det enkelt \u00e5 l\u00f8fte kj\u00f8leskapet ut av bagasjerommet. Et n\u00f8ye utformet ventilasjonssystem og separate EVA-puter mot bakveggen i bagasjerommet beskytter mot overoppheting. Den slagfaste konstruksjonen og den stilleg\u00e5ende lyden (45 dB) er kronen p\u00e5 verket.<\/p>\n<p><strong>Funksjoner:<\/strong><\/p>\n<ul>\n<li>Kraftig DC inverter-kompressor<\/li>\n<li>Fluorfri isolasjon med god varmelagring og lavt energiforbruk<\/li>\n<li>Rask nedkj\u00f8ling ned til -20 \u00b0C<\/li>\n<li>Et beskyttelsessystem for bilbatterier som forhindrer at batteriet lades ut<\/li>\n<li>Digitalt kontrollpanel for temperaturkontroll<\/li>\n<li>Enheten er utstyrt med Bluetooth-funksjon. Gratis nedlastbar og brukervennlig mobilapp som lar deg overv\u00e5ke temperaturen i kj\u00f8leskapet og fjernstyre det med smarttelefonen din.<\/li>\n<li>Led-armatur inne i kj\u00f8leskapet<\/li>\n<li>Avtakbar bunnhette for vasking<\/li>\n<\/ul>\n<p><strong>Tekniske spesifikasjoner:<\/strong><\/p>\n<ul>\n<li>Lydniv\u00e5: 45 dB<\/li>\n<li>Effekt: 60 W<\/li>\n<li>Kuldemedium: R134a<\/li>\n<li>Gjennomsnittlig str\u00f8mforbruk under kj\u00f8ling (oppstart): 4-5 A (12 V)<\/li>\n<li>Gjennomsnittlig str\u00f8mforbruk under vedlikehold: 2-3 A (12 V)<\/li>\n<li>Nettovekt: 15 kg<\/li>\n<li>Garanti: 2 \u00e5r<\/li>\n<li>M\u00e5l p\u00e5 pakken: 78,8 x 45,8 x 35,9 cm<\/li>\n<li>Produktm\u00e5l: 86,5 x 53,5 x 42,6 cm<\/li>\n<li>Kompatibilitet\n<ul>\n<li>Tesla Model Y 2020 - 2024<\/li>\n<li>Tesla Model Y Juniper 2025 -&gt;<\/li>\n<\/ul>\n<\/li>\n<\/ul>\n<p><a href=\"https:\/\/www.vempele.fi\/wp-content\/uploads\/2025\/06\/6438014391885_kayttoohje_Frezzer_Tesla_Y_35_l_12_24V_230V_matkajaakaappi_FI_SV_EN.pdf\" target=\"_blank\" rel=\"noopener\">Bruker- og installasjonsveiledning<\/a><\/p>","protected":false},"excerpt":{"rendered":"<p>Kompressorkj\u00f8leskap. Perfekt kompatibilitet med Tesla Y-modellens bagasjerom (Sub-bagasjerom).<\/p>\n<p>&nbsp;<\/p>","protected":false},"featured_media":36101,"comment_status":"open","ping_status":"closed","template":"","meta":[],"product_brand":[753],"product_cat":[154,455,482],"product_tag":[],"class_list":{"0":"post-36100","1":"product","2":"type-product","3":"status-publish","4":"has-post-thumbnail","6":"product_brand-frezzer","7":"product_cat-model-y","8":"product_cat-my-tarvikkeet","9":"product_cat-tarvikkeet-sisapuolelle-model-y","11":"first","12":"instock","13":"taxable","14":"shipping-taxable","15":"purchasable","16":"product-type-simple"},"jetpack_sharing_enabled":true,"_links":{"self":[{"href":"https:\/\/www.vempele.fi\/no\/wp-json\/wp\/v2\/product\/36100","targetHints":{"allow":["GET"]}}],"collection":[{"href":"https:\/\/www.vempele.fi\/no\/wp-json\/wp\/v2\/product"}],"about":[{"href":"https:\/\/www.vempele.fi\/no\/wp-json\/wp\/v2\/types\/product"}],"replies":[{"embeddable":true,"href":"https:\/\/www.vempele.fi\/no\/wp-json\/wp\/v2\/comments?post=36100"}],"wp:featuredmedia":[{"embeddable":true,"href":"https:\/\/www.vempele.fi\/no\/wp-json\/wp\/v2\/media\/36101"}],"wp:attachment":[{"href":"https:\/\/www.vempele.fi\/no\/wp-json\/wp\/v2\/media?parent=36100"}],"wp:term":[{"taxonomy":"product_brand","embeddable":true,"href":"https:\/\/www.vempele.fi\/no\/wp-json\/wp\/v2\/product_brand?post=36100"},{"taxonomy":"product_cat","embeddable":true,"href":"https:\/\/www.vempele.fi\/no\/wp-json\/wp\/v2\/product_cat?post=36100"},{"taxonomy":"product_tag","embeddable":true,"href":"https:\/\/www.vempele.fi\/no\/wp-json\/wp\/v2\/product_tag?post=36100"}],"curies":[{"name":"wp","href":"https:\/\/api.w.org\/{rel}","templated":true}]}}