{"id":36355,"date":"2024-10-03T00:00:00","date_gmt":"2024-10-02T21:00:00","guid":{"rendered":"https:\/\/www.vempele.fi\/tuote\/nankang-sportnex-as-2-tm-ja-tuulilasi-testimenestys-245-35r21-96y-tesla-model-s\/"},"modified":"2026-04-18T04:51:09","modified_gmt":"2026-04-18T01:51:09","slug":"nankang-sportnex-as-2-tm-og-frontrute-testresultat-245-35r21-96y-tesla-model-s","status":"publish","type":"product","link":"https:\/\/www.vempele.fi\/no\/tuote\/nankang-sportnex-as-2-tm-ja-tuulilasi-testimenestys-245-35r21-96y-tesla-model-s\/","title":{"rendered":"Nankang Sportnex AS-2+ TM og vindskjermtest test 245\/35R21 96Y - Tesla Model S"},"content":{"rendered":"<p>1 stk Nankang Sportnex AS-2+ TM og vindskjermtest test test test 245\/35-21 96Y<\/p>\n<ul>\n<li>EU-merking av dekk<\/li>\n<li>Type: sommerdekk<\/li>\n<li>Tommer: 21<\/li>\n<li>Bredde: 245<\/li>\n<li>Profil: 35<\/li>\n<li>Hastighetskategori: Y<\/li>\n<li>Lastkapasitetsklasse: 96<\/li>\n<li>Dekkklassifisering: <\/li>\n<li>Drivstoff\u00f8konomi: <\/li>\n<li>Vedlikehold p\u00e5 v\u00e5tt underlag: <\/li>\n<li>Klassifisering av hyttest\u00f8y og intensitet: - dB<\/li>\n<\/ul>\n<p>&nbsp;<\/p>\n<p>Dekkene leveres direkte fra partnerens lager.<\/p>\n<p><img decoding=\"async\" src=\"\" width=\"300\" \/><\/p>\n<p>Dekkinformasjon hentet fra en partner.<\/p>","protected":false},"excerpt":{"rendered":"<p>Nankang Sportnex AS-2+ er en ekte vinner p\u00e5 vann.  Flotte testresultater i b\u00e5de Windshield og Technology World viser at Nankang er et av de beste dekkene i verden, men likevel til en overkommelig pris.<br \/>\n\u00a0&#13;<br \/>\nFjerdeplass og fantastiske 8,6 poeng i Tuulilas' store sommerdekktest<br \/>\nNankang Sportnex AS-2+ kom p\u00e5 en utmerket fjerdeplass i en dekktest utf\u00f8rt av Tuulilas (Tuulilasi 3\/2017).  Nankang presterte spesielt godt i regnv\u00e6r.  Tuulilasi sa om Nankang.  I regnv\u00e6r er kj\u00f8reegenskapene prisverdig n\u00f8ytrale. \"Nankang presterte ogs\u00e5 gjennomg\u00e5ende godt p\u00e5 andre omr\u00e5der, og fikk minst \u00e5tte poeng i alle m\u00e5linger.  Som et resultat av denne konsistente prestasjonen var maskinens poengsum bare et halvt poeng fra testseieren.<br \/>\n\"Rimelig Nankang overrasket med forbedret ytelse\"<br \/>\nNankang var det klart billigste dekket i testen, noe som ogs\u00e5 Tuulilasi la merke til.  Tuulilasi rapporterte at Nankang var opptil 50 euro billigere enn det nest billigste dekket i testen, og at det dyreste dekket var hele 79% dyrere enn Nankang.  Til tross for dette ble Nankang en utmerket fjerdeplass i testen, bare et halvt poeng fra testseieren.  Den betydelig lavere prisen ble imidlertid ikke tatt hensyn til i poengberegningen.<br \/>\n\u00a0&#13;<br \/>\n&#13;<br \/>\nStor suksess i Tekniikan Maailmans store sommerdekktest<br \/>\nNankang Sportnex AS-2+ er en ekte vinner i Tekniikan Maailmans sommerdekktest (8\/2016), som gjorde det sv\u00e6rt godt blant de mye dyrere merkedekkene.  I det endelige resultatet er forskjellen mellom Nankang og Michelin bare 0,4 poeng.  Nankang f\u00e5r 8,1 poeng og Michelin 8,5 poeng.  Forskjellen er ubetydelig.<br \/>\nResultatet er en godbit for alle bilister som \u00f8nsker \u00e5 kj\u00f8pe sommerdekk til en lavere pris og f\u00f8le seg trygge p\u00e5 at de f\u00e5r sikre dekk.  Tekniikan Maailman-testen fokuserer f\u00f8rst og fremst p\u00e5 sommerdekkenes sikkerhet.  Nankang f\u00e5r spesielt mye skryt for sikkerhetsaspekter som v\u00e5tgrep og kj\u00f8reegenskaper p\u00e5 t\u00f8rt underlag.<br \/>\nNankangs bremseegenskaper p\u00e5 v\u00e5tt underlag er gode<br \/>\nNankangs bremseegenskaper p\u00e5 v\u00e5tt underlag f\u00e5r 9 poeng, mens Michelin for eksempel f\u00e5r 8. Nankang er ogs\u00e5 bedre enn Michelin ved bremsing p\u00e5 t\u00f8rt underlag.  Nankang og Michelin f\u00e5r samme poengsum n\u00e5r det gjelder kj\u00f8reegenskaper p\u00e5 v\u00e5tt og t\u00f8rt underlag.<br \/>\nUtmerket design sikrer et trygt resultat<br \/>\n&#13;<br \/>\n\u00a0&#13;<br \/>\nAS-2 Sportnex gjorde det ogs\u00e5 godt i tester utf\u00f8rt av det prestisjetunge T\u00dcV SUD.  I testen ble dekket satt opp mot tre ledende dekkmerker, og det ble blant annet sammenlignet grep p\u00e5 t\u00f8rt og v\u00e5tt underlag, kj\u00f8ref\u00f8lelse, st\u00f8yniv\u00e5 og rullemotstand.<br \/>\nAS-2 Sportnex ble tildelt T\u00dcV SUD-kvalitetsmerket etter en sv\u00e6rt vellykket test.<br \/>\nSjekk ut testrapporten her. \u00a0 <\/p>\n<p> Dekkene leveres direkte fra partnerens lager.<\/p>","protected":false},"featured_media":36346,"comment_status":"open","ping_status":"open","template":"","meta":[],"product_brand":[],"product_cat":[371],"product_tag":[696,172,707,756,121],"class_list":{"0":"post-36355","1":"product","2":"type-product","3":"status-publish","4":"has-post-thumbnail","6":"product_cat-renkaat","7":"product_tag-kesarengas","8":"product_tag-model-s","9":"product_tag-nankang","10":"product_tag-sportnex-as-2-tm-ja-tuulilasi-testimenestys","11":"product_tag-tesla","13":"first","14":"instock","15":"taxable","16":"shipping-taxable","17":"purchasable","18":"product-type-simple"},"jetpack_sharing_enabled":true,"_links":{"self":[{"href":"https:\/\/www.vempele.fi\/no\/wp-json\/wp\/v2\/product\/36355","targetHints":{"allow":["GET"]}}],"collection":[{"href":"https:\/\/www.vempele.fi\/no\/wp-json\/wp\/v2\/product"}],"about":[{"href":"https:\/\/www.vempele.fi\/no\/wp-json\/wp\/v2\/types\/product"}],"replies":[{"embeddable":true,"href":"https:\/\/www.vempele.fi\/no\/wp-json\/wp\/v2\/comments?post=36355"}],"wp:featuredmedia":[{"embeddable":true,"href":"https:\/\/www.vempele.fi\/no\/wp-json\/wp\/v2\/media\/36346"}],"wp:attachment":[{"href":"https:\/\/www.vempele.fi\/no\/wp-json\/wp\/v2\/media?parent=36355"}],"wp:term":[{"taxonomy":"product_brand","embeddable":true,"href":"https:\/\/www.vempele.fi\/no\/wp-json\/wp\/v2\/product_brand?post=36355"},{"taxonomy":"product_cat","embeddable":true,"href":"https:\/\/www.vempele.fi\/no\/wp-json\/wp\/v2\/product_cat?post=36355"},{"taxonomy":"product_tag","embeddable":true,"href":"https:\/\/www.vempele.fi\/no\/wp-json\/wp\/v2\/product_tag?post=36355"}],"curies":[{"name":"wp","href":"https:\/\/api.w.org\/{rel}","templated":true}]}}