{"id":36461,"date":"2024-10-03T00:00:00","date_gmt":"2024-10-02T21:00:00","guid":{"rendered":"https:\/\/www.vempele.fi\/fi\/tuote\/goodride-solmax-1-245-35r21-95y-tesla-model-s\/"},"modified":"2026-04-22T16:51:11","modified_gmt":"2026-04-22T13:51:11","slug":"goodride-solmax-1-245-35r21-95y-tesla-modell-s","status":"publish","type":"product","link":"https:\/\/www.vempele.fi\/no\/tuote\/goodride-solmax-1-245-35r21-95y-tesla-model-s\/","title":{"rendered":"Goodride SOLMAX 1 245\/35R21 95Y - Tesla Model S"},"content":{"rendered":"<p>1 enhet Goodride SOLMAX 1 245\/35-21 95Y<\/p>\n<ul>\n<li>EU-merking av dekk<\/li>\n<li>Type: sommerdekk<\/li>\n<li>Tommer: 21<\/li>\n<li>Bredde: 245<\/li>\n<li>Profil: 35<\/li>\n<li>Hastighetskategori: Y<\/li>\n<li>Klasse for lastekapasitet: 95<\/li>\n<li>Dekkklassifisering: C1<\/li>\n<li>Drivstoff\u00f8konomi: C<\/li>\n<li>Vedlikehold p\u00e5 v\u00e5tt underlag: A<\/li>\n<li>St\u00f8yklassifisering og -intensitet i f\u00f8rerhuset: B - 72dB<\/li>\n<\/ul>\n<p>&nbsp;<\/p>\n<p>Dekkene leveres direkte fra partnerens lager.<\/p>\n<p><img decoding=\"async\" src=\"https:\/\/www.vempele.fi\/wp-content\/uploads\/2025\/04\/Label_1362145.svg\" width=\"300\" \/><\/p>\n<p>Dekkinformasjon hentet fra en partner.<\/p>","protected":false},"excerpt":{"rendered":"<p>\u00a0&#13;<br \/>\nHelt nye Goodride SOLMAX1 - klasse A v\u00e5tgrep og avansert teknologi<br \/>\nKlasse A v\u00e5tgrep i EU-tester for alle SOLMAX1-st\u00f8rrelser sikrer utmerket bremseegenskaper p\u00e5 v\u00e5tt underlag.  V\u00e5tgrep er en viktig sikkerhetsegenskap, spesielt for sommerdekk - en egenskap Goodride har investert mye i \u00e5 utvikle SOLMAX1-sikkerheten.<br \/>\nGoodride SOLMAX1 er i forkant av moderne dekkteknologi.  Dekket representerer den nyeste teknologien og det beste av det beste i dekkbransjen.  Det har en rekke smarte innovasjoner som forbedrer kj\u00f8reegenskaper, kj\u00f8rekomfort og sikkerhet.  I tillegg er drivstoff\u00f8konomien enda bedre.<br \/>\nTekniske og smarte innovasjoner inkluderer:<br \/>\n1. Avanserte volumdempere p\u00e5 dekkoverflaten for en mer komfortabel kj\u00f8reopplevelse. 2.  Intelligent hybridsilanpatent som optimaliserer dekkm\u00f8nsteret for effektivt \u00e5 absorbere veivibrasjoner og forbedre kj\u00f8reopplevelsen ytterligere. 3.  Patentert nanometers gummiblandingsteknologi og m\u00f8nster med h\u00f8y metning gj\u00f8r dekket ekstremt slitesterkt og \u00f8ker dermed kj\u00f8relengden.<br \/>\nGoodride SOLMAX1 er et utmerket valg n\u00e5r du vil ha mest mulig sommerdekk for pengene.<br \/>\nGoodride er en av verdens st\u00f8rste dekkprodusenter, med den nyeste teknologien og de beste dekkdesignerne i bransjen.<br \/>\nVelg det helt nye Goodride SOLMAX1 for et tryggere og bedre sommerdekk med klasse A v\u00e5tgrep. <\/p>\n<p> Dekkene leveres direkte fra partnerens lager.<\/p>","protected":false},"featured_media":36465,"comment_status":"open","ping_status":"open","template":"","meta":[],"product_brand":[],"product_cat":[371],"product_tag":[727,696,172,758,121],"class_list":{"0":"post-36461","1":"product","2":"type-product","3":"status-publish","4":"has-post-thumbnail","6":"product_cat-renkaat","7":"product_tag-goodride","8":"product_tag-kesarengas","9":"product_tag-model-s","10":"product_tag-solmax-1","11":"product_tag-tesla","13":"first","14":"instock","15":"taxable","16":"shipping-taxable","17":"purchasable","18":"product-type-simple"},"jetpack_sharing_enabled":true,"_links":{"self":[{"href":"https:\/\/www.vempele.fi\/no\/wp-json\/wp\/v2\/product\/36461","targetHints":{"allow":["GET"]}}],"collection":[{"href":"https:\/\/www.vempele.fi\/no\/wp-json\/wp\/v2\/product"}],"about":[{"href":"https:\/\/www.vempele.fi\/no\/wp-json\/wp\/v2\/types\/product"}],"replies":[{"embeddable":true,"href":"https:\/\/www.vempele.fi\/no\/wp-json\/wp\/v2\/comments?post=36461"}],"wp:featuredmedia":[{"embeddable":true,"href":"https:\/\/www.vempele.fi\/no\/wp-json\/wp\/v2\/media\/36465"}],"wp:attachment":[{"href":"https:\/\/www.vempele.fi\/no\/wp-json\/wp\/v2\/media?parent=36461"}],"wp:term":[{"taxonomy":"product_brand","embeddable":true,"href":"https:\/\/www.vempele.fi\/no\/wp-json\/wp\/v2\/product_brand?post=36461"},{"taxonomy":"product_cat","embeddable":true,"href":"https:\/\/www.vempele.fi\/no\/wp-json\/wp\/v2\/product_cat?post=36461"},{"taxonomy":"product_tag","embeddable":true,"href":"https:\/\/www.vempele.fi\/no\/wp-json\/wp\/v2\/product_tag?post=36461"}],"curies":[{"name":"wp","href":"https:\/\/api.w.org\/{rel}","templated":true}]}}