{"id":37306,"date":"2025-05-23T12:38:32","date_gmt":"2025-05-23T09:38:32","guid":{"rendered":"https:\/\/www.vempele.fi\/?post_type=product&#038;p=37306"},"modified":"2026-04-13T19:08:58","modified_gmt":"2026-04-13T16:08:58","slug":"dorhandtak-motor-hjul-tesla-modell-s","status":"publish","type":"product","link":"https:\/\/www.vempele.fi\/no\/tuote\/ovenkahvan-moottorin-ratas-tesla-model-s\/","title":{"rendered":"D\u00f8rh\u00e5ndtakets motorgir - Tesla Model S"},"content":{"rendered":"<p>D\u00f8rh\u00e5ndtakets motorgir - Tesla Model S<\/p>\n<p>I noen tilfeller kan hjulet v\u00e6re veldig trangt til \u00e5 passe p\u00e5 motorakselen, og da kan det v\u00e6re n\u00f8dvendig \u00e5 kj\u00f8le ned akselen for \u00e5 f\u00e5 hjulet til \u00e5 passe. Et alternativ er \u00e5 file tannhjulhullet litt for \u00e5 gj\u00f8re det litt st\u00f8rre.<\/p>\n<ul>\n<li>Egnethet: for Tesla Model S<\/li>\n<li>Materiale: metall<\/li>\n<li>Innhold i pakken:\n<ul>\n<li>D\u00f8rh\u00e5ndtakets motorhjul<\/li>\n<\/ul>\n<\/li>\n<\/ul>","protected":false},"excerpt":{"rendered":"<p>D\u00f8rh\u00e5ndtakets motorgir - Tesla Model S<\/p>\n<p>Hvis motorhjulet har sprukket, har en vanlig l\u00f8sning v\u00e6rt \u00e5 kj\u00f8pe et helt nytt h\u00e5ndtakssystem. Dette produktet gj\u00f8r reparasjonskostnadene mye billigere.<\/p>\n<p>&nbsp;<\/p>\n<p>&nbsp;<\/p>\n<p>&nbsp;<\/p>","protected":false},"featured_media":37307,"comment_status":"open","ping_status":"closed","template":"","meta":[],"product_brand":[],"product_cat":[152,453,484,374,128,473],"product_tag":[83,406,172,760,469,468,761],"class_list":{"0":"post-37306","1":"product","2":"type-product","3":"status-publish","4":"has-post-thumbnail","6":"product_cat-model-s","7":"product_cat-ms-tarvikkeet","8":"product_cat-tarvikkeet-ulkopuolelle-model-s","9":"product_cat-tesla-tarvikkeet","10":"product_cat-tesla-tuotteet","11":"product_cat-varaosat-model-s","12":"product_tag-autotarvikkeet","13":"product_tag-korjaus","14":"product_tag-model-s","15":"product_tag-ovenkahva","16":"product_tag-paddle","17":"product_tag-paddle-gear","18":"product_tag-ratas","20":"first","21":"instock","22":"taxable","23":"shipping-taxable","24":"purchasable","25":"product-type-simple"},"jetpack_sharing_enabled":true,"_links":{"self":[{"href":"https:\/\/www.vempele.fi\/no\/wp-json\/wp\/v2\/product\/37306","targetHints":{"allow":["GET"]}}],"collection":[{"href":"https:\/\/www.vempele.fi\/no\/wp-json\/wp\/v2\/product"}],"about":[{"href":"https:\/\/www.vempele.fi\/no\/wp-json\/wp\/v2\/types\/product"}],"replies":[{"embeddable":true,"href":"https:\/\/www.vempele.fi\/no\/wp-json\/wp\/v2\/comments?post=37306"}],"wp:featuredmedia":[{"embeddable":true,"href":"https:\/\/www.vempele.fi\/no\/wp-json\/wp\/v2\/media\/37307"}],"wp:attachment":[{"href":"https:\/\/www.vempele.fi\/no\/wp-json\/wp\/v2\/media?parent=37306"}],"wp:term":[{"taxonomy":"product_brand","embeddable":true,"href":"https:\/\/www.vempele.fi\/no\/wp-json\/wp\/v2\/product_brand?post=37306"},{"taxonomy":"product_cat","embeddable":true,"href":"https:\/\/www.vempele.fi\/no\/wp-json\/wp\/v2\/product_cat?post=37306"},{"taxonomy":"product_tag","embeddable":true,"href":"https:\/\/www.vempele.fi\/no\/wp-json\/wp\/v2\/product_tag?post=37306"}],"curies":[{"name":"wp","href":"https:\/\/api.w.org\/{rel}","templated":true}]}}