{"id":38347,"date":"2025-06-19T10:07:02","date_gmt":"2025-06-19T07:07:02","guid":{"rendered":"https:\/\/www.vempele.fi\/?post_type=product&#038;p=38347"},"modified":"2026-03-13T13:00:33","modified_gmt":"2026-03-13T11:00:33","slug":"bakre-stottearmflens-polypro-tesla-modell-s","status":"publish","type":"product","link":"https:\/\/www.vempele.fi\/no\/tuote\/takatukivarsien-hela-polypro-tesla-model-s\/","title":{"rendered":"Tack Support Arm Hela - PolyPro - Tesla Model S"},"content":{"rendered":"<p>Tack Support Arm Hela - PolyPro - Tesla Model S<\/p>\n<p>St\u00f8tfangere av polyuretan er det beste valget for bilens understell, fordi de gir overlegen holdbarhet, stivhet og ytelse sammenlignet med tradisjonelle st\u00f8tfangere av gummi. De reduserer b\u00f8yningen i bilens understell, forbedrer styrepresisjonen og gir en mer stabil kj\u00f8ref\u00f8lelse. I tillegg er polyuretan mer motstandsdyktig mot temperatursvingninger, oljer og kjemikalier.<\/p>\n<ul>\n<li>Produsent:PolyPro<\/li>\n<li>Produsentens produktnummer: PP-2444<\/li>\n<li>Egnethet:\n<ul>\n<li>Model S 2012 - 2021<\/li>\n<\/ul>\n<\/li>\n<li>OE-produktnummer oppgitt av produsenten:\n<ul>\n<li>1021422-00-B<\/li>\n<li>1027421-00-E<\/li>\n<\/ul>\n<\/li>\n<li>Produksjonsland: Ukraina<\/li>\n<\/ul>\n<p>&nbsp;<\/p>","protected":false},"excerpt":{"rendered":"<p>Utskiftbar st\u00f8ttearmsflens laget av polyuretan. Passer til Tesla Model S bakaksel bakre \u00f8vre tverrstag og krengningsstabilisatorens forbindelsesstang.<\/p>\n<p>Her finner du en polyuretanb\u00f8ssing til den \u00f8vre tverrg\u00e5ende b\u00e6rearmen foran.<\/p>","protected":false},"featured_media":38349,"comment_status":"open","ping_status":"closed","template":"","meta":[],"product_brand":[786],"product_cat":[152,473],"product_tag":[576,172,716,717,121,476,319],"class_list":{"0":"post-38347","1":"product","2":"type-product","3":"status-publish","4":"has-post-thumbnail","6":"product_brand-polypro","7":"product_cat-model-s","8":"product_cat-varaosat-model-s","9":"product_tag-hela","10":"product_tag-model-s","11":"product_tag-polypro","12":"product_tag-polyuretaani","13":"product_tag-tesla","14":"product_tag-tukivarsi","15":"product_tag-varaosat","17":"first","18":"instock","19":"taxable","20":"shipping-taxable","21":"purchasable","22":"product-type-simple"},"jetpack_sharing_enabled":true,"_links":{"self":[{"href":"https:\/\/www.vempele.fi\/no\/wp-json\/wp\/v2\/product\/38347","targetHints":{"allow":["GET"]}}],"collection":[{"href":"https:\/\/www.vempele.fi\/no\/wp-json\/wp\/v2\/product"}],"about":[{"href":"https:\/\/www.vempele.fi\/no\/wp-json\/wp\/v2\/types\/product"}],"replies":[{"embeddable":true,"href":"https:\/\/www.vempele.fi\/no\/wp-json\/wp\/v2\/comments?post=38347"}],"wp:featuredmedia":[{"embeddable":true,"href":"https:\/\/www.vempele.fi\/no\/wp-json\/wp\/v2\/media\/38349"}],"wp:attachment":[{"href":"https:\/\/www.vempele.fi\/no\/wp-json\/wp\/v2\/media?parent=38347"}],"wp:term":[{"taxonomy":"product_brand","embeddable":true,"href":"https:\/\/www.vempele.fi\/no\/wp-json\/wp\/v2\/product_brand?post=38347"},{"taxonomy":"product_cat","embeddable":true,"href":"https:\/\/www.vempele.fi\/no\/wp-json\/wp\/v2\/product_cat?post=38347"},{"taxonomy":"product_tag","embeddable":true,"href":"https:\/\/www.vempele.fi\/no\/wp-json\/wp\/v2\/product_tag?post=38347"}],"curies":[{"name":"wp","href":"https:\/\/api.w.org\/{rel}","templated":true}]}}