{"id":38450,"date":"2025-06-21T12:43:11","date_gmt":"2025-06-21T09:43:11","guid":{"rendered":"https:\/\/www.vempele.fi\/?post_type=product&#038;p=38450"},"modified":"2026-04-25T15:19:20","modified_gmt":"2026-04-25T12:19:20","slug":"etui-for-briller-og-canny-tesla-modell-y-juniper","status":"publish","type":"product","link":"https:\/\/www.vempele.fi\/no\/tuote\/kotelo-laseille-ja-kannykalle-tesla-model-y-juniper\/","title":{"rendered":"Etui til briller og mobiltelefon - Tesla Model Y Juniper"},"content":{"rendered":"<p>Etui til briller og mobiltelefon - Tesla Model Y Juniper<\/p>\n<ul>\n<li>Farge: Svart<\/li>\n<li>Egnethet:\n<ul>\n<li>Modell Y Juniper 2025 -&gt;<\/li>\n<\/ul>\n<\/li>\n<li>Materiale: PET-plast<\/li>\n<\/ul>","protected":false},"excerpt":{"rendered":"<p>Etui til briller og mobiltelefon - Tesla Model Y Juniper<\/p>\n<p>Inkluderer et klistremerke for \u00e5 lime etuiet fast p\u00e5 rattkonsollen. Solbrillene holder seg p\u00e5 plass, og mobiltelefonen kan plasseres horisontalt for enkel lesing rett bak rattet.<\/p>","protected":false},"featured_media":38451,"comment_status":"open","ping_status":"closed","template":"","meta":[],"product_brand":[],"product_cat":[154,455,482,128],"product_tag":[788,461,271,121],"class_list":{"0":"post-38450","1":"product","2":"type-product","3":"status-publish","4":"has-post-thumbnail","6":"product_cat-model-y","7":"product_cat-my-tarvikkeet","8":"product_cat-tarvikkeet-sisapuolelle-model-y","9":"product_cat-tesla-tuotteet","10":"product_tag-kannykkakotelo","11":"product_tag-lasikotelo","12":"product_tag-model-y","13":"product_tag-tesla","15":"first","16":"instock","17":"taxable","18":"shipping-taxable","19":"purchasable","20":"product-type-simple"},"jetpack_sharing_enabled":true,"_links":{"self":[{"href":"https:\/\/www.vempele.fi\/no\/wp-json\/wp\/v2\/product\/38450","targetHints":{"allow":["GET"]}}],"collection":[{"href":"https:\/\/www.vempele.fi\/no\/wp-json\/wp\/v2\/product"}],"about":[{"href":"https:\/\/www.vempele.fi\/no\/wp-json\/wp\/v2\/types\/product"}],"replies":[{"embeddable":true,"href":"https:\/\/www.vempele.fi\/no\/wp-json\/wp\/v2\/comments?post=38450"}],"wp:featuredmedia":[{"embeddable":true,"href":"https:\/\/www.vempele.fi\/no\/wp-json\/wp\/v2\/media\/38451"}],"wp:attachment":[{"href":"https:\/\/www.vempele.fi\/no\/wp-json\/wp\/v2\/media?parent=38450"}],"wp:term":[{"taxonomy":"product_brand","embeddable":true,"href":"https:\/\/www.vempele.fi\/no\/wp-json\/wp\/v2\/product_brand?post=38450"},{"taxonomy":"product_cat","embeddable":true,"href":"https:\/\/www.vempele.fi\/no\/wp-json\/wp\/v2\/product_cat?post=38450"},{"taxonomy":"product_tag","embeddable":true,"href":"https:\/\/www.vempele.fi\/no\/wp-json\/wp\/v2\/product_tag?post=38450"}],"curies":[{"name":"wp","href":"https:\/\/api.w.org\/{rel}","templated":true}]}}