{"id":40192,"date":"2025-07-25T14:59:34","date_gmt":"2025-07-25T11:59:34","guid":{"rendered":"https:\/\/www.vempele.fi\/?post_type=product&#038;p=40192"},"modified":"2026-04-09T11:10:40","modified_gmt":"2026-04-09T08:10:40","slug":"stoffmatter-tesla-model-3","status":"publish","type":"product","link":"https:\/\/www.vempele.fi\/no\/tuote\/kangasmatot-tesla-model-3\/","title":{"rendered":"Bilmatter - Tesla Model 3"},"content":{"rendered":"<p>Bilmatter - Tesla Model 3<\/p>\n<p>Tre matter i pakken:<br \/>\n1 x For sj\u00e5f\u00f8ren<br \/>\n1 x Repsikalle<br \/>\n1 x enkelt tepperygg<\/p>\n<p>Bunnen av mattene er laget av et sv\u00e6rt klebende materiale som s\u00f8rger for at matten holder seg p\u00e5 plass.<\/p>\n<p><b>Ytterligere informasjon:<\/b><\/p>\n<ul>\n<li>Farge: svart<\/li>\n<li>Materiale: velur<\/li>\n<\/ul>","protected":false},"excerpt":{"rendered":"<p>Bilmatter - Tesla Model 3<\/p>\n<p>Slitesterkt teppesett i stoff av h\u00f8y kvalitet til Tesla Model 3. Takket v\u00e6re den selvklebende baksiden holder mattene seg godt p\u00e5 plass.<\/p>","protected":false},"featured_media":40194,"comment_status":"open","ping_status":"closed","template":"","meta":[],"product_brand":[],"product_cat":[409,151,128],"product_tag":[83,553,156,121],"class_list":{"0":"post-40192","1":"product","2":"type-product","3":"status-publish","4":"has-post-thumbnail","6":"product_cat-matot-model-3","7":"product_cat-model-3","8":"product_cat-tesla-tuotteet","9":"product_tag-autotarvikkeet","10":"product_tag-kuramatot","11":"product_tag-model-3","12":"product_tag-tesla","14":"first","15":"outofstock","16":"taxable","17":"shipping-taxable","18":"purchasable","19":"product-type-simple"},"jetpack_sharing_enabled":true,"_links":{"self":[{"href":"https:\/\/www.vempele.fi\/no\/wp-json\/wp\/v2\/product\/40192","targetHints":{"allow":["GET"]}}],"collection":[{"href":"https:\/\/www.vempele.fi\/no\/wp-json\/wp\/v2\/product"}],"about":[{"href":"https:\/\/www.vempele.fi\/no\/wp-json\/wp\/v2\/types\/product"}],"replies":[{"embeddable":true,"href":"https:\/\/www.vempele.fi\/no\/wp-json\/wp\/v2\/comments?post=40192"}],"wp:featuredmedia":[{"embeddable":true,"href":"https:\/\/www.vempele.fi\/no\/wp-json\/wp\/v2\/media\/40194"}],"wp:attachment":[{"href":"https:\/\/www.vempele.fi\/no\/wp-json\/wp\/v2\/media?parent=40192"}],"wp:term":[{"taxonomy":"product_brand","embeddable":true,"href":"https:\/\/www.vempele.fi\/no\/wp-json\/wp\/v2\/product_brand?post=40192"},{"taxonomy":"product_cat","embeddable":true,"href":"https:\/\/www.vempele.fi\/no\/wp-json\/wp\/v2\/product_cat?post=40192"},{"taxonomy":"product_tag","embeddable":true,"href":"https:\/\/www.vempele.fi\/no\/wp-json\/wp\/v2\/product_tag?post=40192"}],"curies":[{"name":"wp","href":"https:\/\/api.w.org\/{rel}","templated":true}]}}