{"id":44811,"date":"2025-12-23T18:16:47","date_gmt":"2025-12-23T16:16:47","guid":{"rendered":"https:\/\/www.vempele.fi\/?post_type=product&#038;p=44811"},"modified":"2026-04-16T06:13:23","modified_gmt":"2026-04-16T03:13:23","slug":"bakdorapner-2stk-tesla-modell-3-y","status":"publish","type":"product","link":"https:\/\/www.vempele.fi\/no\/tuote\/takaoven-hataaukaisin-2kpl-tesla-model-3-y\/","title":{"rendered":"N\u00f8dutl\u00f8ser for bakd\u00f8r 2 stk - Tesla Model 3 \/ Y"},"content":{"rendered":"<p>N\u00f8dutl\u00f8ser for bakd\u00f8r 2 stk - Tesla Model 3 \/ Y<\/p>\n<ul>\n<li>\u00a0Kompatibilitet:\n<ul>\n<li>Modell Y 2020 - 2024<\/li>\n<li>Modell Y 2025 -&gt; (Juniper)<\/li>\n<li>Model 3 Pre-Refresh vm. 2019 - 2021<\/li>\n<li>Model 3 Refresh vm. 2021 - 2023<\/li>\n<li>Modell 3 Highland 2024 -&gt;<\/li>\n<\/ul>\n<\/li>\n<\/ul>","protected":false},"excerpt":{"rendered":"<p>N\u00f8dutl\u00f8ser for bakd\u00f8r 2 stk - Tesla Model 3 \/ Y<\/p>\n<p>Hvis bilen av en eller annen grunn mister str\u00f8mmen, vil ikke d\u00f8rene fungere ved hjelp av tradisjonelle knapper. N\u00f8d\u00e5pningen av bakd\u00f8rene er godt skjult inne i d\u00f8rkledningen, men med dette produktet kan du \u00e5pne d\u00f8ren raskt hvis det er n\u00f8dvendig. Enkel \u00e5 montere, og snoren fester seg godt til kamoverflaten takket v\u00e6re borrel\u00e5sen.<\/p>\n<p>Monteres p\u00e5 vaierkoblingen p\u00e5 innsiden av luken i bakd\u00f8rhuset.<\/p>","protected":false},"featured_media":44813,"comment_status":"open","ping_status":"closed","template":"","meta":[],"product_brand":[],"product_cat":[15],"product_tag":[],"class_list":{"0":"post-44811","1":"product","2":"type-product","3":"status-publish","4":"has-post-thumbnail","6":"product_cat-kategorisoimaton","8":"first","9":"instock","10":"taxable","11":"shipping-taxable","12":"purchasable","13":"product-type-simple"},"jetpack_sharing_enabled":true,"_links":{"self":[{"href":"https:\/\/www.vempele.fi\/no\/wp-json\/wp\/v2\/product\/44811","targetHints":{"allow":["GET"]}}],"collection":[{"href":"https:\/\/www.vempele.fi\/no\/wp-json\/wp\/v2\/product"}],"about":[{"href":"https:\/\/www.vempele.fi\/no\/wp-json\/wp\/v2\/types\/product"}],"replies":[{"embeddable":true,"href":"https:\/\/www.vempele.fi\/no\/wp-json\/wp\/v2\/comments?post=44811"}],"wp:featuredmedia":[{"embeddable":true,"href":"https:\/\/www.vempele.fi\/no\/wp-json\/wp\/v2\/media\/44813"}],"wp:attachment":[{"href":"https:\/\/www.vempele.fi\/no\/wp-json\/wp\/v2\/media?parent=44811"}],"wp:term":[{"taxonomy":"product_brand","embeddable":true,"href":"https:\/\/www.vempele.fi\/no\/wp-json\/wp\/v2\/product_brand?post=44811"},{"taxonomy":"product_cat","embeddable":true,"href":"https:\/\/www.vempele.fi\/no\/wp-json\/wp\/v2\/product_cat?post=44811"},{"taxonomy":"product_tag","embeddable":true,"href":"https:\/\/www.vempele.fi\/no\/wp-json\/wp\/v2\/product_tag?post=44811"}],"curies":[{"name":"wp","href":"https:\/\/api.w.org\/{rel}","templated":true}]}}