{"id":46586,"date":"2026-03-27T13:23:24","date_gmt":"2026-03-27T11:23:24","guid":{"rendered":"https:\/\/www.vempele.fi\/?post_type=product&#038;p=46586"},"modified":"2026-04-07T15:52:53","modified_gmt":"2026-04-07T12:52:53","slug":"ovre-kontrollarm-venstre-side-febi-bilstein-model-s","status":"publish","type":"product","link":"https:\/\/www.vempele.fi\/no\/tuote\/etuakselin-ylatukivarsi-vasen-puoli-febi-bilstein-model-s\/","title":{"rendered":"\u00d8vre b\u00e6rearm, venstre side \u2013 Febi Bilstein \u2013 Model S"},"content":{"rendered":"<p>Venstre \u00f8vre b\u00e6rearm p\u00e5 forakselen<\/p>\n<ul>\n<li>Produsent: Febi Bilstein<\/li>\n<li>Produsentens varenummer: 175623<\/li>\n<li>OE-nummer oppgitt av produsenten:\n<ul>\n<li>6006532-00-B<\/li>\n<li>1043965-00-A<\/li>\n<li>1043965-00-B<\/li>\n<li>1420321-00-C<\/li>\n<li>6006532-00-A<\/li>\n<\/ul>\n<\/li>\n<li>Egnethet:\n<ul>\n<li>Model S - 2012 - 2021<\/li>\n<\/ul>\n<\/li>\n<li>Materiale: Presset st\u00e5l<\/li>\n<li>Vekt: ca. 2,6 kg<\/li>\n<\/ul>","protected":false},"excerpt":{"rendered":"<p>Produsentens Febi Bilstein \u00f8vre kontrollarm for forakselen, venstre side. Passer Model S.<\/p>","protected":false},"featured_media":46587,"comment_status":"open","ping_status":"closed","template":"","meta":[],"product_brand":[740],"product_cat":[152,473],"product_tag":[122,476,319],"class_list":{"0":"post-46586","1":"product","2":"type-product","3":"status-publish","4":"has-post-thumbnail","6":"product_brand-febi-bilstein","7":"product_cat-model-s","8":"product_cat-varaosat-model-s","9":"product_tag-tesla-model-s","10":"product_tag-tukivarsi","11":"product_tag-varaosat","13":"first","14":"instock","15":"taxable","16":"shipping-taxable","17":"purchasable","18":"product-type-simple"},"jetpack_sharing_enabled":true,"_links":{"self":[{"href":"https:\/\/www.vempele.fi\/no\/wp-json\/wp\/v2\/product\/46586","targetHints":{"allow":["GET"]}}],"collection":[{"href":"https:\/\/www.vempele.fi\/no\/wp-json\/wp\/v2\/product"}],"about":[{"href":"https:\/\/www.vempele.fi\/no\/wp-json\/wp\/v2\/types\/product"}],"replies":[{"embeddable":true,"href":"https:\/\/www.vempele.fi\/no\/wp-json\/wp\/v2\/comments?post=46586"}],"wp:featuredmedia":[{"embeddable":true,"href":"https:\/\/www.vempele.fi\/no\/wp-json\/wp\/v2\/media\/46587"}],"wp:attachment":[{"href":"https:\/\/www.vempele.fi\/no\/wp-json\/wp\/v2\/media?parent=46586"}],"wp:term":[{"taxonomy":"product_brand","embeddable":true,"href":"https:\/\/www.vempele.fi\/no\/wp-json\/wp\/v2\/product_brand?post=46586"},{"taxonomy":"product_cat","embeddable":true,"href":"https:\/\/www.vempele.fi\/no\/wp-json\/wp\/v2\/product_cat?post=46586"},{"taxonomy":"product_tag","embeddable":true,"href":"https:\/\/www.vempele.fi\/no\/wp-json\/wp\/v2\/product_tag?post=46586"}],"curies":[{"name":"wp","href":"https:\/\/api.w.org\/{rel}","templated":true}]}}