{"id":46929,"date":"2026-04-08T14:47:09","date_gmt":"2026-04-08T11:47:09","guid":{"rendered":"https:\/\/www.vempele.fi\/?post_type=product&#038;p=46929"},"modified":"2026-04-08T16:05:36","modified_gmt":"2026-04-08T13:05:36","slug":"ovre-baerearm-hoyre-side-nty-model-s","status":"publish","type":"product","link":"https:\/\/www.vempele.fi\/no\/tuote\/etuakselin-ylatukivarsi-oikea-puoli-nty-model-s\/","title":{"rendered":"\u00d8vre b\u00e6rearm, h\u00f8yre side \u2013 NTY \u2013 Model S"},"content":{"rendered":"<p>\u00d8vre b\u00e6rearm, h\u00f8yre side \u2013 NTY \u2013 Model S<\/p>\n<ul>\n<li>Produsent: NTY<\/li>\n<li>Produsentens produktnummer:\n<ul>\n<li>\n<div class=\"artrow ofpvZWGCH052 ofpCoderow\">\n<div class=\"artvalue ofpvZWGCH052 ofpCode\">ZWG-CH-052<\/div>\n<\/div>\n<\/li>\n<\/ul>\n<\/li>\n<li>OE-nummer oppgitt av produsenten:\n<ul>\n<li>6008930-00-B<\/li>\n<li>1043966-00-A<\/li>\n<li>1043966-00-B<\/li>\n<li>6008930-00-A<\/li>\n<\/ul>\n<\/li>\n<li>Egnethet:<br \/>\nModel S - 2012 - 2021<\/li>\n<li>Materiale: Presset st\u00e5l<\/li>\n<\/ul>","protected":false},"excerpt":{"rendered":"<p>Produsentens NTY \u00f8vre kontrollarm for forakselen, h\u00f8yre side. Passer Model S.<\/p>","protected":false},"featured_media":46931,"comment_status":"open","ping_status":"closed","template":"","meta":[],"product_brand":[802],"product_cat":[152,473],"product_tag":[172,121,476,319],"class_list":{"0":"post-46929","1":"product","2":"type-product","3":"status-publish","4":"has-post-thumbnail","6":"product_brand-nty","7":"product_cat-model-s","8":"product_cat-varaosat-model-s","9":"product_tag-model-s","10":"product_tag-tesla","11":"product_tag-tukivarsi","12":"product_tag-varaosat","14":"first","15":"instock","16":"taxable","17":"shipping-taxable","18":"purchasable","19":"product-type-simple"},"jetpack_sharing_enabled":true,"_links":{"self":[{"href":"https:\/\/www.vempele.fi\/no\/wp-json\/wp\/v2\/product\/46929","targetHints":{"allow":["GET"]}}],"collection":[{"href":"https:\/\/www.vempele.fi\/no\/wp-json\/wp\/v2\/product"}],"about":[{"href":"https:\/\/www.vempele.fi\/no\/wp-json\/wp\/v2\/types\/product"}],"replies":[{"embeddable":true,"href":"https:\/\/www.vempele.fi\/no\/wp-json\/wp\/v2\/comments?post=46929"}],"wp:featuredmedia":[{"embeddable":true,"href":"https:\/\/www.vempele.fi\/no\/wp-json\/wp\/v2\/media\/46931"}],"wp:attachment":[{"href":"https:\/\/www.vempele.fi\/no\/wp-json\/wp\/v2\/media?parent=46929"}],"wp:term":[{"taxonomy":"product_brand","embeddable":true,"href":"https:\/\/www.vempele.fi\/no\/wp-json\/wp\/v2\/product_brand?post=46929"},{"taxonomy":"product_cat","embeddable":true,"href":"https:\/\/www.vempele.fi\/no\/wp-json\/wp\/v2\/product_cat?post=46929"},{"taxonomy":"product_tag","embeddable":true,"href":"https:\/\/www.vempele.fi\/no\/wp-json\/wp\/v2\/product_tag?post=46929"}],"curies":[{"name":"wp","href":"https:\/\/api.w.org\/{rel}","templated":true}]}}