{"id":47150,"date":"2026-04-16T21:33:14","date_gmt":"2026-04-16T18:33:14","guid":{"rendered":"https:\/\/www.vempele.fi\/?post_type=product&#038;p=47150"},"modified":"2026-04-16T21:33:15","modified_gmt":"2026-04-16T18:33:15","slug":"vetoakseli-eteen-vasemmalle-nty-model-s","status":"publish","type":"product","link":"https:\/\/www.vempele.fi\/no\/tuote\/vetoakseli-eteen-vasemmalle-nty-model-s\/","title":{"rendered":"Vetoakseli, eteen vasemmalle &#8211; NTY &#8211; Model S"},"content":{"rendered":"<ul>\n<li>Valmistajan tuotenumero: NPW-CH-118<\/li>\n<li>OE-nummer oppgitt av produsenten:\n<ul>\n<li>1030615-00-A<\/li>\n<\/ul>\n<\/li>\n<li>Egnethet:\n<ul>\n<li>Modell S\n<ul>\n<li>60\/60D\/70\/70D\/75\/75D\/85\/85D\/90D\/100D\/P85 2014 -&gt;<\/li>\n<\/ul>\n<\/li>\n<\/ul>\n<\/li>\n<li>Ytterligere informasjon:\n<ul>\n<li>Pituus: 774mm<\/li>\n<li>Hammastus renkaan p\u00e4\u00e4ss\u00e4: 30<\/li>\n<li>Hammastus tasauspy\u00f6r\u00e4st\u00f6n p\u00e4\u00e4ss\u00e4: 29<\/li>\n<\/ul>\n<\/li>\n<li>Paino: n. 8,9kg<\/li>\n<\/ul>","protected":false},"excerpt":{"rendered":"<p>Vetoakseli, eteen vasemmalle &#8211; NTY &#8211; Model S<\/p>","protected":false},"featured_media":47151,"comment_status":"open","ping_status":"closed","template":"","meta":[],"product_brand":[802],"product_cat":[152,473],"product_tag":[172,848,319,687,746,686],"class_list":{"0":"post-47150","1":"product","2":"type-product","3":"status-publish","4":"has-post-thumbnail","6":"product_brand-nty","7":"product_cat-model-s","8":"product_cat-varaosat-model-s","9":"product_tag-model-s","10":"product_tag-varaosa","11":"product_tag-varaosat","12":"product_tag-vetari","13":"product_tag-vetoakseli","14":"product_tag-vetonivel","16":"first","17":"instock","18":"taxable","19":"shipping-taxable","20":"purchasable","21":"product-type-simple"},"jetpack_sharing_enabled":true,"_links":{"self":[{"href":"https:\/\/www.vempele.fi\/no\/wp-json\/wp\/v2\/product\/47150","targetHints":{"allow":["GET"]}}],"collection":[{"href":"https:\/\/www.vempele.fi\/no\/wp-json\/wp\/v2\/product"}],"about":[{"href":"https:\/\/www.vempele.fi\/no\/wp-json\/wp\/v2\/types\/product"}],"replies":[{"embeddable":true,"href":"https:\/\/www.vempele.fi\/no\/wp-json\/wp\/v2\/comments?post=47150"}],"wp:featuredmedia":[{"embeddable":true,"href":"https:\/\/www.vempele.fi\/no\/wp-json\/wp\/v2\/media\/47151"}],"wp:attachment":[{"href":"https:\/\/www.vempele.fi\/no\/wp-json\/wp\/v2\/media?parent=47150"}],"wp:term":[{"taxonomy":"product_brand","embeddable":true,"href":"https:\/\/www.vempele.fi\/no\/wp-json\/wp\/v2\/product_brand?post=47150"},{"taxonomy":"product_cat","embeddable":true,"href":"https:\/\/www.vempele.fi\/no\/wp-json\/wp\/v2\/product_cat?post=47150"},{"taxonomy":"product_tag","embeddable":true,"href":"https:\/\/www.vempele.fi\/no\/wp-json\/wp\/v2\/product_tag?post=47150"}],"curies":[{"name":"wp","href":"https:\/\/api.w.org\/{rel}","templated":true}]}}