{"id":47152,"date":"2026-04-16T21:31:52","date_gmt":"2026-04-16T18:31:52","guid":{"rendered":"https:\/\/www.vempele.fi\/?post_type=product&#038;p=47152"},"modified":"2026-04-16T21:31:53","modified_gmt":"2026-04-16T18:31:53","slug":"valiakseli-eteen-oikealle-nty-model-s-x","status":"publish","type":"product","link":"https:\/\/www.vempele.fi\/no\/tuote\/valiakseli-eteen-oikealle-nty-model-s-x\/","title":{"rendered":"V\u00e4liakseli, eteen oikealle &#8211; NTY &#8211; Model S \/ X"},"content":{"rendered":"<ul>\n<li>Valmistajan tuotenumero: NWP-CH-003<\/li>\n<li>OE-nummer oppgitt av produsenten:\n<ul>\n<li>1030632-00-A<\/li>\n<\/ul>\n<\/li>\n<li>Egnethet:\n<ul>\n<li>Model X 2015 -&gt;<\/li>\n<li>Model S 2014 -&gt;<\/li>\n<\/ul>\n<\/li>\n<li>Ytterligere informasjon:\n<ul>\n<li>Pituus: 248mm<\/li>\n<li>Hammastus renkaan p\u00e4\u00e4ss\u00e4: 27<\/li>\n<li>Hammastus tasauspy\u00f6r\u00e4st\u00f6n p\u00e4\u00e4ss\u00e4: 29<\/li>\n<\/ul>\n<\/li>\n<li>Paino: n. 1kg<\/li>\n<\/ul>","protected":false},"excerpt":{"rendered":"<p>V\u00e4liakseli, eteen oikealle &#8211; NTY &#8211; Model S \/ X<\/p>","protected":false},"featured_media":47153,"comment_status":"open","ping_status":"closed","template":"","meta":[],"product_brand":[802],"product_cat":[152,153,473,474],"product_tag":[173,864,865,848,319,687,746,686],"class_list":{"0":"post-47152","1":"product","2":"type-product","3":"status-publish","4":"has-post-thumbnail","6":"product_brand-nty","7":"product_cat-model-s","8":"product_cat-model-x","9":"product_cat-varaosat-model-s","10":"product_cat-varaosat-model-x","11":"product_tag-model-x","12":"product_tag-modes-s","13":"product_tag-valiakseli","14":"product_tag-varaosa","15":"product_tag-varaosat","16":"product_tag-vetari","17":"product_tag-vetoakseli","18":"product_tag-vetonivel","20":"first","21":"instock","22":"taxable","23":"shipping-taxable","24":"purchasable","25":"product-type-simple"},"jetpack_sharing_enabled":true,"_links":{"self":[{"href":"https:\/\/www.vempele.fi\/no\/wp-json\/wp\/v2\/product\/47152","targetHints":{"allow":["GET"]}}],"collection":[{"href":"https:\/\/www.vempele.fi\/no\/wp-json\/wp\/v2\/product"}],"about":[{"href":"https:\/\/www.vempele.fi\/no\/wp-json\/wp\/v2\/types\/product"}],"replies":[{"embeddable":true,"href":"https:\/\/www.vempele.fi\/no\/wp-json\/wp\/v2\/comments?post=47152"}],"wp:featuredmedia":[{"embeddable":true,"href":"https:\/\/www.vempele.fi\/no\/wp-json\/wp\/v2\/media\/47153"}],"wp:attachment":[{"href":"https:\/\/www.vempele.fi\/no\/wp-json\/wp\/v2\/media?parent=47152"}],"wp:term":[{"taxonomy":"product_brand","embeddable":true,"href":"https:\/\/www.vempele.fi\/no\/wp-json\/wp\/v2\/product_brand?post=47152"},{"taxonomy":"product_cat","embeddable":true,"href":"https:\/\/www.vempele.fi\/no\/wp-json\/wp\/v2\/product_cat?post=47152"},{"taxonomy":"product_tag","embeddable":true,"href":"https:\/\/www.vempele.fi\/no\/wp-json\/wp\/v2\/product_tag?post=47152"}],"curies":[{"name":"wp","href":"https:\/\/api.w.org\/{rel}","templated":true}]}}