{"id":47552,"date":"2026-04-29T10:07:17","date_gmt":"2026-04-29T07:07:17","guid":{"rendered":"https:\/\/www.vempele.fi\/?post_type=product&#038;p=47552"},"modified":"2026-04-29T10:07:18","modified_gmt":"2026-04-29T07:07:18","slug":"raidetangon-paa-sisempi-tarvike-model-3-y-s-x","status":"publish","type":"product","link":"https:\/\/www.vempele.fi\/no\/tuote\/raidetangon-paa-sisempi-tarvike-model-3-y-s-x\/","title":{"rendered":"Raidetangon p\u00e4\u00e4, sisempi \u2013 Tarvike &#8211; Model 3 \/ Y \/ S \/ X"},"content":{"rendered":"<p>Raidetangon p\u00e4\u00e4, sisempi \u2013 Tarvike &#8211; Model 3 \/ Y \/ S \/ X<\/p>\n<ul>\n<li>Egnethet:\n<ul>\n<li>Model 3 Pre-Refresh vm. 2019 - 2021<\/li>\n<li>Model 3 Refresh vm. 2021 - 2023<\/li>\n<li>Modell Y 2020 - 2024<\/li>\n<li>Model S 2012 &#8211; 2020. Varmista sopivuus!<\/li>\n<li>Model X 2016 &#8211; 2020. Varmista sopivuus!<\/li>\n<\/ul>\n<\/li>\n<li>Tesla-reservedelsnumre oppgitt av produsenten:\n<ul>\n<li>1044741-00-E<\/li>\n<li>1044831-00-F<\/li>\n<li>1060801-00-E<\/li>\n<\/ul>\n<\/li>\n<li>Ytterligere informasjon:\n<ul>\n<li>Sis\u00e4p\u00e4\u00e4n kierre: M16 x 1,5<\/li>\n<li>Ulkop\u00e4\u00e4n kierre M14 x 1,5<\/li>\n<li>Pituus: n. 265mm<\/li>\n<li>Vekt: ca. 0,6 kg<\/li>\n<\/ul>\n<\/li>\n<\/ul>","protected":false},"excerpt":{"rendered":"<p>Tarvikemallin raidetangon sisempi p\u00e4\u00e4. Sopii oikealle ja vasemmalle.<\/p>","protected":false},"featured_media":47555,"comment_status":"open","ping_status":"closed","template":"","meta":[],"product_brand":[894],"product_cat":[151,152,153,154,471,473,474,472],"product_tag":[156,271,663,897,121,848,319],"class_list":{"0":"post-47552","1":"product","2":"type-product","3":"status-publish","4":"has-post-thumbnail","6":"product_brand-tarvike","7":"product_cat-model-3","8":"product_cat-model-s","9":"product_cat-model-x","10":"product_cat-model-y","11":"product_cat-model-3-varaosat","12":"product_cat-varaosat-model-s","13":"product_cat-varaosat-model-x","14":"product_cat-varaosat-model-y","15":"product_tag-model-3","16":"product_tag-model-y","17":"product_tag-raidetangon-paa","18":"product_tag-raidetanko","19":"product_tag-tesla","20":"product_tag-varaosa","21":"product_tag-varaosat","23":"first","24":"instock","25":"taxable","26":"shipping-taxable","27":"purchasable","28":"product-type-simple"},"jetpack_sharing_enabled":true,"_links":{"self":[{"href":"https:\/\/www.vempele.fi\/no\/wp-json\/wp\/v2\/product\/47552","targetHints":{"allow":["GET"]}}],"collection":[{"href":"https:\/\/www.vempele.fi\/no\/wp-json\/wp\/v2\/product"}],"about":[{"href":"https:\/\/www.vempele.fi\/no\/wp-json\/wp\/v2\/types\/product"}],"replies":[{"embeddable":true,"href":"https:\/\/www.vempele.fi\/no\/wp-json\/wp\/v2\/comments?post=47552"}],"wp:featuredmedia":[{"embeddable":true,"href":"https:\/\/www.vempele.fi\/no\/wp-json\/wp\/v2\/media\/47555"}],"wp:attachment":[{"href":"https:\/\/www.vempele.fi\/no\/wp-json\/wp\/v2\/media?parent=47552"}],"wp:term":[{"taxonomy":"product_brand","embeddable":true,"href":"https:\/\/www.vempele.fi\/no\/wp-json\/wp\/v2\/product_brand?post=47552"},{"taxonomy":"product_cat","embeddable":true,"href":"https:\/\/www.vempele.fi\/no\/wp-json\/wp\/v2\/product_cat?post=47552"},{"taxonomy":"product_tag","embeddable":true,"href":"https:\/\/www.vempele.fi\/no\/wp-json\/wp\/v2\/product_tag?post=47552"}],"curies":[{"name":"wp","href":"https:\/\/api.w.org\/{rel}","templated":true}]}}