{"id":5966,"date":"2020-08-18T14:47:41","date_gmt":"2020-08-18T11:47:41","guid":{"rendered":"https:\/\/www.vempele.fi\/?post_type=product&#038;p=5966"},"modified":"2026-03-27T15:56:20","modified_gmt":"2026-03-27T13:56:20","slug":"tesla-modell-3-veivhus","status":"publish","type":"product","link":"https:\/\/www.vempele.fi\/no\/tuote\/tesla-model-3-kuralapat\/","title":{"rendered":"Snarveier - Tesla Model 3"},"content":{"rendered":"<p>Tesla Model 3 formede skjermbeskyttere. Pakken inneholder 4 deler (foran og bak p\u00e5 begge sider) og de n\u00f8dvendige monteringsnaglene med stift.<\/p>\n<p><strong>Mer informasjon<\/strong><\/p>\n<ul>\n<li>Egnethet:\n<ul>\n<li>Model 3 Pre-Refresh vm. 2019 - 2021<\/li>\n<li>Model 3 Refresh vm. 2021 - 2023<\/li>\n<\/ul>\n<\/li>\n<li>Materiale: ABS-plast<\/li>\n<li>Farge: Svart<\/li>\n<li>Inkludert i pakken:\n<ul>\n<li>4 x sveivh\u00e5ndtak, komplett sett<\/li>\n<li>9 x festnagler med stift<\/li>\n<li>8 x metallskruer<\/li>\n<\/ul>\n<\/li>\n<\/ul>","protected":false},"excerpt":{"rendered":"<p>Pakken inneholder 4 stk. gassbeskyttere designet for Tesla Model 3, foran og bak.<\/p>\n<p>Du kan bruke de eksisterende plastinnsatsene for innerdekselet eller festeskruene som f\u00f8lger med i pakken. Denne modellen trenger ikke \u00e5 bores separat i innerbekledningen, bare de eksisterende hullene brukes.<\/p>\n<p>Suosittelemme <a href=\"https:\/\/www.vempele.fi\/no\/product-2\/steintape-5-cm-eller-10-cm-x-100-cm\/\">PPF-suikaleiden<\/a> k\u00e4ytt\u00f6\u00e4 suojaamaan auton maalipintaa ja kaksipuoleista teippi\u00e4 auttamaan l\u00e4ppien kiinnityksess\u00e4 (ei mukana pakkauksessa).<\/p>","protected":false},"featured_media":44812,"comment_status":"open","ping_status":"closed","template":"","meta":[],"product_brand":[],"product_cat":[151,452,481,128],"product_tag":[83,270,121,120],"class_list":{"0":"post-5966","1":"product","2":"type-product","3":"status-publish","4":"has-post-thumbnail","6":"product_cat-model-3","7":"product_cat-m3-tarvikkeet","8":"product_cat-tarvikkeet-ulkopuolelle-model-3","9":"product_cat-tesla-tuotteet","10":"product_tag-autotarvikkeet","11":"product_tag-kuralapat","12":"product_tag-tesla","13":"product_tag-tesla-model-3","15":"first","16":"outofstock","17":"taxable","18":"shipping-taxable","19":"purchasable","20":"product-type-simple"},"jetpack_sharing_enabled":true,"_links":{"self":[{"href":"https:\/\/www.vempele.fi\/no\/wp-json\/wp\/v2\/product\/5966","targetHints":{"allow":["GET"]}}],"collection":[{"href":"https:\/\/www.vempele.fi\/no\/wp-json\/wp\/v2\/product"}],"about":[{"href":"https:\/\/www.vempele.fi\/no\/wp-json\/wp\/v2\/types\/product"}],"replies":[{"embeddable":true,"href":"https:\/\/www.vempele.fi\/no\/wp-json\/wp\/v2\/comments?post=5966"}],"wp:featuredmedia":[{"embeddable":true,"href":"https:\/\/www.vempele.fi\/no\/wp-json\/wp\/v2\/media\/44812"}],"wp:attachment":[{"href":"https:\/\/www.vempele.fi\/no\/wp-json\/wp\/v2\/media?parent=5966"}],"wp:term":[{"taxonomy":"product_brand","embeddable":true,"href":"https:\/\/www.vempele.fi\/no\/wp-json\/wp\/v2\/product_brand?post=5966"},{"taxonomy":"product_cat","embeddable":true,"href":"https:\/\/www.vempele.fi\/no\/wp-json\/wp\/v2\/product_cat?post=5966"},{"taxonomy":"product_tag","embeddable":true,"href":"https:\/\/www.vempele.fi\/no\/wp-json\/wp\/v2\/product_tag?post=5966"}],"curies":[{"name":"wp","href":"https:\/\/api.w.org\/{rel}","templated":true}]}}