{"id":6039,"date":"2020-09-29T14:49:46","date_gmt":"2020-09-29T11:49:46","guid":{"rendered":"https:\/\/www.vempele.fi\/?post_type=product&#038;p=6039"},"modified":"2025-12-16T20:38:57","modified_gmt":"2025-12-16T18:38:57","slug":"tesla-modell-3-bagasjeromsgulv-lyddemper","status":"publish","type":"product","link":"https:\/\/www.vempele.fi\/no\/tuote\/tesla-model-3-takakontin-vaimennusmatto\/","title":{"rendered":"Lyddemper i bagasjeromsgulvet - Tesla Model 3"},"content":{"rendered":"<p><strong>Installasjonsinstruksjoner<\/strong><\/p>\n<p>Lett \u00e5 installere. Rengj\u00f8r omr\u00e5dene som skal teipes, fjern de r\u00f8de klistremerkene og trykk teppet jevnt p\u00e5 alle sider. Den lange limflaten og kanten av matten skal plasseres under kanten av bakluketetningen. Her m\u00e5 man v\u00e6re forsiktig slik at limet fester seg godt. P\u00e5 min egen bil var jeg for rask og m\u00e5tte legge p\u00e5 et ekstra lag med dobbeltsidig tape da teppekanten ikke festet seg under pakningen p\u00e5 f\u00f8rste fors\u00f8k, til tross for limet.<\/p>\n<p><b>Mer informasjon<\/b><\/p>\n<ul>\n<li>Egnethet:\n<ul>\n<li>Model 3 Pre-Refresh vm. 2019 - 2021<\/li>\n<li>Model 3 Refresh vm. 2021 - 2023<\/li>\n<\/ul>\n<\/li>\n<li>Plassering i kj\u00f8ret\u00f8yet: bagasjerom<\/li>\n<li>Materiale: PVC<\/li>\n<li>Farge: Svart<\/li>\n<li>Inkludert i pakken:\n<ul>\n<li>1 x dempematte for bagasjerommet<\/li>\n<li>6 x festeskruer og tilbeh\u00f8r<\/li>\n<\/ul>\n<\/li>\n<li>M\u00e5l: bredde fra bunnen (smalere del p\u00e5 bildene) 96 cm, bredde fra toppen 108,5 cm (p\u00e5 det bredeste punktet) og dybde 76 cm.<\/li>\n<li>Vekt med festetilbeh\u00f8r 0,640 kg<\/li>\n<\/ul>","protected":false},"excerpt":{"rendered":"<p>Tesla Model 3 lyddemper for bagasjeromsgulvet. Produktet leveres med selvklebende strips for \u00e5 sikre at matten sitter godt p\u00e5 plass. Produktet er designet for \u00e5 redusere ekstern st\u00f8y ved h\u00f8ye hastigheter. Du skal ikke forvente mirakler fra lyddemperen - i hvert fall if\u00f8lge Tesla Bj\u00f6rns tester er det ingen m\u00e5lbar effekt, men den er finere \u00e5 se p\u00e5 enn en bar metalloverflate...<\/p>\n<p>Beregnet for Tesla Model 3. Forsikre deg om at den passer f\u00f8r du kj\u00f8per.<\/p>","protected":false},"featured_media":6051,"comment_status":"open","ping_status":"closed","template":"","meta":[],"product_brand":[],"product_cat":[151,452,480,128],"product_tag":[121,120,370],"class_list":{"0":"post-6039","1":"product","2":"type-product","3":"status-publish","4":"has-post-thumbnail","6":"product_cat-model-3","7":"product_cat-m3-tarvikkeet","8":"product_cat-tarvikkeet-sisapuolelle-model-3","9":"product_cat-tesla-tuotteet","10":"product_tag-tesla","11":"product_tag-tesla-model-3","12":"product_tag-vaimennusmatto","13":"product_shipping_class-nouto","15":"first","16":"instock","17":"taxable","18":"shipping-taxable","19":"purchasable","20":"product-type-simple"},"jetpack_sharing_enabled":true,"_links":{"self":[{"href":"https:\/\/www.vempele.fi\/no\/wp-json\/wp\/v2\/product\/6039","targetHints":{"allow":["GET"]}}],"collection":[{"href":"https:\/\/www.vempele.fi\/no\/wp-json\/wp\/v2\/product"}],"about":[{"href":"https:\/\/www.vempele.fi\/no\/wp-json\/wp\/v2\/types\/product"}],"replies":[{"embeddable":true,"href":"https:\/\/www.vempele.fi\/no\/wp-json\/wp\/v2\/comments?post=6039"}],"wp:featuredmedia":[{"embeddable":true,"href":"https:\/\/www.vempele.fi\/no\/wp-json\/wp\/v2\/media\/6051"}],"wp:attachment":[{"href":"https:\/\/www.vempele.fi\/no\/wp-json\/wp\/v2\/media?parent=6039"}],"wp:term":[{"taxonomy":"product_brand","embeddable":true,"href":"https:\/\/www.vempele.fi\/no\/wp-json\/wp\/v2\/product_brand?post=6039"},{"taxonomy":"product_cat","embeddable":true,"href":"https:\/\/www.vempele.fi\/no\/wp-json\/wp\/v2\/product_cat?post=6039"},{"taxonomy":"product_tag","embeddable":true,"href":"https:\/\/www.vempele.fi\/no\/wp-json\/wp\/v2\/product_tag?post=6039"}],"curies":[{"name":"wp","href":"https:\/\/api.w.org\/{rel}","templated":true}]}}