{"id":6081,"date":"2020-10-12T12:29:29","date_gmt":"2020-10-12T09:29:29","guid":{"rendered":"https:\/\/www.vempele.fi\/?post_type=product&#038;p=6081"},"modified":"2026-04-14T12:53:56","modified_gmt":"2026-04-14T09:53:56","slug":"feste-nagle-med-stift","status":"publish","type":"product","link":"https:\/\/www.vempele.fi\/no\/tuote\/kiinnitysniitti-nastalla\/","title":{"rendered":"Feste nagle med stift"},"content":{"rendered":"<p><strong>Installasjonsveiledning:<\/strong><\/p>\n<p>Trykk stiften inn i hullet p\u00e5 naglen. Stiften utvider spissen av naglen og l\u00e5ser den fast p\u00e5 plass. Merk! V\u00e5r nye versjon av produktet er st\u00f8rre enn forgjengeren, og det kan v\u00e6re n\u00f8dvendig \u00e5 bruke et hjelpemiddel for \u00e5 feste den. Pass p\u00e5 at naglen er rett. Hvis den trykkes inn med kraft i en vinkel, er det fare for at den brekker.<\/p>\n<p>For \u00e5 fjerne skruen fra naglen, sett for eksempel en meisel inn i utsparingen p\u00e5 naglen og l\u00f8ft skruen.<\/p>\n<p><strong>Produktinformasjon<\/strong><\/p>\n<p>Farge: svart<br \/>\nMateriale: plast<br \/>\nPassende hullst\u00f8rrelse: 8 mm<br \/>\nDiameter p\u00e5 skruehodet: 14 mm<br \/>\nSkruelengde: 18 mm<br \/>\nDiameter p\u00e5 nitteposisjon: 19 mm<br \/>\nLengde p\u00e5 naglene: 23 mm<br \/>\nTotal lengde: 24 mm<\/p>","protected":false},"excerpt":{"rendered":"<p>2.0 er st\u00f8rre enn forgjengeren, slik at du kan bruke den til \u00e5 feste veivpinnene p\u00e5 en sikrere m\u00e5te. Montering og demontering er fortsatt enkelt.<\/p>\n<p>Kompatibilitet med f.eks:<\/p>\n<ul>\n<li>Tesla Model 3 \/ Y \/ X \/ S<\/li>\n<li>VW Transporter, Caravelle og T6 Multivan<\/li>\n<\/ul>","protected":false},"featured_media":10950,"comment_status":"open","ping_status":"closed","template":"","meta":[],"product_brand":[],"product_cat":[151,152,153,154,452,453,454,455,481,484,486,483,128],"product_tag":[343,459,366,270,367,121,120,122],"class_list":{"0":"post-6081","1":"product","2":"type-product","3":"status-publish","4":"has-post-thumbnail","6":"product_cat-model-3","7":"product_cat-model-s","8":"product_cat-model-x","9":"product_cat-model-y","10":"product_cat-m3-tarvikkeet","11":"product_cat-ms-tarvikkeet","12":"product_cat-mx-tarvikkeet","13":"product_cat-my-tarvikkeet","14":"product_cat-tarvikkeet-ulkopuolelle-model-3","15":"product_cat-tarvikkeet-ulkopuolelle-model-s","16":"product_cat-tarvikkeet-ulkopuolelle-model-x","17":"product_cat-tarvikkeet-ulkopuolelle-model-y","18":"product_cat-tesla-tuotteet","19":"product_tag-kiinnitysniitti","20":"product_tag-kiinnitysniitti-nastalla","21":"product_tag-kiinnitysniitti-ruuvilla","22":"product_tag-kuralapat","23":"product_tag-ruuvi","24":"product_tag-tesla","25":"product_tag-tesla-model-3","26":"product_tag-tesla-model-s","28":"first","29":"instock","30":"taxable","31":"shipping-taxable","32":"purchasable","33":"product-type-simple"},"jetpack_sharing_enabled":true,"_links":{"self":[{"href":"https:\/\/www.vempele.fi\/no\/wp-json\/wp\/v2\/product\/6081","targetHints":{"allow":["GET"]}}],"collection":[{"href":"https:\/\/www.vempele.fi\/no\/wp-json\/wp\/v2\/product"}],"about":[{"href":"https:\/\/www.vempele.fi\/no\/wp-json\/wp\/v2\/types\/product"}],"replies":[{"embeddable":true,"href":"https:\/\/www.vempele.fi\/no\/wp-json\/wp\/v2\/comments?post=6081"}],"wp:featuredmedia":[{"embeddable":true,"href":"https:\/\/www.vempele.fi\/no\/wp-json\/wp\/v2\/media\/10950"}],"wp:attachment":[{"href":"https:\/\/www.vempele.fi\/no\/wp-json\/wp\/v2\/media?parent=6081"}],"wp:term":[{"taxonomy":"product_brand","embeddable":true,"href":"https:\/\/www.vempele.fi\/no\/wp-json\/wp\/v2\/product_brand?post=6081"},{"taxonomy":"product_cat","embeddable":true,"href":"https:\/\/www.vempele.fi\/no\/wp-json\/wp\/v2\/product_cat?post=6081"},{"taxonomy":"product_tag","embeddable":true,"href":"https:\/\/www.vempele.fi\/no\/wp-json\/wp\/v2\/product_tag?post=6081"}],"curies":[{"name":"wp","href":"https:\/\/api.w.org\/{rel}","templated":true}]}}