{"id":6117,"date":"2021-07-20T14:00:55","date_gmt":"2021-07-20T11:00:55","guid":{"rendered":"https:\/\/www.vempele.fi\/?post_type=product&#038;p=6117"},"modified":"2026-04-15T12:32:48","modified_gmt":"2026-04-15T09:32:48","slug":"koppholderadapter-tesla-model-3","status":"publish","type":"product","link":"https:\/\/www.vempele.fi\/no\/tuote\/kupinpidike-adapteri-tesla-model-3\/","title":{"rendered":"Adapter for clutchholder - Tesla Model 3"},"content":{"rendered":"<p>Koppholderadapter for Tesla Model 3 - reduserer omkretsen p\u00e5 koppholderen, noe som gj\u00f8r at koppene holder seg bedre p\u00e5 plass!<\/p>\n<p><strong>Produktinformasjon<\/strong><\/p>\n<ul>\n<li>Produktnavn: Adapter for koblingsholder<\/li>\n<li>Egnethet:\n<ul>\n<li>Model 3 Pre-Refresh vm. 2019 - 2021<\/li>\n<\/ul>\n<\/li>\n<li>Pakken inkluderer: 1 stk Kupinhalterikke-adaptere<\/li>\n<li>Utvendig omkrets: 70,4 mm<\/li>\n<li>Omkrets p\u00e5 sisternen: 67,3 mm<\/li>\n<li>H\u00f8yde: 59,4 mm<\/li>\n<li>Navn: Tesla Model 3 - Koppholderadapter<\/li>\n<\/ul>","protected":false},"excerpt":{"rendered":"<p>Tesla Model 3 - Med koppholderadapteren vil koppen ikke svikte! Reduserer omkretsen p\u00e5 koppholderen til 67,3 mm. Holder koppen oppreist i Teslas smidige bevegelser. Merk! Pakken inneholder 1 stk. koppholderadapter.<\/p>","protected":false},"featured_media":7124,"comment_status":"open","ping_status":"closed","template":"","meta":[],"product_brand":[],"product_cat":[151,452,480,128],"product_tag":[83,121,120],"class_list":{"0":"post-6117","1":"product","2":"type-product","3":"status-publish","4":"has-post-thumbnail","6":"product_cat-model-3","7":"product_cat-m3-tarvikkeet","8":"product_cat-tarvikkeet-sisapuolelle-model-3","9":"product_cat-tesla-tuotteet","10":"product_tag-autotarvikkeet","11":"product_tag-tesla","12":"product_tag-tesla-model-3","14":"first","15":"instock","16":"taxable","17":"shipping-taxable","18":"purchasable","19":"product-type-simple"},"jetpack_sharing_enabled":true,"_links":{"self":[{"href":"https:\/\/www.vempele.fi\/no\/wp-json\/wp\/v2\/product\/6117","targetHints":{"allow":["GET"]}}],"collection":[{"href":"https:\/\/www.vempele.fi\/no\/wp-json\/wp\/v2\/product"}],"about":[{"href":"https:\/\/www.vempele.fi\/no\/wp-json\/wp\/v2\/types\/product"}],"replies":[{"embeddable":true,"href":"https:\/\/www.vempele.fi\/no\/wp-json\/wp\/v2\/comments?post=6117"}],"wp:featuredmedia":[{"embeddable":true,"href":"https:\/\/www.vempele.fi\/no\/wp-json\/wp\/v2\/media\/7124"}],"wp:attachment":[{"href":"https:\/\/www.vempele.fi\/no\/wp-json\/wp\/v2\/media?parent=6117"}],"wp:term":[{"taxonomy":"product_brand","embeddable":true,"href":"https:\/\/www.vempele.fi\/no\/wp-json\/wp\/v2\/product_brand?post=6117"},{"taxonomy":"product_cat","embeddable":true,"href":"https:\/\/www.vempele.fi\/no\/wp-json\/wp\/v2\/product_cat?post=6117"},{"taxonomy":"product_tag","embeddable":true,"href":"https:\/\/www.vempele.fi\/no\/wp-json\/wp\/v2\/product_tag?post=6117"}],"curies":[{"name":"wp","href":"https:\/\/api.w.org\/{rel}","templated":true}]}}