{"id":6483,"date":"2021-04-13T10:30:51","date_gmt":"2021-04-13T07:30:51","guid":{"rendered":"https:\/\/www.vempele.fi\/?post_type=product&#038;p=6483"},"modified":"2026-04-18T10:15:10","modified_gmt":"2026-04-18T07:15:10","slug":"tesla-model-3-bagasjeromskroker-for-handleposer","status":"publish","type":"product","link":"https:\/\/www.vempele.fi\/no\/tuote\/tesla-model-3-takakontin-kauppakassikoukut\/","title":{"rendered":"Kroker til bagasjeromsposer - Tesla Model 3"},"content":{"rendered":"<ul>\n<li>Egnethet:\n<ul>\n<li>Model 3 Pre-Refresh vm. 2019 - 2021<\/li>\n<li>Model 3 Refresh vm. 2021 - 2023<\/li>\n<li>Modell 3 Highland vm 2023 -&gt;<\/li>\n<\/ul>\n<\/li>\n<li>Montering: skrus fast p\u00e5 bolten \u00f8verst p\u00e5 bagasjerommet<\/li>\n<li>Materiale: plast<\/li>\n<li>Farge: svart<\/li>\n<li>St\u00f8rrelse: ca. 70 x 70 x 45 mm<\/li>\n<li>Innhold i pakken: 1 x krok<\/li>\n<\/ul>","protected":false},"excerpt":{"rendered":"<p>Med disse praktiske kleshengerne kan du henge handleposene og andre poser p\u00e5 plass i bagasjerommet p\u00e5 Teslaen din. Disse krokene er gode til \u00e5 henge opp handleposene selv p\u00e5 hytteturen, slik at flaskene ikke l\u00f8sner i svingene fra posene som faller fritt.<\/p>\n<p>En ny Tesla-eier b\u00f8r skaffe seg et par av disse til containeren. Vi har ofte h\u00f8rt fra kunder \"hvorfor er ikke disse allerede standard?\" og \"de er praktiske og billige!\"<\/p>\n<p><strong>MERK!\u00a0<\/strong>Sjekk om det passer til ditt kj\u00f8ret\u00f8y f\u00f8r du kj\u00f8per.<\/p>","protected":false},"featured_media":6484,"comment_status":"open","ping_status":"closed","template":"","meta":[],"product_brand":[],"product_cat":[151,452,480,128],"product_tag":[83,544,545,546,156,121],"class_list":{"0":"post-6483","1":"product","2":"type-product","3":"status-publish","4":"has-post-thumbnail","6":"product_cat-model-3","7":"product_cat-m3-tarvikkeet","8":"product_cat-tarvikkeet-sisapuolelle-model-3","9":"product_cat-tesla-tuotteet","10":"product_tag-autotarvikkeet","11":"product_tag-kassikoukku","12":"product_tag-kauppakassi","13":"product_tag-koukut","14":"product_tag-model-3","15":"product_tag-tesla","17":"first","18":"instock","19":"taxable","20":"shipping-taxable","21":"purchasable","22":"product-type-simple"},"jetpack_sharing_enabled":true,"_links":{"self":[{"href":"https:\/\/www.vempele.fi\/no\/wp-json\/wp\/v2\/product\/6483","targetHints":{"allow":["GET"]}}],"collection":[{"href":"https:\/\/www.vempele.fi\/no\/wp-json\/wp\/v2\/product"}],"about":[{"href":"https:\/\/www.vempele.fi\/no\/wp-json\/wp\/v2\/types\/product"}],"replies":[{"embeddable":true,"href":"https:\/\/www.vempele.fi\/no\/wp-json\/wp\/v2\/comments?post=6483"}],"wp:featuredmedia":[{"embeddable":true,"href":"https:\/\/www.vempele.fi\/no\/wp-json\/wp\/v2\/media\/6484"}],"wp:attachment":[{"href":"https:\/\/www.vempele.fi\/no\/wp-json\/wp\/v2\/media?parent=6483"}],"wp:term":[{"taxonomy":"product_brand","embeddable":true,"href":"https:\/\/www.vempele.fi\/no\/wp-json\/wp\/v2\/product_brand?post=6483"},{"taxonomy":"product_cat","embeddable":true,"href":"https:\/\/www.vempele.fi\/no\/wp-json\/wp\/v2\/product_cat?post=6483"},{"taxonomy":"product_tag","embeddable":true,"href":"https:\/\/www.vempele.fi\/no\/wp-json\/wp\/v2\/product_tag?post=6483"}],"curies":[{"name":"wp","href":"https:\/\/api.w.org\/{rel}","templated":true}]}}