{"id":6508,"date":"2021-04-14T10:06:59","date_gmt":"2021-04-14T07:06:59","guid":{"rendered":"https:\/\/www.vempele.fi\/?post_type=product&#038;p=6508"},"modified":"2026-04-12T14:38:11","modified_gmt":"2026-04-12T11:38:11","slug":"tesla-model-3-bagasjerom-eva-telematter","status":"publish","type":"product","link":"https:\/\/www.vempele.fi\/no\/tuote\/tesla-model-3-frunk-trunk-eva-kaukalomatot\/","title":{"rendered":"EVA-fjernkontroller for bagasjerom \/ bagasjerom - Tesla Model 3"},"content":{"rendered":"<p>Tesla Model 3 lasteromsmatter i bagasjerommet foran og bak.<\/p>\n<p>Teppealternativer \u00e5 velge mellom:<\/p>\n<ul>\n<li>matte for frontboks (2021-&gt; Matte for frontboks)<\/li>\n<li>Oppbevaringsmatte for bagasjerommet (Trunk Storage Mat)<\/li>\n<li>en stor, heldekkende bagasjeromsmatte (Trunk Mat)<\/li>\n<\/ul>\n<p><b>Mer informasjon<\/b><\/p>\n<ul>\n<li>Materiale: EVA-plast<\/li>\n<li>Farge: svart<\/li>\n<\/ul>","protected":false},"excerpt":{"rendered":"<p>Slitesterke eksterne matter som beskytter bilen din og er enkle \u00e5 rengj\u00f8re. Valg mellom matter for bagasjerommet foran, bagasjerommet og bagasjerommet. St\u00f8pt etter dimensjonene til Tesla Model 3. Kontroller at de passer til din bil f\u00f8r du kj\u00f8per.<\/p>\n<p>Pakken inkluderer matten du velger fra menyen nedenfor.<\/p>\n<p><strong>Kompatibilitet<\/strong><\/p>\n<ul>\n<li>Oppbevaringsmatter for bagasjerommet foran og det lille bagasjerommet (Frunk &amp; Trunk Storage Mat): Tesla Model 3, modeller 2021 - 2023<\/li>\n<li>Stort bagasjeromsmatte: Tesla Model 3, 2019 - 2023-modeller<\/li>\n<\/ul>","protected":false},"featured_media":9022,"comment_status":"open","ping_status":"closed","template":"","meta":[],"product_brand":[],"product_cat":[409,151,128],"product_tag":[83,503,304,156,555,121,554],"class_list":{"0":"post-6508","1":"product","2":"type-product","3":"status-publish","4":"has-post-thumbnail","6":"product_cat-matot-model-3","7":"product_cat-model-3","8":"product_cat-tesla-tuotteet","9":"product_tag-autotarvikkeet","10":"product_tag-frunk","11":"product_tag-kaukalomatto","12":"product_tag-model-3","13":"product_tag-storage","14":"product_tag-tesla","15":"product_tag-trunk","16":"product_shipping_class-nouto","18":"first","19":"instock","20":"taxable","21":"shipping-taxable","22":"purchasable","23":"product-type-variable"},"jetpack_sharing_enabled":true,"_links":{"self":[{"href":"https:\/\/www.vempele.fi\/no\/wp-json\/wp\/v2\/product\/6508","targetHints":{"allow":["GET"]}}],"collection":[{"href":"https:\/\/www.vempele.fi\/no\/wp-json\/wp\/v2\/product"}],"about":[{"href":"https:\/\/www.vempele.fi\/no\/wp-json\/wp\/v2\/types\/product"}],"replies":[{"embeddable":true,"href":"https:\/\/www.vempele.fi\/no\/wp-json\/wp\/v2\/comments?post=6508"}],"wp:featuredmedia":[{"embeddable":true,"href":"https:\/\/www.vempele.fi\/no\/wp-json\/wp\/v2\/media\/9022"}],"wp:attachment":[{"href":"https:\/\/www.vempele.fi\/no\/wp-json\/wp\/v2\/media?parent=6508"}],"wp:term":[{"taxonomy":"product_brand","embeddable":true,"href":"https:\/\/www.vempele.fi\/no\/wp-json\/wp\/v2\/product_brand?post=6508"},{"taxonomy":"product_cat","embeddable":true,"href":"https:\/\/www.vempele.fi\/no\/wp-json\/wp\/v2\/product_cat?post=6508"},{"taxonomy":"product_tag","embeddable":true,"href":"https:\/\/www.vempele.fi\/no\/wp-json\/wp\/v2\/product_tag?post=6508"}],"curies":[{"name":"wp","href":"https:\/\/api.w.org\/{rel}","templated":true}]}}