{"id":7114,"date":"2021-07-20T10:32:42","date_gmt":"2021-07-20T07:32:42","guid":{"rendered":"https:\/\/www.vempele.fi\/?post_type=product&#038;p=7114"},"modified":"2026-04-22T09:25:39","modified_gmt":"2026-04-22T06:25:39","slug":"tesla-modell-3-dorpakninger","status":"publish","type":"product","link":"https:\/\/www.vempele.fi\/no\/tuote\/tesla-model-3-ovitiivisteet\/","title":{"rendered":"D\u00f8rpakninger - Tesla Model 3"},"content":{"rendered":"<p><b>Produktinformasjon:<\/b><\/p>\n<ul>\n<li>Kompatibilitet:\n<ul>\n<li>Model 3 Pre-Refresh vm. 2019 - 2021<\/li>\n<li>Model 3 Refresh vm. 2021 - 2023<\/li>\n<li>Modell 3 Highland vm. 2024 - Merk!!!\n<ul>D\u00f8rene passer som de er, bagasjerommet krever et ekstra kutt, og bakluken er litt annerledes, s\u00e5 den passer ikke rett, men ved \u00e5 stille inn og bruke et ekstra stykke bagasjerom p\u00e5 bakluken kan du vri den ogs\u00e5 inn.<\/ul>\n<\/li>\n<\/ul>\n<\/li>\n<li>Farge: Svart<\/li>\n<li>Produksjonsland: Kina<\/li>\n<\/ul>\n<p>Pakken inneholder d\u00f8rpakninger for fire d\u00f8rer, samt for inngangs- og bakd\u00f8r!<\/p>","protected":false},"excerpt":{"rendered":"<p><strong>N\u00e5 ogs\u00e5 med d\u00f8rpakninger foran og bak!<\/strong><\/p>\n<p>D\u00f8rpakninger til Tesla Model 3. Tetningene gir en viss st\u00f8yreduksjon, men hovedfunksjonen er \u00e5 holde d\u00f8rene og tersklene rene.<\/p>\n<p>Monteringspunktene er merket p\u00e5 pakningene, noe som gj\u00f8r monteringen enkel.<\/p>\n<p>Pakket med d\u00f8rpakninger for hver av de fire d\u00f8rene, samt for- og bakd\u00f8rene!<\/p>\n<p>Se <a href=\"https:\/\/www.youtube.com\/watch?v=Jvv4K57nh8I\" target=\"_blank\" rel=\"noopener\">Her<\/a> video om installasjon av tetninger!<\/p>","protected":false},"featured_media":25988,"comment_status":"open","ping_status":"closed","template":"","meta":[],"product_brand":[],"product_cat":[151,452,480,128],"product_tag":[156,121,578],"class_list":{"0":"post-7114","1":"product","2":"type-product","3":"status-publish","4":"has-post-thumbnail","6":"product_cat-model-3","7":"product_cat-m3-tarvikkeet","8":"product_cat-tarvikkeet-sisapuolelle-model-3","9":"product_cat-tesla-tuotteet","10":"product_tag-model-3","11":"product_tag-tesla","12":"product_tag-tiivisteet","14":"first","15":"instock","16":"taxable","17":"shipping-taxable","18":"purchasable","19":"product-type-simple"},"jetpack_sharing_enabled":true,"_links":{"self":[{"href":"https:\/\/www.vempele.fi\/no\/wp-json\/wp\/v2\/product\/7114","targetHints":{"allow":["GET"]}}],"collection":[{"href":"https:\/\/www.vempele.fi\/no\/wp-json\/wp\/v2\/product"}],"about":[{"href":"https:\/\/www.vempele.fi\/no\/wp-json\/wp\/v2\/types\/product"}],"replies":[{"embeddable":true,"href":"https:\/\/www.vempele.fi\/no\/wp-json\/wp\/v2\/comments?post=7114"}],"wp:featuredmedia":[{"embeddable":true,"href":"https:\/\/www.vempele.fi\/no\/wp-json\/wp\/v2\/media\/25988"}],"wp:attachment":[{"href":"https:\/\/www.vempele.fi\/no\/wp-json\/wp\/v2\/media?parent=7114"}],"wp:term":[{"taxonomy":"product_brand","embeddable":true,"href":"https:\/\/www.vempele.fi\/no\/wp-json\/wp\/v2\/product_brand?post=7114"},{"taxonomy":"product_cat","embeddable":true,"href":"https:\/\/www.vempele.fi\/no\/wp-json\/wp\/v2\/product_cat?post=7114"},{"taxonomy":"product_tag","embeddable":true,"href":"https:\/\/www.vempele.fi\/no\/wp-json\/wp\/v2\/product_tag?post=7114"}],"curies":[{"name":"wp","href":"https:\/\/api.w.org\/{rel}","templated":true}]}}