{"id":7145,"date":"2021-07-22T12:30:19","date_gmt":"2021-07-22T09:30:19","guid":{"rendered":"https:\/\/www.vempele.fi\/?post_type=product&#038;p=7145"},"modified":"2025-07-25T16:10:31","modified_gmt":"2025-07-25T13:10:31","slug":"tesla-model-3-solskjerming-for-takvinduer","status":"publish","type":"product","link":"https:\/\/www.vempele.fi\/no\/tuote\/tesla-model-3-kattoikkunoiden-aurinkosuojat\/","title":{"rendered":"Solskjerming for takvinduer - Tesla Model 3"},"content":{"rendered":"<p>Enkelt \u00e5 montere - klipsene g\u00e5r bak biltrekket og holder trekket p\u00e5 plass.<\/p>\n<p><b>Mer informasjon<\/b><\/p>\n<ul>\n<li>Egnethet: for Tesla Model 3\n<ul>\n<li>\u00c5rlige modeller frem til 2020<\/li>\n<li>\u00c5rlige modeller fra 2021 og fremover, inkludert Highland<\/li>\n<\/ul>\n<\/li>\n<li>I pakken:\n<ul>\n<li>2 x solskjerming (en foran og en bak)<\/li>\n<li>Festeklips<\/li>\n<\/ul>\n<\/li>\n<li>Farge: svart<\/li>\n<li>M\u00e5l p\u00e5 pakken: 70 x 48 x 6 cm<\/li>\n<li>Pakkevekt: 0,95 kg<\/li>\n<\/ul>","protected":false},"excerpt":{"rendered":"<p>Solskjermene p\u00e5 takvinduene p\u00e5 Tesla Model 3 beskytter mot blending og \u00f8ker kj\u00f8rekomforten.<\/p>\n<p>Vennligst sjekk modell\u00e5ret p\u00e5 bilen din f\u00f8r du kj\u00f8per. Solskjermene er tilgjengelige for Model 3-modeller frem til 2020 og fra 2021 og fremover.<\/p>\n<p>Pakken inneholder to solkremer, \u00e9n foran og \u00e9n bak.<\/p>","protected":false},"featured_media":7141,"comment_status":"open","ping_status":"closed","template":"","meta":[],"product_brand":[],"product_cat":[151,452,480,128],"product_tag":[198,121,120],"class_list":{"0":"post-7145","1":"product","2":"type-product","3":"status-publish","4":"has-post-thumbnail","6":"product_cat-model-3","7":"product_cat-m3-tarvikkeet","8":"product_cat-tarvikkeet-sisapuolelle-model-3","9":"product_cat-tesla-tuotteet","10":"product_tag-aurinkosuoja","11":"product_tag-tesla","12":"product_tag-tesla-model-3","14":"first","15":"outofstock","16":"taxable","17":"shipping-taxable","18":"purchasable","19":"product-type-variable"},"jetpack_sharing_enabled":true,"_links":{"self":[{"href":"https:\/\/www.vempele.fi\/no\/wp-json\/wp\/v2\/product\/7145","targetHints":{"allow":["GET"]}}],"collection":[{"href":"https:\/\/www.vempele.fi\/no\/wp-json\/wp\/v2\/product"}],"about":[{"href":"https:\/\/www.vempele.fi\/no\/wp-json\/wp\/v2\/types\/product"}],"replies":[{"embeddable":true,"href":"https:\/\/www.vempele.fi\/no\/wp-json\/wp\/v2\/comments?post=7145"}],"wp:featuredmedia":[{"embeddable":true,"href":"https:\/\/www.vempele.fi\/no\/wp-json\/wp\/v2\/media\/7141"}],"wp:attachment":[{"href":"https:\/\/www.vempele.fi\/no\/wp-json\/wp\/v2\/media?parent=7145"}],"wp:term":[{"taxonomy":"product_brand","embeddable":true,"href":"https:\/\/www.vempele.fi\/no\/wp-json\/wp\/v2\/product_brand?post=7145"},{"taxonomy":"product_cat","embeddable":true,"href":"https:\/\/www.vempele.fi\/no\/wp-json\/wp\/v2\/product_cat?post=7145"},{"taxonomy":"product_tag","embeddable":true,"href":"https:\/\/www.vempele.fi\/no\/wp-json\/wp\/v2\/product_tag?post=7145"}],"curies":[{"name":"wp","href":"https:\/\/api.w.org\/{rel}","templated":true}]}}