{"id":7196,"date":"2021-07-28T10:25:16","date_gmt":"2021-07-28T07:25:16","guid":{"rendered":"https:\/\/www.vempele.fi\/?post_type=product&#038;p=7196"},"modified":"2026-04-14T16:02:20","modified_gmt":"2026-04-14T13:02:20","slug":"tesla-model-3-y-midtkonsollskjerm","status":"publish","type":"product","link":"https:\/\/www.vempele.fi\/no\/tuote\/tesla-model-3-y-keskikonsolin-naytonsuoja\/","title":{"rendered":"Ber\u00f8ringsskjerm i glass p\u00e5 midtkonsollen - Tesla Model 3 \/ Y"},"content":{"rendered":"<p>Gjennomsiktig skjermbeskytter for midtkonsollen.<\/p>\n<p>Det anbefales \u00e5 sl\u00e5 av skjermen under installasjonen!<\/p>\n<ul>\n<li>Materiale: herdet glass<\/li>\n<li>Egnethet:\n<ul>\n<li>Modell Y 2021 - 2024 <\/li>\n<li>Model 3 Pre-Refresh vm. 2019 - 2021<\/li>\n<li>Model 3 Refresh vm. 2021 - 2023<\/li>\n<\/ul>\n<\/li>\n<li>Dimensjoner: 35 x 23 cm<\/li>\n<li>Tykkelse: 0,33 mm<\/li>\n<li>Produktalternativer: klar, matt og filtrering av bl\u00e5tt lys<\/li>\n<li>Navn: Ber\u00f8ringsskjermbeskytter til midtkonsollen blank \/ matt \/ bluelight for Tesla Model 3 \/ Y<\/li>\n<\/ul>","protected":false},"excerpt":{"rendered":"<p>Ber\u00f8ringsskjermbeskytter til midtkonsollen for Tesla Model 3 og Y. Forhindrer riper i ber\u00f8ringsskjermen. Leveres i en solid innpakning. Vi anbefaler imidlertid at du sjekker at ber\u00f8ringsskjermbeskytteren er intakt etter frakt.<\/p>\n<p>N\u00e5 tilgjengelig i tre forskjellige modeller!<\/p>\n<p><strong>Klart:<br \/>\n<\/strong>\u00a0Standard gjennomsiktig, klar skjermbeskytter<\/p>\n<p><strong>Matta:<br \/>\n<\/strong>\u00a0Den matte skjermbeskyttelsen reflekterer ikke like mye lys som treffer den<\/p>\n<p><strong>Filtrering av bl\u00e5tt lys:<br \/>\n<\/strong>\u00a0Bl\u00e5lysfiltrert, klar skjermbeskytter.\u00a0<strong><br \/>\n<\/strong><\/p>\n<p>&nbsp;<\/p>\n<p>&nbsp;<\/p>","protected":false},"featured_media":14334,"comment_status":"open","ping_status":"closed","template":"","meta":[],"product_brand":[],"product_cat":[151,154,452,455,480,482,128],"product_tag":[83,234,201,121,120],"class_list":{"0":"post-7196","1":"product","2":"type-product","3":"status-publish","4":"has-post-thumbnail","6":"product_cat-model-3","7":"product_cat-model-y","8":"product_cat-m3-tarvikkeet","9":"product_cat-my-tarvikkeet","10":"product_cat-tarvikkeet-sisapuolelle-model-3","11":"product_cat-tarvikkeet-sisapuolelle-model-y","12":"product_cat-tesla-tuotteet","13":"product_tag-autotarvikkeet","14":"product_tag-kosketusnaytto","15":"product_tag-naytonsuoja","16":"product_tag-tesla","17":"product_tag-tesla-model-3","19":"first","20":"instock","21":"taxable","22":"shipping-taxable","23":"purchasable","24":"product-type-variable"},"jetpack_sharing_enabled":true,"_links":{"self":[{"href":"https:\/\/www.vempele.fi\/no\/wp-json\/wp\/v2\/product\/7196","targetHints":{"allow":["GET"]}}],"collection":[{"href":"https:\/\/www.vempele.fi\/no\/wp-json\/wp\/v2\/product"}],"about":[{"href":"https:\/\/www.vempele.fi\/no\/wp-json\/wp\/v2\/types\/product"}],"replies":[{"embeddable":true,"href":"https:\/\/www.vempele.fi\/no\/wp-json\/wp\/v2\/comments?post=7196"}],"wp:featuredmedia":[{"embeddable":true,"href":"https:\/\/www.vempele.fi\/no\/wp-json\/wp\/v2\/media\/14334"}],"wp:attachment":[{"href":"https:\/\/www.vempele.fi\/no\/wp-json\/wp\/v2\/media?parent=7196"}],"wp:term":[{"taxonomy":"product_brand","embeddable":true,"href":"https:\/\/www.vempele.fi\/no\/wp-json\/wp\/v2\/product_brand?post=7196"},{"taxonomy":"product_cat","embeddable":true,"href":"https:\/\/www.vempele.fi\/no\/wp-json\/wp\/v2\/product_cat?post=7196"},{"taxonomy":"product_tag","embeddable":true,"href":"https:\/\/www.vempele.fi\/no\/wp-json\/wp\/v2\/product_tag?post=7196"}],"curies":[{"name":"wp","href":"https:\/\/api.w.org\/{rel}","templated":true}]}}