{"id":7658,"date":"2021-08-31T08:20:33","date_gmt":"2021-08-31T05:20:33","guid":{"rendered":"https:\/\/www.vempele.fi\/?post_type=product&#038;p=7658"},"modified":"2026-04-17T19:40:32","modified_gmt":"2026-04-17T16:40:32","slug":"tesla-felg-midtkopper-rod-4stk","status":"publish","type":"product","link":"https:\/\/www.vempele.fi\/no\/tuote\/tesla-vanteen-keskikupit-punainen-4kpl\/","title":{"rendered":"Tesla - Felgkopper svart med r\u00f8d logo (4 stk)"},"content":{"rendered":"<p>Tesla felgkopper n\u00e5 til en god pris fra Vempele for Tesla 3, S, X og Y-modeller!<br \/>\nPakke med 4 svarte mellomkopper.<\/p>\n<ul>\n<li>Kompatibilitet: Tesla- og Zax-hjul (merk: vennligst sjekk diameteren)\n<ul>\n<li>Ikke egnet for Photon-felgen! Erstatningsprodukt kan finnes <a href=\"https:\/\/www.vempele.fi\/no\/product-2\/felgkjernesenterdeksler-til-modell-3-highland-photon-felger\/\">...her.<\/a><\/li>\n<\/ul>\n<\/li>\n<li>Diameter 56 mm<\/li>\n<\/ul>","protected":false},"excerpt":{"rendered":"<p>Tesla - felgkopper svart med r\u00f8d logo (4 stk). Synlige felgkopper med r\u00f8d Tesla-logo. Logoen er skinnende r\u00f8d og bakgrunnsfargen er svart. Diameteren p\u00e5 midtkoppen er 56 mm, sjekk felgene dine for \u00e5 sikre at dette stemmer overens. Felgkoppen har et beskyttende klistremerke som kan variere i utseende avhengig av parti (gjennomsiktig, tynn eller m\u00f8nstret). Fjern det beskyttende klistremerket f\u00f8r bruk.<\/p>","protected":false},"featured_media":44768,"comment_status":"open","ping_status":"closed","template":"","meta":[],"product_brand":[],"product_cat":[151,152,153,154,452,453,454,455,481,484,486,483,128,456],"product_tag":[83,383,221,156,172,173,271,121],"class_list":{"0":"post-7658","1":"product","2":"type-product","3":"status-publish","4":"has-post-thumbnail","6":"product_cat-model-3","7":"product_cat-model-s","8":"product_cat-model-x","9":"product_cat-model-y","10":"product_cat-m3-tarvikkeet","11":"product_cat-ms-tarvikkeet","12":"product_cat-mx-tarvikkeet","13":"product_cat-my-tarvikkeet","14":"product_cat-tarvikkeet-ulkopuolelle-model-3","15":"product_cat-tarvikkeet-ulkopuolelle-model-s","16":"product_cat-tarvikkeet-ulkopuolelle-model-x","17":"product_cat-tarvikkeet-ulkopuolelle-model-y","18":"product_cat-tesla-tuotteet","19":"product_cat-vannetarvikkeet","20":"product_tag-autotarvikkeet","21":"product_tag-keskikupit","22":"product_tag-keskiokupit","23":"product_tag-model-3","24":"product_tag-model-s","25":"product_tag-model-x","26":"product_tag-model-y","27":"product_tag-tesla","29":"first","30":"instock","31":"taxable","32":"shipping-taxable","33":"purchasable","34":"product-type-simple"},"jetpack_sharing_enabled":true,"_links":{"self":[{"href":"https:\/\/www.vempele.fi\/no\/wp-json\/wp\/v2\/product\/7658","targetHints":{"allow":["GET"]}}],"collection":[{"href":"https:\/\/www.vempele.fi\/no\/wp-json\/wp\/v2\/product"}],"about":[{"href":"https:\/\/www.vempele.fi\/no\/wp-json\/wp\/v2\/types\/product"}],"replies":[{"embeddable":true,"href":"https:\/\/www.vempele.fi\/no\/wp-json\/wp\/v2\/comments?post=7658"}],"wp:featuredmedia":[{"embeddable":true,"href":"https:\/\/www.vempele.fi\/no\/wp-json\/wp\/v2\/media\/44768"}],"wp:attachment":[{"href":"https:\/\/www.vempele.fi\/no\/wp-json\/wp\/v2\/media?parent=7658"}],"wp:term":[{"taxonomy":"product_brand","embeddable":true,"href":"https:\/\/www.vempele.fi\/no\/wp-json\/wp\/v2\/product_brand?post=7658"},{"taxonomy":"product_cat","embeddable":true,"href":"https:\/\/www.vempele.fi\/no\/wp-json\/wp\/v2\/product_cat?post=7658"},{"taxonomy":"product_tag","embeddable":true,"href":"https:\/\/www.vempele.fi\/no\/wp-json\/wp\/v2\/product_tag?post=7658"}],"curies":[{"name":"wp","href":"https:\/\/api.w.org\/{rel}","templated":true}]}}