{"id":7965,"date":"2021-09-30T08:46:50","date_gmt":"2021-09-30T05:46:50","guid":{"rendered":"https:\/\/www.vempele.fi\/?post_type=product&#038;p=7965"},"modified":"2025-12-23T07:55:03","modified_gmt":"2025-12-23T05:55:03","slug":"tesla-modell-3-fremre-dor-nedre-fjaerer","status":"publish","type":"product","link":"https:\/\/www.vempele.fi\/no\/tuote\/tesla-model-3-etuluukun-jaykemmat-jousitukset\/","title":{"rendered":"Stivere fj\u00e6rer i inngangsd\u00f8ren - Tesla Model 3"},"content":{"rendered":"<p>Tesla Model 3 - stivere fj\u00e6rer i inngangsd\u00f8rene.<\/p>\n<ul>\n<li>Farge: svart<\/li>\n<li>Egnethet:\n<ul>\n<li>Model 3 Pre-Refresh vm. 2019 - 2021<\/li>\n<li>Model 3 Refresh vm. 2021 - 2023<\/li>\n<li>Modell 3 Highland vm. 2023 -&gt;<\/li>\n<\/ul>\n<\/li>\n<li>Pakken inneholder: 2 x fj\u00e6rer<\/li>\n<li>Pakkevekt: 0,50 kg<\/li>\n<li>M\u00e5l p\u00e5 pakken: 50 x 10 x 5 cm<\/li>\n<\/ul>","protected":false},"excerpt":{"rendered":"<p>Stivere fj\u00e6ring foran for Tesla Model 3. Disse gj\u00f8r at du kan \u00e5pne frontluken helt opp n\u00e5r du trykker p\u00e5 \u00e5pningsknappen. Merk! P\u00e5 grunn av fj\u00e6rene trengs det litt mer kraft for \u00e5 feste fj\u00e6rene enn med de originale pumpene.<\/p>\n<p>V\u00e6r oppmerksom p\u00e5 at fj\u00e6ren er standard. Det er ikke sikkert at den fungerer i alle situasjoner, for eksempel hvis det er sn\u00f8 p\u00e5 frontluken eller gassfj\u00e6ren har stivnet p\u00e5 grunn av kulde\/frost. Hvis du har behov for at den automatiske \u00e5pneren skal fungere i alle situasjoner, anbefaler vi at du skaffer deg en motorisert \u00e5pner.<\/p>","protected":false},"featured_media":7966,"comment_status":"open","ping_status":"closed","template":"","meta":[],"product_brand":[],"product_cat":[151,452,480,128],"product_tag":[236,199,121,120],"class_list":{"0":"post-7965","1":"product","2":"type-product","3":"status-publish","4":"has-post-thumbnail","6":"product_cat-model-3","7":"product_cat-m3-tarvikkeet","8":"product_cat-tarvikkeet-sisapuolelle-model-3","9":"product_cat-tesla-tuotteet","10":"product_tag-etuluukku","11":"product_tag-jouset","12":"product_tag-tesla","13":"product_tag-tesla-model-3","15":"first","16":"instock","17":"taxable","18":"shipping-taxable","19":"purchasable","20":"product-type-simple"},"jetpack_sharing_enabled":true,"_links":{"self":[{"href":"https:\/\/www.vempele.fi\/no\/wp-json\/wp\/v2\/product\/7965","targetHints":{"allow":["GET"]}}],"collection":[{"href":"https:\/\/www.vempele.fi\/no\/wp-json\/wp\/v2\/product"}],"about":[{"href":"https:\/\/www.vempele.fi\/no\/wp-json\/wp\/v2\/types\/product"}],"replies":[{"embeddable":true,"href":"https:\/\/www.vempele.fi\/no\/wp-json\/wp\/v2\/comments?post=7965"}],"wp:featuredmedia":[{"embeddable":true,"href":"https:\/\/www.vempele.fi\/no\/wp-json\/wp\/v2\/media\/7966"}],"wp:attachment":[{"href":"https:\/\/www.vempele.fi\/no\/wp-json\/wp\/v2\/media?parent=7965"}],"wp:term":[{"taxonomy":"product_brand","embeddable":true,"href":"https:\/\/www.vempele.fi\/no\/wp-json\/wp\/v2\/product_brand?post=7965"},{"taxonomy":"product_cat","embeddable":true,"href":"https:\/\/www.vempele.fi\/no\/wp-json\/wp\/v2\/product_cat?post=7965"},{"taxonomy":"product_tag","embeddable":true,"href":"https:\/\/www.vempele.fi\/no\/wp-json\/wp\/v2\/product_tag?post=7965"}],"curies":[{"name":"wp","href":"https:\/\/api.w.org\/{rel}","templated":true}]}}