{"id":8118,"date":"2021-10-14T08:25:17","date_gmt":"2021-10-14T05:25:17","guid":{"rendered":"https:\/\/www.vempele.fi\/?post_type=product&#038;p=8118"},"modified":"2026-04-01T13:15:26","modified_gmt":"2026-04-01T10:15:26","slug":"tesla-modell-3-dorsparkplater","status":"publish","type":"product","link":"https:\/\/www.vempele.fi\/no\/tuote\/tesla-model-3-ovien-potkusuojatarrat\/","title":{"rendered":"D\u00f8rsparkplater - Tesla Model 3"},"content":{"rendered":"<ul>\n<li>Materiale: vinylklistremerke<\/li>\n<li>Egnethet:\n<ul>\n<li>Model 3 Pre-Refresh vm. 2019 - 2021<\/li>\n<li>Model 3 Refresh vm. 2021 - 2023<\/li>\n<li>Modell 3 Highland 2024-&gt;.<\/li>\n<\/ul>\n<\/li>\n<li>Figur 1: Utsagn om karbonfiber<\/li>\n<li>Antall: 4 stk\/sett<\/li>\n<\/ul>","protected":false},"excerpt":{"rendered":"<p>D\u00f8rsparkplater til Tesla Model 3. De svarte klistremerkene har et karbonfiberm\u00f8nster. De passer perfekt p\u00e5 den nedre delen av innsiden av d\u00f8rene p\u00e5 Tesla Model 3. Klistremerkene beskytter innsiden av d\u00f8rene mot riper og tar bilens sportslighet til neste niv\u00e5! Pakket med klistremerker for hver av de fire d\u00f8rene.<\/p>","protected":false},"featured_media":32937,"comment_status":"open","ping_status":"closed","template":"","meta":[],"product_brand":[],"product_cat":[151,452,480,128],"product_tag":[83,587,241,156,242,121],"class_list":{"0":"post-8118","1":"product","2":"type-product","3":"status-publish","4":"has-post-thumbnail","6":"product_cat-model-3","7":"product_cat-m3-tarvikkeet","8":"product_cat-tarvikkeet-sisapuolelle-model-3","9":"product_cat-tesla-tuotteet","10":"product_tag-autotarvikkeet","11":"product_tag-highland","12":"product_tag-hiilikuitu","13":"product_tag-model-3","14":"product_tag-potkusuoja","15":"product_tag-tesla","17":"first","18":"instock","19":"taxable","20":"shipping-taxable","21":"purchasable","22":"product-type-variable"},"jetpack_sharing_enabled":true,"_links":{"self":[{"href":"https:\/\/www.vempele.fi\/no\/wp-json\/wp\/v2\/product\/8118","targetHints":{"allow":["GET"]}}],"collection":[{"href":"https:\/\/www.vempele.fi\/no\/wp-json\/wp\/v2\/product"}],"about":[{"href":"https:\/\/www.vempele.fi\/no\/wp-json\/wp\/v2\/types\/product"}],"replies":[{"embeddable":true,"href":"https:\/\/www.vempele.fi\/no\/wp-json\/wp\/v2\/comments?post=8118"}],"wp:featuredmedia":[{"embeddable":true,"href":"https:\/\/www.vempele.fi\/no\/wp-json\/wp\/v2\/media\/32937"}],"wp:attachment":[{"href":"https:\/\/www.vempele.fi\/no\/wp-json\/wp\/v2\/media?parent=8118"}],"wp:term":[{"taxonomy":"product_brand","embeddable":true,"href":"https:\/\/www.vempele.fi\/no\/wp-json\/wp\/v2\/product_brand?post=8118"},{"taxonomy":"product_cat","embeddable":true,"href":"https:\/\/www.vempele.fi\/no\/wp-json\/wp\/v2\/product_cat?post=8118"},{"taxonomy":"product_tag","embeddable":true,"href":"https:\/\/www.vempele.fi\/no\/wp-json\/wp\/v2\/product_tag?post=8118"}],"curies":[{"name":"wp","href":"https:\/\/api.w.org\/{rel}","templated":true}]}}