{"id":8328,"date":"2025-04-03T13:41:32","date_gmt":"2025-04-03T10:41:32","guid":{"rendered":"https:\/\/www.vempele.fi\/?post_type=product&#038;p=8328"},"modified":"2026-02-17T11:53:32","modified_gmt":"2026-02-17T09:53:32","slug":"tesla-model-s-3-x-y-ladeplugg-veggbrakett","status":"publish","type":"product","link":"https:\/\/www.vempele.fi\/no\/tuote\/tesla-model-s-3-x-y-latauspistokkeen-seinapidike\/","title":{"rendered":"Veggbrakett for ladeplugg"},"content":{"rendered":"<p>Veggbrakett for ladeplugg Type 2.<\/p>\n<ul>\n<li>Pluggtype: type 2<\/li>\n<li>Materiale: ABS-plast av h\u00f8y kvalitet<\/li>\n<li>Farge: Svart<\/li>\n<li>Pakken inneholder:\n<ul>\n<li>1 stk Veggbrakett for st\u00f8psel og kabel<\/li>\n<li>1 stk veggbrakett for mobillader<\/li>\n<li>6 stk skruer<\/li>\n<li>6 stk plugger<\/li>\n<\/ul>\n<\/li>\n<\/ul>\n<p>&nbsp;<\/p>","protected":false},"excerpt":{"rendered":"<p>Tesla Model S \/ 3 \/ X \/ Y-plugg veggbrakett. Designet for Type 2-lader og Type 2-plugg veggbrakett. Braketten er enkel \u00e5 montere p\u00e5 veggen. F\u00f8rst monteres en mindre motpart p\u00e5 veggen i riktig h\u00f8yde, og den faktiske braketten trykkes p\u00e5 den.<\/p>\n<p>Leveres ogs\u00e5 med et separat stativ for en Tesla-mobillader!<\/p>","protected":false},"featured_media":36094,"comment_status":"open","ping_status":"closed","template":"","meta":[],"product_brand":[],"product_cat":[269,151,152,153,154,481,484,486,483,128],"product_tag":[263,83,262,261],"class_list":{"0":"post-8328","1":"product","2":"type-product","3":"status-publish","4":"has-post-thumbnail","6":"product_cat-cybertruck","7":"product_cat-model-3","8":"product_cat-model-s","9":"product_cat-model-x","10":"product_cat-model-y","11":"product_cat-tarvikkeet-ulkopuolelle-model-3","12":"product_cat-tarvikkeet-ulkopuolelle-model-s","13":"product_cat-tarvikkeet-ulkopuolelle-model-x","14":"product_cat-tarvikkeet-ulkopuolelle-model-y","15":"product_cat-tesla-tuotteet","16":"product_tag-accessories","17":"product_tag-autotarvikkeet","18":"product_tag-laturipistoke","19":"product_tag-seinapidike","21":"first","22":"instock","23":"taxable","24":"shipping-taxable","25":"purchasable","26":"product-type-simple"},"jetpack_sharing_enabled":true,"_links":{"self":[{"href":"https:\/\/www.vempele.fi\/no\/wp-json\/wp\/v2\/product\/8328","targetHints":{"allow":["GET"]}}],"collection":[{"href":"https:\/\/www.vempele.fi\/no\/wp-json\/wp\/v2\/product"}],"about":[{"href":"https:\/\/www.vempele.fi\/no\/wp-json\/wp\/v2\/types\/product"}],"replies":[{"embeddable":true,"href":"https:\/\/www.vempele.fi\/no\/wp-json\/wp\/v2\/comments?post=8328"}],"wp:featuredmedia":[{"embeddable":true,"href":"https:\/\/www.vempele.fi\/no\/wp-json\/wp\/v2\/media\/36094"}],"wp:attachment":[{"href":"https:\/\/www.vempele.fi\/no\/wp-json\/wp\/v2\/media?parent=8328"}],"wp:term":[{"taxonomy":"product_brand","embeddable":true,"href":"https:\/\/www.vempele.fi\/no\/wp-json\/wp\/v2\/product_brand?post=8328"},{"taxonomy":"product_cat","embeddable":true,"href":"https:\/\/www.vempele.fi\/no\/wp-json\/wp\/v2\/product_cat?post=8328"},{"taxonomy":"product_tag","embeddable":true,"href":"https:\/\/www.vempele.fi\/no\/wp-json\/wp\/v2\/product_tag?post=8328"}],"curies":[{"name":"wp","href":"https:\/\/api.w.org\/{rel}","templated":true}]}}