{"id":8673,"date":"2021-12-15T14:43:24","date_gmt":"2021-12-15T12:43:24","guid":{"rendered":"https:\/\/www.vempele.fi\/?post_type=product&#038;p=8673"},"modified":"2026-04-10T19:14:26","modified_gmt":"2026-04-10T16:14:26","slug":"koppholder-tesla-model-3-y","status":"publish","type":"product","link":"https:\/\/www.vempele.fi\/no\/tuote\/mukinpidike-tesla-model-3-y\/","title":{"rendered":"Koppholder - Tesla Model 3 \/ Y"},"content":{"rendered":"<p>Koppholderen er laget av TPE-plast og passer som h\u00e5nd i hanske i midtkonsollen p\u00e5 Tesla Model 3 og Y. Den holder seg p\u00e5 plass og absorberer st\u00f8t og vibrasjoner, slik at du unng\u00e5r \u00e5 s\u00f8le drikke. Det er enkelt \u00e5 rengj\u00f8re holderen.<\/p>\n<p>TPE er et slitesterkt og milj\u00f8vennlig materiale med egenskaper som ligner p\u00e5 gummi.<\/p>\n<p>Annen informasjon<\/p>\n<ul>\n<li>Farge: svart<\/li>\n<li>Egnethet:\n<ul>\n<li>Modell Y 2020 - 2024<\/li>\n<li>Model 3 Refresh vm. 2021 - 2023<\/li>\n<\/ul>\n<\/li>\n<li>St\u00f8rrelse: L 17,5, K 8 og S 7 cm<\/li>\n<li>Vekt: 140 g<\/li>\n<\/ul>","protected":false},"excerpt":{"rendered":"<p>Krusholder for Tesla Model 3 \/ Y. Den robuste krusholderen s\u00f8rger for at sprett og vibrasjoner ikke spruter rundt med reisedrikken din. Et must for den t\u00f8rste Tesla Model 3- eller Model Y-eieren.<\/p>","protected":false},"featured_media":8674,"comment_status":"open","ping_status":"closed","template":"","meta":[],"product_brand":[],"product_cat":[151,154,452,455,480,482,128],"product_tag":[83,298,237,156,271,296,297,121],"class_list":{"0":"post-8673","1":"product","2":"type-product","3":"status-publish","4":"has-post-thumbnail","6":"product_cat-model-3","7":"product_cat-model-y","8":"product_cat-m3-tarvikkeet","9":"product_cat-my-tarvikkeet","10":"product_cat-tarvikkeet-sisapuolelle-model-3","11":"product_cat-tarvikkeet-sisapuolelle-model-y","12":"product_cat-tesla-tuotteet","13":"product_tag-autotarvikkeet","14":"product_tag-juomapidike","15":"product_tag-keskikonsoli","16":"product_tag-model-3","17":"product_tag-model-y","18":"product_tag-mukinpidike","19":"product_tag-mukiteline","20":"product_tag-tesla","22":"first","23":"instock","24":"taxable","25":"shipping-taxable","26":"purchasable","27":"product-type-simple"},"jetpack_sharing_enabled":true,"_links":{"self":[{"href":"https:\/\/www.vempele.fi\/no\/wp-json\/wp\/v2\/product\/8673","targetHints":{"allow":["GET"]}}],"collection":[{"href":"https:\/\/www.vempele.fi\/no\/wp-json\/wp\/v2\/product"}],"about":[{"href":"https:\/\/www.vempele.fi\/no\/wp-json\/wp\/v2\/types\/product"}],"replies":[{"embeddable":true,"href":"https:\/\/www.vempele.fi\/no\/wp-json\/wp\/v2\/comments?post=8673"}],"wp:featuredmedia":[{"embeddable":true,"href":"https:\/\/www.vempele.fi\/no\/wp-json\/wp\/v2\/media\/8674"}],"wp:attachment":[{"href":"https:\/\/www.vempele.fi\/no\/wp-json\/wp\/v2\/media?parent=8673"}],"wp:term":[{"taxonomy":"product_brand","embeddable":true,"href":"https:\/\/www.vempele.fi\/no\/wp-json\/wp\/v2\/product_brand?post=8673"},{"taxonomy":"product_cat","embeddable":true,"href":"https:\/\/www.vempele.fi\/no\/wp-json\/wp\/v2\/product_cat?post=8673"},{"taxonomy":"product_tag","embeddable":true,"href":"https:\/\/www.vempele.fi\/no\/wp-json\/wp\/v2\/product_tag?post=8673"}],"curies":[{"name":"wp","href":"https:\/\/api.w.org\/{rel}","templated":true}]}}