{"id":9023,"date":"2022-01-25T11:21:25","date_gmt":"2022-01-25T09:21:25","guid":{"rendered":"https:\/\/www.vempele.fi\/?post_type=product&#038;p=9023"},"modified":"2026-04-21T10:17:42","modified_gmt":"2026-04-21T07:17:42","slug":"tesla-modell-y-frunk-bagasjerommet-fjernkontroller","status":"publish","type":"product","link":"https:\/\/www.vempele.fi\/no\/tuote\/tesla-model-y-frunk-trunk-kaukalomatot\/","title":{"rendered":"EVA-fjernkontroller for bagasjerom \/ bagasjerom - Tesla Model Y"},"content":{"rendered":"<p>Tesla Model Y-fjernkontroller i bagasjerommet foran og bak.<\/p>\n<p>Teppealternativer \u00e5 velge mellom:<\/p>\n<ul>\n<li>Frontmatte (2025 Frontmatte)\n<ul>\n<li>Egnethet:\n<ul>\n<li>Tesla Model Y 2025 -<\/li>\n<\/ul>\n<\/li>\n<\/ul>\n<\/li>\n<li>Front box mat (Front box mat)\n<ul>\n<li>Egnethet:\n<ul>\n<li>Tesla Model Y 2020 - 2024<\/li>\n<\/ul>\n<\/li>\n<\/ul>\n<\/li>\n<li>Liten oppbevaringsmatte for bagasjerommet (Trunk Storage Mat)\n<ul>\n<li>Egnethet:\n<ul>\n<li>Tesla Mode Y 2020 - 2024<\/li>\n<li>Tesla Model Y 2024-&gt; (Juniper)<\/li>\n<\/ul>\n<\/li>\n<\/ul>\n<\/li>\n<li>Stor, heldekkende bagasjeromsmatte (Trunk Mat)\n<ul>\n<li>Egnethet:\n<ul>\n<li>Tesla Model Y 2020 - 2024<\/li>\n<li>Tesla Model Y 2024-&gt; (Juniper)<\/li>\n<\/ul>\n<\/li>\n<\/ul>\n<\/li>\n<\/ul>\n<p><b>Mer informasjon<\/b><\/p>\n<p>Materiale: EVA-plast<br \/>\nFarge: Svart<\/p>","protected":false},"excerpt":{"rendered":"<p>Vognmatter av virkelig h\u00f8y kvalitet for biloppbevaring. Mattene passer perfekt i Tesla Model Y.<\/p>\n<p>Hvis du har med deg v\u00e5tt ladetilbeh\u00f8r og for eksempel v\u00e5te eller gj\u00f8rmete sko\/kl\u00e6r i bagasjerommet p\u00e5 bilen, er en vognmatte et fornuftig kj\u00f8p. Vannbestandige vognmatter holder gj\u00f8rme og vann p\u00e5 avstand. Og de er mye enklere \u00e5 rengj\u00f8re og t\u00f8rke enn bilens eget trekk.<\/p>\n<p>Det store bagasjeromsteppet kan foldes sammen, slik at det er lett \u00e5 komme til det lille tilbeh\u00f8rsrommet i bagasjerommet.<\/p>\n<p>Teppets overflate kan avvike noe fra bildet avhengig av teppepartiet.<\/p>\n<p>Pakken inkluderer matten du velger fra menyen nedenfor.<\/p>","protected":false},"featured_media":9028,"comment_status":"open","ping_status":"closed","template":"","meta":[],"product_brand":[],"product_cat":[408,154,128],"product_tag":[83,503,513,562,553,271,121,554],"class_list":{"0":"post-9023","1":"product","2":"type-product","3":"status-publish","4":"has-post-thumbnail","6":"product_cat-matot-model-y","7":"product_cat-model-y","8":"product_cat-tesla-tuotteet","9":"product_tag-autotarvikkeet","10":"product_tag-frunk","11":"product_tag-kaukalomatot","12":"product_tag-kumimatot","13":"product_tag-kuramatot","14":"product_tag-model-y","15":"product_tag-tesla","16":"product_tag-trunk","17":"product_shipping_class-nouto","19":"first","20":"instock","21":"taxable","22":"shipping-taxable","23":"purchasable","24":"product-type-variable","25":"has-default-attributes"},"jetpack_sharing_enabled":true,"_links":{"self":[{"href":"https:\/\/www.vempele.fi\/no\/wp-json\/wp\/v2\/product\/9023","targetHints":{"allow":["GET"]}}],"collection":[{"href":"https:\/\/www.vempele.fi\/no\/wp-json\/wp\/v2\/product"}],"about":[{"href":"https:\/\/www.vempele.fi\/no\/wp-json\/wp\/v2\/types\/product"}],"replies":[{"embeddable":true,"href":"https:\/\/www.vempele.fi\/no\/wp-json\/wp\/v2\/comments?post=9023"}],"wp:featuredmedia":[{"embeddable":true,"href":"https:\/\/www.vempele.fi\/no\/wp-json\/wp\/v2\/media\/9028"}],"wp:attachment":[{"href":"https:\/\/www.vempele.fi\/no\/wp-json\/wp\/v2\/media?parent=9023"}],"wp:term":[{"taxonomy":"product_brand","embeddable":true,"href":"https:\/\/www.vempele.fi\/no\/wp-json\/wp\/v2\/product_brand?post=9023"},{"taxonomy":"product_cat","embeddable":true,"href":"https:\/\/www.vempele.fi\/no\/wp-json\/wp\/v2\/product_cat?post=9023"},{"taxonomy":"product_tag","embeddable":true,"href":"https:\/\/www.vempele.fi\/no\/wp-json\/wp\/v2\/product_tag?post=9023"}],"curies":[{"name":"wp","href":"https:\/\/api.w.org\/{rel}","templated":true}]}}