{"id":9034,"date":"2022-01-25T12:27:53","date_gmt":"2022-01-25T10:27:53","guid":{"rendered":"https:\/\/www.vempele.fi\/?post_type=product&#038;p=9034"},"modified":"2026-04-13T14:54:41","modified_gmt":"2026-04-13T11:54:41","slug":"tesla-model-3-eva-fjernkontroller","status":"publish","type":"product","link":"https:\/\/www.vempele.fi\/no\/tuote\/tesla-model-3-eva-kaukalomatot\/","title":{"rendered":"EVA-girkasser - Tesla Model 3"},"content":{"rendered":"<p>Slitesterkt EVA-dekkselsett for Tesla Model 3.<\/p>\n<p>Pakken inneholder tre langdistansematter:<br \/>\n1 x for f\u00f8reren<br \/>\n1 x repsikalle<br \/>\n1 x enkelt teppe p\u00e5 baksiden<\/p>\n<p><b>Ytterligere informasjon:<\/b><\/p>\n<ul>\n<li>Materiale: EVA-plast<\/li>\n<li>Farge: svart<\/li>\n<li>Vekt: 4,3 kg<\/li>\n<\/ul>","protected":false},"excerpt":{"rendered":"<p>EVA-matter for alle fem setene i fotbr\u00f8nnen p\u00e5 Tesla Model 3. Disse fjernstyrte mattene er laget av solid EVA-plast og er en virkelig stilig l\u00f8sning for vinterkulden og minusgradene i Finland. De fjernstyrte mattene gj\u00f8r det enkelt \u00e5 helle smeltet vann av skoene for \u00e5 samle opp fuktighet. EVA-mattene er ogs\u00e5 en av Vempeles mest popul\u00e6re matter blant kundene. Gulvmattene er n\u00f8yaktig formet til bilen, slik at de passer perfekt og kaster seg p\u00e5 plass.<\/p>\n<p>Mattene er enkle \u00e5 rengj\u00f8re for smuss, selv under springen og med en b\u00f8rste, ettersom de er sv\u00e6rt motstandsdyktige mot vask.<\/p>\n<p><strong>Ogs\u00e5 egnet for Highland!<\/strong><\/p>\n<p>Legg merke til den mer detaljerte m\u00f8nsterstrukturen i teppene p\u00e5 det siste produktbildet.<\/p>","protected":false},"featured_media":9035,"comment_status":"open","ping_status":"closed","template":"","meta":[],"product_brand":[],"product_cat":[409,151,128],"product_tag":[83,206,513,553,156,121],"class_list":{"0":"post-9034","1":"product","2":"type-product","3":"status-publish","4":"has-post-thumbnail","6":"product_cat-matot-model-3","7":"product_cat-model-3","8":"product_cat-tesla-tuotteet","9":"product_tag-autotarvikkeet","10":"product_tag-eva","11":"product_tag-kaukalomatot","12":"product_tag-kuramatot","13":"product_tag-model-3","14":"product_tag-tesla","16":"first","17":"instock","18":"taxable","19":"shipping-taxable","20":"purchasable","21":"product-type-simple"},"jetpack_sharing_enabled":true,"_links":{"self":[{"href":"https:\/\/www.vempele.fi\/no\/wp-json\/wp\/v2\/product\/9034","targetHints":{"allow":["GET"]}}],"collection":[{"href":"https:\/\/www.vempele.fi\/no\/wp-json\/wp\/v2\/product"}],"about":[{"href":"https:\/\/www.vempele.fi\/no\/wp-json\/wp\/v2\/types\/product"}],"replies":[{"embeddable":true,"href":"https:\/\/www.vempele.fi\/no\/wp-json\/wp\/v2\/comments?post=9034"}],"wp:featuredmedia":[{"embeddable":true,"href":"https:\/\/www.vempele.fi\/no\/wp-json\/wp\/v2\/media\/9035"}],"wp:attachment":[{"href":"https:\/\/www.vempele.fi\/no\/wp-json\/wp\/v2\/media?parent=9034"}],"wp:term":[{"taxonomy":"product_brand","embeddable":true,"href":"https:\/\/www.vempele.fi\/no\/wp-json\/wp\/v2\/product_brand?post=9034"},{"taxonomy":"product_cat","embeddable":true,"href":"https:\/\/www.vempele.fi\/no\/wp-json\/wp\/v2\/product_cat?post=9034"},{"taxonomy":"product_tag","embeddable":true,"href":"https:\/\/www.vempele.fi\/no\/wp-json\/wp\/v2\/product_tag?post=9034"}],"curies":[{"name":"wp","href":"https:\/\/api.w.org\/{rel}","templated":true}]}}