{"id":9040,"date":"2022-01-25T12:52:53","date_gmt":"2022-01-25T10:52:53","guid":{"rendered":"https:\/\/www.vempele.fi\/?post_type=product&#038;p=9040"},"modified":"2026-04-18T23:46:02","modified_gmt":"2026-04-18T20:46:02","slug":"tesla-model-y-eva-telematikk","status":"publish","type":"product","link":"https:\/\/www.vempele.fi\/no\/tuote\/tesla-model-y-eva-kaukalomatot\/","title":{"rendered":"EVA fjernkontrollmatter - Tesla Model Y"},"content":{"rendered":"<p>Slitesterke EVA-vognmatter i plast <a href=\"https:\/\/www.vempele.fi\/no\/produktkategori\/tesla-produkter\/modell-y\/\" target=\"_blank\" rel=\"noopener\">Tesla Model Y<\/a>for.<\/p>\n<p>Tre matter i pakken:<br \/>\n1 x for f\u00f8reren<br \/>\n1 x repsikalle<br \/>\n1x enkelt teppe p\u00e5 gulvet i baksetet<\/p>\n<p><b>Ytterligere informasjon:<\/b><\/p>\n<ul>\n<li>Materiale: EVA-plast<\/li>\n<li>Farge: svart<\/li>\n<li>St\u00f8rrelser:\n<ul>\n<li>Bil I: 1,23 kg; 76 x 57 x 22 cm<\/li>\n<li>Kabinett II: 1,25 kg; 73 x 57 x 22 cm<\/li>\n<li>Baksete: 2,15 kg; 133 x 66 x 7 cm<\/li>\n<\/ul>\n<\/li>\n<li>Egnethet:\n<ul>\n<li>Tesla Model Y 2020 - 2024<\/li>\n<li>Tesla Model Y 2024 -&gt; (Juniper)<\/li>\n<\/ul>\n<\/li>\n<\/ul>","protected":false},"excerpt":{"rendered":"<p>EVA flyttbare matter for benplass til alle fem setene i Tesla Model Y. EVA er en lukket, halvstiv celleplast. Fordelene er fleksibilitet, mykhet, god bestandighet mot v\u00e6r og vind og kjemikalier under ulike v\u00e6rforhold. Mattene er enkle \u00e5 rengj\u00f8re, selv under vannkranen og med en lett b\u00f8rste - smuss og skitt l\u00f8sner lett fra plastoverflaten. I likhet med de andre mattene i sortimentet v\u00e5rt har disse mattene perfekt passform, noe som betyr at de settes p\u00e5 plass med et enkelt h\u00e5ndgrep. Takket v\u00e6re de sm\u00e5 kantene blir smeltevannet liggende p\u00e5 matten og kan enkelt helles av ved behov.<\/p>\n<p>EVA-hengek\u00f8yer er de mest popul\u00e6re kj\u00f8pene for v\u00e5re kunder i Vempeles nettbutikk.<\/p>\n<p>Merk! Avhengig av vareparti kan teppets overflatem\u00f8nster og design avvike noe fra produktbildet.<\/p>","protected":false},"featured_media":14335,"comment_status":"open","ping_status":"closed","template":"","meta":[],"product_brand":[],"product_cat":[408,154,128],"product_tag":[83,513,307,553,271,121],"class_list":{"0":"post-9040","1":"product","2":"type-product","3":"status-publish","4":"has-post-thumbnail","6":"product_cat-matot-model-y","7":"product_cat-model-y","8":"product_cat-tesla-tuotteet","9":"product_tag-autotarvikkeet","10":"product_tag-kaukalomatot","11":"product_tag-kumimatto","12":"product_tag-kuramatot","13":"product_tag-model-y","14":"product_tag-tesla","16":"first","17":"instock","18":"taxable","19":"shipping-taxable","20":"purchasable","21":"product-type-simple"},"jetpack_sharing_enabled":true,"_links":{"self":[{"href":"https:\/\/www.vempele.fi\/no\/wp-json\/wp\/v2\/product\/9040","targetHints":{"allow":["GET"]}}],"collection":[{"href":"https:\/\/www.vempele.fi\/no\/wp-json\/wp\/v2\/product"}],"about":[{"href":"https:\/\/www.vempele.fi\/no\/wp-json\/wp\/v2\/types\/product"}],"replies":[{"embeddable":true,"href":"https:\/\/www.vempele.fi\/no\/wp-json\/wp\/v2\/comments?post=9040"}],"wp:featuredmedia":[{"embeddable":true,"href":"https:\/\/www.vempele.fi\/no\/wp-json\/wp\/v2\/media\/14335"}],"wp:attachment":[{"href":"https:\/\/www.vempele.fi\/no\/wp-json\/wp\/v2\/media?parent=9040"}],"wp:term":[{"taxonomy":"product_brand","embeddable":true,"href":"https:\/\/www.vempele.fi\/no\/wp-json\/wp\/v2\/product_brand?post=9040"},{"taxonomy":"product_cat","embeddable":true,"href":"https:\/\/www.vempele.fi\/no\/wp-json\/wp\/v2\/product_cat?post=9040"},{"taxonomy":"product_tag","embeddable":true,"href":"https:\/\/www.vempele.fi\/no\/wp-json\/wp\/v2\/product_tag?post=9040"}],"curies":[{"name":"wp","href":"https:\/\/api.w.org\/{rel}","templated":true}]}}