{"id":9116,"date":"2022-02-01T10:48:50","date_gmt":"2022-02-01T08:48:50","guid":{"rendered":"https:\/\/www.vempele.fi\/?post_type=product&#038;p=9116"},"modified":"2026-04-15T22:54:08","modified_gmt":"2026-04-15T19:54:08","slug":"tesla-rode-kopper-med-solvfarget-logo","status":"publish","type":"product","link":"https:\/\/www.vempele.fi\/no\/tuote\/tesla-punaiset-keskiokupit-hopeisella-logolla\/","title":{"rendered":"Tesla - R\u00f8de kantkopper med s\u00f8lvfarget logo (4 stk.)"},"content":{"rendered":"<p>Sentrumskopper med kant, 4 stk.<\/p>\n<ul>\n<li>Kompatibilitet: Tesla Model 3\/S\/X\/Y\n<ul>\n<li>Ikke egnet for Photon-felgen! Erstatningsprodukt kan finnes <a href=\"https:\/\/www.vempele.fi\/no\/product-2\/felgkjernesenterdeksler-til-modell-3-highland-photon-felger\/\">...her.<\/a><\/li>\n<\/ul>\n<\/li>\n<li>Farge: metallic r\u00f8d bakgrunn, s\u00f8lvfarget logo<\/li>\n<li>Diameter: 56 mm<\/li>\n<li>M\u00e5l: 19 x 14 x 2,5 cm (emballasje)<\/li>\n<li>Vekt: 70 g (pakke)<\/li>\n<li>Navn: Metallisk r\u00f8de senterhetter med s\u00f8lvfarget Tesla-logo (4 stk.)<\/li>\n<\/ul>\n<p>Merk! Fjern beskyttelsesklistremerket fra produktet f\u00f8r bruk.<\/p>","protected":false},"excerpt":{"rendered":"<p>Metallisk r\u00f8de senterkopper p\u00e5 felgen med s\u00f8lvfarget Tesla-logo. N\u00e5 til en god pris fra Vempe for Tesla S \/ 3 \/ X \/ Y-modeller unntatt Photon-felgen.<br \/>\nPakke med 4 stk. metallicr\u00f8de midtbeger med s\u00f8lvfarget logo.<\/p>\n<p>Hvis du \u00f8nsker det, kan du montere den p\u00e5 en hvilken som helst passende felg!<\/p>","protected":false},"featured_media":9118,"comment_status":"open","ping_status":"closed","template":"","meta":[],"product_brand":[],"product_cat":[151,152,153,154,481,484,486,483,128,456],"product_tag":[83,121,120],"class_list":{"0":"post-9116","1":"product","2":"type-product","3":"status-publish","4":"has-post-thumbnail","6":"product_cat-model-3","7":"product_cat-model-s","8":"product_cat-model-x","9":"product_cat-model-y","10":"product_cat-tarvikkeet-ulkopuolelle-model-3","11":"product_cat-tarvikkeet-ulkopuolelle-model-s","12":"product_cat-tarvikkeet-ulkopuolelle-model-x","13":"product_cat-tarvikkeet-ulkopuolelle-model-y","14":"product_cat-tesla-tuotteet","15":"product_cat-vannetarvikkeet","16":"product_tag-autotarvikkeet","17":"product_tag-tesla","18":"product_tag-tesla-model-3","20":"first","21":"instock","22":"taxable","23":"shipping-taxable","24":"purchasable","25":"product-type-simple"},"jetpack_sharing_enabled":true,"_links":{"self":[{"href":"https:\/\/www.vempele.fi\/no\/wp-json\/wp\/v2\/product\/9116","targetHints":{"allow":["GET"]}}],"collection":[{"href":"https:\/\/www.vempele.fi\/no\/wp-json\/wp\/v2\/product"}],"about":[{"href":"https:\/\/www.vempele.fi\/no\/wp-json\/wp\/v2\/types\/product"}],"replies":[{"embeddable":true,"href":"https:\/\/www.vempele.fi\/no\/wp-json\/wp\/v2\/comments?post=9116"}],"wp:featuredmedia":[{"embeddable":true,"href":"https:\/\/www.vempele.fi\/no\/wp-json\/wp\/v2\/media\/9118"}],"wp:attachment":[{"href":"https:\/\/www.vempele.fi\/no\/wp-json\/wp\/v2\/media?parent=9116"}],"wp:term":[{"taxonomy":"product_brand","embeddable":true,"href":"https:\/\/www.vempele.fi\/no\/wp-json\/wp\/v2\/product_brand?post=9116"},{"taxonomy":"product_cat","embeddable":true,"href":"https:\/\/www.vempele.fi\/no\/wp-json\/wp\/v2\/product_cat?post=9116"},{"taxonomy":"product_tag","embeddable":true,"href":"https:\/\/www.vempele.fi\/no\/wp-json\/wp\/v2\/product_tag?post=9116"}],"curies":[{"name":"wp","href":"https:\/\/api.w.org\/{rel}","templated":true}]}}