{"id":9673,"date":"2022-03-11T11:52:56","date_gmt":"2022-03-11T09:52:56","guid":{"rendered":"https:\/\/www.vempele.fi\/?post_type=product&#038;p=9673"},"modified":"2026-03-25T12:09:28","modified_gmt":"2026-03-25T10:09:28","slug":"tesla-dordempere-5-stk","status":"publish","type":"product","link":"https:\/\/www.vempele.fi\/no\/tuote\/tesla-oven-vaimennustyynyt-5-kpl\/","title":{"rendered":"D\u00f8rdempere for bild\u00f8rer 5 stk"},"content":{"rendered":"<p>D\u00f8rdempere for bild\u00f8rer 5 stk<\/p>\n<ul>\n<li>D\u00f8rdempere, 5 stk.<\/li>\n<li>Kompatibilitet: Tesla Model 3\/S\/X\/Y, ogs\u00e5 andre bilmodeller<\/li>\n<li>Farge: svart, med hvitt bilm\u00f8nster<\/li>\n<li>St\u00f8rrelse: 27 x 8 mm (1 stk.)<\/li>\n<li>Vekt: 2,5 g (1 stk.)<\/li>\n<\/ul>","protected":false},"excerpt":{"rendered":"<p>D\u00f8rdempere n\u00e5 tilgjengelig for Tesla-modellene 3, S, X og Y! Egnet for \u00e5 dempe st\u00f8t og st\u00f8y i b\u00e5de d\u00f8rer og luker.<br \/>\nPakke med 5 svarte puter med bilm\u00f8nster. Putene er festet med selvklebende tape og festes p\u00e5 d\u00f8r\u00e5pningen, terskelen og\/eller siden. Rengj\u00f8r overflaten grundig og fest putene p\u00e5 et varmt sted for \u00e5 forbedre vedheftingen av teipen.<\/p>","protected":false},"featured_media":19229,"comment_status":"open","ping_status":"closed","template":"","meta":[],"product_brand":[],"product_cat":[151,152,153,154,452,453,454,455,481,484,486,483,128],"product_tag":[339,83,340,156,172,173,271,540,121,319],"class_list":{"0":"post-9673","1":"product","2":"type-product","3":"status-publish","4":"has-post-thumbnail","6":"product_cat-model-3","7":"product_cat-model-s","8":"product_cat-model-x","9":"product_cat-model-y","10":"product_cat-m3-tarvikkeet","11":"product_cat-ms-tarvikkeet","12":"product_cat-mx-tarvikkeet","13":"product_cat-my-tarvikkeet","14":"product_cat-tarvikkeet-ulkopuolelle-model-3","15":"product_cat-tarvikkeet-ulkopuolelle-model-s","16":"product_cat-tarvikkeet-ulkopuolelle-model-x","17":"product_cat-tarvikkeet-ulkopuolelle-model-y","18":"product_cat-tesla-tuotteet","19":"product_tag-aanenvaimennus","20":"product_tag-autotarvikkeet","21":"product_tag-iskunvaimennus","22":"product_tag-model-3","23":"product_tag-model-s","24":"product_tag-model-x","25":"product_tag-model-y","26":"product_tag-ovityyny","27":"product_tag-tesla","28":"product_tag-varaosat","30":"first","31":"outofstock","32":"taxable","33":"shipping-taxable","34":"purchasable","35":"product-type-simple"},"jetpack_sharing_enabled":true,"_links":{"self":[{"href":"https:\/\/www.vempele.fi\/no\/wp-json\/wp\/v2\/product\/9673","targetHints":{"allow":["GET"]}}],"collection":[{"href":"https:\/\/www.vempele.fi\/no\/wp-json\/wp\/v2\/product"}],"about":[{"href":"https:\/\/www.vempele.fi\/no\/wp-json\/wp\/v2\/types\/product"}],"replies":[{"embeddable":true,"href":"https:\/\/www.vempele.fi\/no\/wp-json\/wp\/v2\/comments?post=9673"}],"wp:featuredmedia":[{"embeddable":true,"href":"https:\/\/www.vempele.fi\/no\/wp-json\/wp\/v2\/media\/19229"}],"wp:attachment":[{"href":"https:\/\/www.vempele.fi\/no\/wp-json\/wp\/v2\/media?parent=9673"}],"wp:term":[{"taxonomy":"product_brand","embeddable":true,"href":"https:\/\/www.vempele.fi\/no\/wp-json\/wp\/v2\/product_brand?post=9673"},{"taxonomy":"product_cat","embeddable":true,"href":"https:\/\/www.vempele.fi\/no\/wp-json\/wp\/v2\/product_cat?post=9673"},{"taxonomy":"product_tag","embeddable":true,"href":"https:\/\/www.vempele.fi\/no\/wp-json\/wp\/v2\/product_tag?post=9673"}],"curies":[{"name":"wp","href":"https:\/\/api.w.org\/{rel}","templated":true}]}}