{"id":16103,"date":"2023-02-09T11:34:41","date_gmt":"2023-02-09T09:34:41","guid":{"rendered":"https:\/\/www.vempele.fi\/?page_id=16103"},"modified":"2024-08-05T13:39:01","modified_gmt":"2024-08-05T10:39:01","slug":"dack-och-falginformation-for-tesla","status":"publish","type":"page","link":"https:\/\/www.vempele.fi\/sv\/rengas-ja-vannetietoa-teslaan\/","title":{"rendered":"D\u00e4ck- och f\u00e4lginformation"},"content":{"rendered":"<div class=\"wp-block-group\"><div class=\"wp-block-group__inner-container is-layout-constrained wp-block-group-is-layout-constrained\">\n<p class=\"has-huge-font-size\" id=\"top\">D\u00e4ck- och f\u00e4lginformation<\/p>\n\n\n\n<p class=\"has-text-align-left\">H\u00e4r hittar du praktisk information om vilka d\u00e4ck som passar till vilka f\u00e4lgar och vilka f\u00e4lgar som passar till vilken Tesla.<\/p>\n\n\n\n<p class=\"has-background\" style=\"background-color:#f2f2f2\">Directory:<br> - <a href=\"#et\">Rim ET och dess val<\/a><br> - <a href=\"#sopivuustaulukko\">Tabell \u00f6ver d\u00e4ckstorlekar<\/a><br> Original f\u00e4lgdata:<br> - <a href=\"#m3_a\">Modell 3<\/a><br> - <a href=\"#my_a\">Modell Y<\/a><br> - <a href=\"#ms_a1\">Model S 2020 fram\u00e5t<\/a><br> - <a href=\"#ms_a2\">Model S 2012 - 2020<\/a><br> - <a href=\"#mx_a1\">Modell X 2020 fram\u00e5t<\/a><br> - <a href=\"#mx_a2\">Model X 2015 - 2020<\/a><br>D\u00e4ckens l\u00e4mplighet beroende p\u00e5 bilmodell:<br> - <a href=\"#m3_v\">Modell 3<\/a><br> - <a href=\"#my_v\">Modell Y<\/a><br> - <a href=\"#ms_v\">Modell S<\/a><br> - <a href=\"http:\/\/mx_v\">Modell X<\/a><br>F\u00f6rskjutna:<br> - <a href=\"#staggered\">Vad \u00e4r staggered?<\/a><br> - <a href=\"#staggered_lista\">F\u00f6rskjutet matchbord<\/a><\/p>\n\n\n\n<p>Att v\u00e4lja r\u00e4tt d\u00e4ck och f\u00e4lg till din bil \u00e4r mycket viktigt f\u00f6r k\u00f6rs\u00e4kerheten och k\u00f6rupplevelsen. R\u00e4tt storlek, r\u00e4tt d\u00e4ck och r\u00e4tt f\u00e4lg g\u00f6r att bilen blir kontrollerbar och s\u00e4ker att k\u00f6ra. F\u00e4lgens bredd \u00e4r en faktor som kan p\u00e5verka k\u00f6rupplevelsen. En smalare f\u00e4lg har mindre d\u00e4ckspridning p\u00e5 sig, vilket kan g\u00f6ra k\u00f6rupplevelsen mjukare och bekv\u00e4mare. Det minskar ocks\u00e5 bullret och f\u00f6rb\u00e4ttrar batteritiden. Detta \u00e4r s\u00e4rskilt m\u00e4rkbart i Model 3 och Y.<br><br>Speciellt h\u00e4r i norr l\u00f6nar det sig att investera i bra vinterd\u00e4ck med grepp p\u00e5 sn\u00f6 och is. Dubbd\u00e4ck \u00e4r sj\u00e4lvklart ett bra val, \u00e4ven om de kan \u00f6ka bullret under k\u00f6rning. Men det finns ocks\u00e5 tysta dubbd\u00e4cksmodeller p\u00e5 marknaden, s\u00e5 du kan f\u00e5 extra grepp utan att kompromissa med komforten.<\/p>\n\n\n\n<hr class=\"wp-block-separator has-alpha-channel-opacity\"\/>\n\n\n\n<h2 class=\"wp-block-heading\" id=\"et\">Rim ET och dess val<\/h2>\n\n\n\n<p>F\u00e4lgarnas ET (offset) beskriver avst\u00e5ndet mellan f\u00e4lgens centrum och pivot (monteringsytan). <\/p>\n\n\n\n<p>Ju h\u00f6gre ET-f\u00f6rh\u00e5llande, desto mer inv\u00e4ndig \u00e4r f\u00e4lgen. Ju l\u00e4gre ET, desto l\u00e4ngre ut \u00e4r f\u00e4lgen i st\u00e4nksk\u00e4rmen. I en staggered-konfiguration g\u00f6rs den bredare f\u00e4lgen ungef\u00e4r i niv\u00e5 med den smalare genom att v\u00e4lja r\u00e4tt ET-tal.<br><br>Om din bilmodell \u00e4r l\u00e4mplig f\u00f6r mer \u00e4n en ET, \u00e4r valet fr\u00e4mst en fr\u00e5ga om utseende. Du kan hitta den matchande <a href=\"#sopivuus\">fr\u00e5n matchningsbordet<\/a>.<br><br>Det finns m\u00e5nga verktyg p\u00e5 webben som kan anv\u00e4ndas f\u00f6r att till exempel j\u00e4mf\u00f6ra hur tv\u00e5 olika ET:er och bandbredder spelar tillsammans.<br>Jag tror att den mest popul\u00e4ra av dem \u00e4r <a href=\"https:\/\/www.willtheyfit.com\/\" target=\"_blank\" rel=\"noreferrer noopener\">Willtheyfit.com<\/a>.<\/p>\n\n\n<div class=\"wp-block-image\">\n<figure class=\"aligncenter size-full is-resized\"><img loading=\"lazy\" decoding=\"async\" width=\"768\" height=\"473\" src=\"https:\/\/www.vempele.fi\/wp-content\/uploads\/2024\/08\/ET-juttu.webp\" alt=\"\" class=\"wp-image-30367\" style=\"width:512px;height:316px\" srcset=\"https:\/\/www.vempele.fi\/wp-content\/uploads\/2024\/08\/ET-juttu.webp 768w, https:\/\/www.vempele.fi\/wp-content\/uploads\/2024\/08\/ET-juttu-300x185.webp 300w, https:\/\/www.vempele.fi\/wp-content\/uploads\/2024\/08\/ET-juttu-18x12.webp 18w, https:\/\/www.vempele.fi\/wp-content\/uploads\/2024\/08\/ET-juttu-416x256.webp 416w\" sizes=\"auto, (max-width: 768px) 100vw, 768px\" \/><\/figure>\n<\/div><\/div><\/div>\n\n\n\n<p><a href=\"#top\">Tillbaka till b\u00f6rjan<\/a><\/p>\n\n\n\n<div class=\"wp-block-group\"><div class=\"wp-block-group__inner-container is-layout-constrained wp-block-group-is-layout-constrained\">\n<h2 class=\"wp-block-heading\" id=\"sopivuustaulukko\">Tabell \u00f6ver d\u00e4ckstorlekar<\/h2>\n\n\n\n<figure class=\"wp-block-table is-style-stripes\"><table><thead><tr><th>F\u00e4lgens bredd<\/th><th>Minsta d\u00e4ckbredd<\/th><th>Rekommenderade bredder<\/th><th>Maximal d\u00e4ckbredd<\/th><\/tr><\/thead><tbody><tr><td>7.5<\/td><td>205<\/td><td>215 - 225<\/td><td>235<\/td><\/tr><tr><td>8<\/td><td>215<\/td><td>225 - 235<\/td><td>245<\/td><\/tr><tr><td>8.5<\/td><td>225<\/td><td>235 - 245<\/td><td>255<\/td><\/tr><tr><td>9<\/td><td>235<\/td><td>245 - 255<\/td><td>265<\/td><\/tr><tr><td>9.5<\/td><td>245<\/td><td>255 - 265<\/td><td>275<\/td><\/tr><tr><td>10<\/td><td>255<\/td><td>265 - 275<\/td><td>285<\/td><\/tr><tr><td>10.5<\/td><td>265<\/td><td>275 - 285<\/td><td>295<\/td><\/tr><tr><td>11<\/td><td>275<\/td><td>285 - 295<\/td><td>305<\/td><\/tr><tr><td>11.5<\/td><td>285<\/td><td>295 - 305<\/td><td>315<\/td><\/tr><\/tbody><\/table><\/figure>\n<\/div><\/div>\n\n\n\n<p><a href=\"#top\">Tillbaka till b\u00f6rjan<\/a><\/p>\n\n\n\n<div class=\"wp-block-group\"><div class=\"wp-block-group__inner-container is-layout-constrained wp-block-group-is-layout-constrained\">\n<h2 class=\"wp-block-heading\">Specifikationer f\u00f6r originalf\u00e4lgarna<\/h2>\n\n\n\n<p class=\"has-large-font-size\" id=\"m3_a\">Modell 3:<\/p>\n\n\n\n<p>Bultf\u00f6rdelning: 5\u00d7114,3 <br>Genomsnittligt h\u00e5l: 64,1 mm    <br>Muttrar: 21 mm<br>\u00c5tdragningsmoment: 175 Nm<\/p>\n\n\n\n<figure class=\"wp-block-table is-style-stripes\"><table><thead><tr><th>F\u00e4lg tum storlek<\/th><th>F\u00e4lgens bredd<\/th><th>SV<\/th><th>Originald\u00e4ck<\/th><\/tr><\/thead><tbody><tr><td>18\u2033<\/td><td>8.5<\/td><td>40<\/td><td>235\/45\/R18<\/td><\/tr><tr><td>19\u2033<\/td><td>8.5<\/td><td>40<\/td><td>235\/40\/R19<\/td><\/tr><tr><td>20\u2033<\/td><td>9<\/td><td>34<\/td><td>235\/35\/R20 eller<br>245\/35\/R20<\/td><\/tr><\/tbody><\/table><\/figure>\n\n\n\n<p class=\"has-large-font-size\" id=\"my_a\">Modell Y:<\/p>\n\n\n\n<p>Bultf\u00f6rdelning: 5\u00d7114,3 <br>Genomsnittligt h\u00e5l: 64,1 mm    <br>Muttrar: 21 mm<br>\u00c5tdragningsmoment: 175 Nm<\/p>\n\n\n\n<figure class=\"wp-block-table is-style-stripes\"><table><thead><tr><th>F\u00e4lg tum storlek<\/th><th>F\u00e4lgens bredd<\/th><th>SV<\/th><th>Originald\u00e4ck<\/th><\/tr><\/thead><tbody><tr><td>19\u2033<\/td><td>9.5<\/td><td>45<\/td><td>255\/45R19<\/td><\/tr><tr><td>20\u2033<\/td><td>9.5<\/td><td>45<\/td><td>255\/40R20<\/td><\/tr><tr><td>21\u2033<\/td><td>9,5 Front<br>10 Bakom<\/td><td>40 Front<br>48 Takana<\/td><td>255\/35R21 fram<br>275\/35R21 bak<\/td><\/tr><\/tbody><\/table><\/figure>\n\n\n\n<p class=\"has-large-font-size\" id=\"ms_a1\">Model S 2020 och fram\u00e5t:<\/p>\n\n\n\n<p>Bultf\u00f6rdelning: 5\u00d7120 <br>Genomsnittligt h\u00e5l: 64,1 mm    <br>Muttrar: 21 mm<br>\u00c5tdragningsmoment: 175 Nm<\/p>\n\n\n\n<figure class=\"wp-block-table is-style-stripes\"><table><thead><tr><th>F\u00e4lg tum storlek<\/th><th>F\u00e4lgens bredd<\/th><th>SV<\/th><th>Originald\u00e4ck<\/th><\/tr><\/thead><tbody><tr><td>19\u2033<\/td><td>9,5 Front<br>10,5 Bakom<\/td><td>40 Front<br>45 Takana<\/td><td>255\/45R19 fram<br>285\/40R19 bak<\/td><\/tr><tr><td>21\u2033<\/td><td>9,5 Front<br>10,5 Bakom<\/td><td>40 Front<br>45 Takana<\/td><td>265\/35R21 fram<br>295\/30R21 bak<\/td><\/tr><\/tbody><\/table><\/figure>\n\n\n\n<p class=\"has-large-font-size\" id=\"ms_a2\">Modell S 2012-2020:<\/p>\n\n\n\n<p>Bultf\u00f6rdelning: 5\u00d7120 <br>Genomsnittligt h\u00e5l: 64,1 mm    <br>Muttrar: 21 mm<br>\u00c5tdragningsmoment: 175 Nm<\/p>\n\n\n\n<figure class=\"wp-block-table is-style-stripes\"><table><thead><tr><th>F\u00e4lg tum storlek<\/th><th>F\u00e4lgens bredd<\/th><th>SV<\/th><th>Originald\u00e4ck<\/th><\/tr><\/thead><tbody><tr><td>19\u2033<\/td><td>8.0 eller<br>8.5<\/td><td>40<br>45<\/td><td>245\/45R19<\/td><\/tr><tr><td>21\u2033<\/td><td>8.5<br>9,5 Bakom*<\/td><td>40<br>40<\/td><td>245\/35R21<br>265\/35R21**<\/td><\/tr><\/tbody><\/table><figcaption class=\"wp-element-caption\">*Om bilen \u00e4r Performance Plus. <br> **P\u00e5 fyrhjulsdrivna Performance-bilar kan bredden p\u00e5 bakd\u00e4cken variera beroende p\u00e5 tillverkningsdatum. Vissa bilar kan vara utrustade med P245\/35R21-d\u00e4ck b\u00e5de fram och bak.<\/figcaption><\/figure>\n\n\n\n<p class=\"has-large-font-size\" id=\"mx_a1\">Model X 2020 och fram\u00e5t:<\/p>\n\n\n\n<p>Bultf\u00f6rdelning: 5\u00d7120 <br>Genomsnittligt h\u00e5l: 64,1 mm    <br>Muttrar: 21 mm<br>\u00c5tdragningsmoment: 175 Nm<\/p>\n\n\n\n<figure class=\"wp-block-table is-style-stripes\"><table><thead><tr><th>F\u00e4lg tum storlek<\/th><th>F\u00e4lgens bredd<\/th><th>SV<\/th><th>Originald\u00e4ck<\/th><\/tr><\/thead><tbody><tr><td>20\u2033<\/td><td>9,0 Front<br>10,0 Bakom<\/td><td>40<br>30<\/td><td>265\/45R20 fram<br>275\/45R20 bak<\/td><\/tr><tr><td>22\u2033<\/td><td>9,0 Front<br>10,0 Bakom<\/td><td>40<br>30<\/td><td>265\/35R22 fram<br>285\/35R22 bak<\/td><\/tr><\/tbody><\/table><\/figure>\n\n\n\n<p class=\"has-large-font-size\" id=\"mx_a2\">Modell X 2015-2020:<\/p>\n\n\n\n<p>Bultf\u00f6rdelning: 5\u00d7120 <br>Genomsnittligt h\u00e5l: 64,1 mm    <br>Muttrar: 21 mm<br>\u00c5tdragningsmoment: 175 Nm<\/p>\n\n\n\n<figure class=\"wp-block-table is-style-stripes\"><table><thead><tr><th>F\u00e4lg tum storlek<\/th><th>F\u00e4lgens bredd<\/th><th>SV<\/th><th>Originald\u00e4ck<\/th><\/tr><\/thead><tbody><tr><td>20\u2033<\/td><td>9,0 Front<br>10,0 Bakom*<\/td><td>40<br>35<\/td><td>255\/45R20 fram<br>275\/45R20 bak<\/td><\/tr><tr><td>22\u2033<\/td><td>9,0 Front<br>10,0 Bakom<\/td><td>40<br>35<\/td><td>265\/35R22 fram<br>285\/35R22 bak<\/td><\/tr><\/tbody><\/table><figcaption class=\"wp-element-caption\">*Om bilen levereras med allv\u00e4dersd\u00e4ck kan f\u00e4lgbredden vara 9,5\u2033.<\/figcaption><\/figure>\n\n\n\n<p><\/p>\n<\/div><\/div>\n\n\n\n<p><a href=\"#top\">Tillbaka till b\u00f6rjan<\/a><\/p>\n\n\n\n<div class=\"wp-block-group\"><div class=\"wp-block-group__inner-container is-layout-constrained wp-block-group-is-layout-constrained\">\n<h2 class=\"wp-block-heading\" id=\"sopivuus\">D\u00e4ckens l\u00e4mplighet beroende p\u00e5 bilmodell<\/h2>\n\n\n\n<p>Du kan \u00e4nd\u00e5 anv\u00e4nda denna tabell f\u00f6r att kontrollera f\u00e4lgarnas l\u00e4mplighet f\u00f6r din bil. Listan visar de f\u00e4lgstorlekar som vi har tillg\u00e4ngliga.<\/p>\n\n\n\n<p class=\"has-large-font-size\" id=\"m3_v\">Modell 3:<\/p>\n\n\n\n<figure class=\"wp-block-table is-style-stripes\"><table><thead><tr><th><br>Modell<\/th><th>L\u00e4mpliga tum\u00f6rstorlekar<\/th><th>L\u00e4mpliga ETs<\/th><th>L\u00e4mpliga bredder<\/th><\/tr><\/thead><tbody><tr><td>RWD<\/td><td>18\u2033<br>19\u2033<br>20\u2033<\/td><td>35 - 40<br>35 - 40<br>35 - 40<\/td><td>8.0, 8.5<br>8.0, 8.5<br>8.5, 9.0<\/td><\/tr><tr><td>LR <\/td><td>18\u2033<br>19\u2033<br>20\u2033<\/td><td>35 - 40<br>35 - 40<br>35 - 40<\/td><td>8.0, 8.5<br>8.0, 8.5<br>8.5, 9.0<\/td><\/tr><tr><td>Perf.<\/td><td>18\u2033<br>19\u2033<br>20\u2033<\/td><td>35<br>35<br>35 - 40*<\/td><td>8.0<br>8.0, 8.5<br>8.5, 9.0*<\/td><\/tr><\/tbody><\/table><figcaption class=\"wp-element-caption\">*Med Performance passar ET40 bara en 9\u2033 bred f\u00e4lg n\u00e4r det \u00e4r en 20\u2033 f\u00e4lg<\/figcaption><\/figure>\n\n\n\n<p class=\"has-large-font-size\" id=\"my_v\">Modell Y:<\/p>\n\n\n\n<figure class=\"wp-block-table is-style-stripes\"><table><thead><tr><th><br>Modell<\/th><th>L\u00e4mpliga tum\u00f6rstorlekar<\/th><th>L\u00e4mpliga ETs<\/th><th>L\u00e4mpliga bredder<\/th><\/tr><\/thead><tbody><tr><td>RWD \/ AWD<\/td><td>18\u2033<br>19\u2033<br>20\u2033<\/td><td>35 - 40<br>35 - 45<br>40 - 45<\/td><td>8.0<br>8.5, 9.5<br>9.0, 9.5*<\/td><\/tr><tr><td>Perf.<\/td><td><br>19\u2033<br>20\u2033<\/td><td><br>35 - 45<br>40 - 45<\/td><td><br>8.5, 9.5**<br>9.0, 9.5*<\/td><\/tr><\/tbody><\/table><figcaption class=\"wp-element-caption\">*9,5 \u2033 bred med 20 \u2033 f\u00e4lg, ET m\u00e5ste vara 45<br>** 9,5\u2033 bred med 19\u2033 f\u00e4lg ET kan inte vara 35<\/figcaption><\/figure>\n\n\n\n<p class=\"has-large-font-size\" id=\"ms_v\">Modell S:<\/p>\n\n\n\n<figure class=\"wp-block-table is-style-stripes\"><table><thead><tr><th><br>Modell<\/th><th>L\u00e4mpliga tum\u00f6rstorlekar<\/th><th>L\u00e4mpliga ETs<\/th><th>L\u00e4mpliga bredder<\/th><\/tr><\/thead><tbody><tr><td>2012 - 2016<\/td><td>19\u2033<br>20\u2033<br>21\u2033<br>22\u2033<\/td><td>35 - 40<br>35 - 40<br>35 - 40<br>35 - 40<\/td><td>8.0, 8.5<br>8.5, 9.0<br>8.5<br>9.0<\/td><\/tr><tr><td>Ansiktslyftning 2016 - 2021<\/td><td>19\u2033<br>20\u2033<br>21\u2033<br>22\u2033<\/td><td>35 - 40<br>35 - 40<br>35 - 40<br>35 - 40<\/td><td>8.0, 8.5<br>8.5, 9.0<br>8.5<br>9.0<\/td><\/tr><tr><td>Plaid &amp; LR 2021 -&gt;<\/td><td>19\u2033<br>20\u2033<br>21\u2033<\/td><td>35 - 40<br>35 - 40<br>35 - 40<\/td><td>8.5<br>8.5, 9.0<br>9.0, 9,5*<\/td><\/tr><tr><td><\/td><td><\/td><td><\/td><td><\/td><\/tr><\/tbody><\/table><figcaption class=\"wp-element-caption\">*9,5\u2033 bred 21\u2033 f\u00e4lg kr\u00e4ver ET40<\/figcaption><\/figure>\n\n\n\n<p class=\"has-large-font-size\" id=\"mx_v\">Modell X:<\/p>\n\n\n\n<figure class=\"wp-block-table is-style-stripes\"><table><thead><tr><th><br>Modell<\/th><th>L\u00e4mpliga tum\u00f6rstorlekar<\/th><th>L\u00e4mpliga ETs<\/th><th>L\u00e4mpliga bredder<\/th><\/tr><\/thead><tbody><tr><td>2016 - 2021<\/td><td>19\u2033<br>20\u2033<br>21\u2033<br>22\u2033<\/td><td>35 <br>35 <br>35<br>35 <\/td><td>8.0, 8.5<br>9.0<br>9.0<br>9.0, 9.5<\/td><\/tr><tr><td>Plaid &amp; LR 2021 -&gt;<\/td><td>20\u2033<br>21\u2033<br>22\u2033<\/td><td>35 - 40<br>35 - 40<br>35 - 40<\/td><td>9.0<br>9.0, 9.5<br>9.0, 9.5<\/td><\/tr><tr><td><\/td><td><\/td><td><\/td><td><\/td><\/tr><\/tbody><\/table><\/figure>\n<\/div><\/div>\n\n\n\n<p><a href=\"#top\">Tillbaka till b\u00f6rjan<\/a><\/p>\n\n\n\n<div class=\"wp-block-group\"><div class=\"wp-block-group__inner-container is-layout-constrained wp-block-group-is-layout-constrained\">\n<h2 class=\"wp-block-heading\" id=\"staggered\">F\u00f6rskjuten<\/h2>\n\n\n\n<p>I en staggered-upps\u00e4ttning \u00e4r bilens bakre hjul och d\u00e4ck bredare \u00e4n de fr\u00e4mre. Detta \u00e4r en popul\u00e4r konfiguration, s\u00e4rskilt f\u00f6r mer kraftfulla och sportiga bilar. Den f\u00f6rskjutna konfigurationen f\u00f6rb\u00e4ttrar bilens k\u00f6regenskaper framtill och \u00f6kar greppet baktill. <\/p>\n\n\n\n<p><br>Nedan listas n\u00e5gra exempel p\u00e5 bredder som kan anv\u00e4ndas som f\u00f6rskjutna bredder i dessa modeller fr\u00e5n v\u00e5ra f\u00e4lgleverant\u00f6rer.<\/p>\n\n\n\n<figure id=\"staggered_lista\" class=\"wp-block-table is-style-stripes\"><table><thead><tr><th>Modell<\/th><th>Fram\u00e5t<\/th><th>Tillbaka till<\/th><\/tr><\/thead><tbody><tr><td>Modell 3 Perf.<\/td><td>19\u00d78,5 ET35<br>20\u00d78,5 ET35<\/td><td>19\u00d79,5 ET40<br>20\u00d79,0 ET40<\/td><\/tr><tr><td>Modell Y Perf.<\/td><td>20\u00d79,0 ET40<\/td><td>20\u00d79,5 ET45<\/td><\/tr><tr><td>Model S 2012 - 2021<\/td><td>19\u00d78,5 ET40<br>20\u00d79,0 ET35<br>21\u00d78,5 ET40<br>22\u00d79,0 ET35<\/td><td>19\u00d710 ET45<br>20\u00d710 ET35<br>21\u00d79,0 ET40<br>22\u00d710 ET35<\/td><\/tr><tr><td>Modell S Plaid &amp; LR<br>2021 -&gt;<\/td><td>19\u00d78,5 ET40<br>20\u00d79,0 ET35<br>21\u00d79,5 ET40<\/td><td>19\u00d710 ET45<br>20\u00d710 ET35<br>21\u00d710,5 ET45<\/td><\/tr><tr><td>Model X 2016 - 2021<\/td><td>20\u00d79,0 ET35<br>22\u00d79,0 ET35<\/td><td>20\u00d710 ET35<br>22\u00d710 ET35<\/td><\/tr><tr><td>Modell X Plaid &amp; LR<br>2021 -&gt;<\/td><td>20\u00d79,0 ET35<br>21\u00d79,0 ET40<br>22\u00d79,0 ET35<\/td><td>20\u00d710 ET35<br>21\u00d710 ET35<br>22\u00d710 ET35<\/td><\/tr><\/tbody><\/table><\/figure>\n<\/div><\/div>\n\n\n\n<p><a href=\"#top\">Tillbaka till b\u00f6rjan<\/a><\/p>","protected":false},"excerpt":{"rendered":"<p>Rengas- ja vannetietoa T\u00e4\u00e4lt\u00e4 l\u00f6yd\u00e4t k\u00e4tev\u00e4sti tietoa mitk\u00e4 renkaat sopivat millekin vanteille, ja mitk\u00e4 vanteet taas millekin Teslalle. Hakemisto: &#8211; Vanteen ET ja sen valinta &#8211; Renkaiden sopivuustaulukko Alkuper\u00e4isten vanteiden tiedot: &#8211; Model 3 &#8211; Model Y &#8211; Model S 2020 Eteenp\u00e4in &#8211; Model S 2012 &#8211; 2020 &#8211; Model X 2020 Eteenp\u00e4in &#8211; Model [&hellip;]<\/p>\n","protected":false},"author":1104,"featured_media":0,"parent":0,"menu_order":0,"comment_status":"closed","ping_status":"closed","template":"","meta":{"footnotes":""},"class_list":["post-16103","page","type-page","status-publish","hentry"],"jetpack_sharing_enabled":true,"_links":{"self":[{"href":"https:\/\/www.vempele.fi\/sv\/wp-json\/wp\/v2\/pages\/16103","targetHints":{"allow":["GET"]}}],"collection":[{"href":"https:\/\/www.vempele.fi\/sv\/wp-json\/wp\/v2\/pages"}],"about":[{"href":"https:\/\/www.vempele.fi\/sv\/wp-json\/wp\/v2\/types\/page"}],"author":[{"embeddable":true,"href":"https:\/\/www.vempele.fi\/sv\/wp-json\/wp\/v2\/users\/1104"}],"replies":[{"embeddable":true,"href":"https:\/\/www.vempele.fi\/sv\/wp-json\/wp\/v2\/comments?post=16103"}],"version-history":[{"count":0,"href":"https:\/\/www.vempele.fi\/sv\/wp-json\/wp\/v2\/pages\/16103\/revisions"}],"wp:attachment":[{"href":"https:\/\/www.vempele.fi\/sv\/wp-json\/wp\/v2\/media?parent=16103"}],"curies":[{"name":"wp","href":"https:\/\/api.w.org\/{rel}","templated":true}]}}