{"id":16503,"date":"2023-02-21T10:16:18","date_gmt":"2023-02-21T08:16:18","guid":{"rendered":"https:\/\/www.vempele.fi\/toimitus-ja-maksutavat-copy\/"},"modified":"2023-03-29T15:19:59","modified_gmt":"2023-03-29T12:19:59","slug":"betalningsmetoder","status":"publish","type":"page","link":"https:\/\/www.vempele.fi\/sv\/maksutavat\/","title":{"rendered":"Betalningsmetoder"},"content":{"rendered":"<div style=\"height:31px\" aria-hidden=\"true\" class=\"wp-block-spacer\"><\/div>\n\n\n\n<p>Ett brett utbud av betalningsmetoder finns tillg\u00e4ngliga f\u00f6r Vempelee-prenumerationer. Kontakta oss g\u00e4rna om du har n\u00e5gra fr\u00e5gor om betalning.<\/p>\n\n\n\n<p><strong>Bankavgifter:<\/strong>&nbsp;Nordea, Osuuspankki, Danske Bank, S\u00e4\u00e4st\u00f6pankki, Oma S\u00e4\u00e4st\u00f6pankki, POP Bank, Aktia, Handelsbanken, \u00c5landsbanken och S-Pankki<br><strong><br>Betalning med kort:<\/strong>&nbsp;Visa, Mastercard och American Express<\/p>\n\n\n\n<p><strong>Betalning med mobilen:<\/strong>&nbsp;MobilePay, PiVo, \u00d6verf\u00f6ring<\/p>\n\n\n<div class=\"wp-block-image\">\n<figure class=\"aligncenter size-full\"><img loading=\"lazy\" decoding=\"async\" width=\"800\" height=\"160\" src=\"https:\/\/www.vempele.fi\/wp-content\/uploads\/2023\/02\/Paytrail-Vempele-pankit-visa-mastercard-mobilepay.png\" alt=\"\" class=\"wp-image-16569\" srcset=\"https:\/\/www.vempele.fi\/wp-content\/uploads\/2023\/02\/Paytrail-Vempele-pankit-visa-mastercard-mobilepay.png 800w, https:\/\/www.vempele.fi\/wp-content\/uploads\/2023\/02\/Paytrail-Vempele-pankit-visa-mastercard-mobilepay-300x60.png 300w, https:\/\/www.vempele.fi\/wp-content\/uploads\/2023\/02\/Paytrail-Vempele-pankit-visa-mastercard-mobilepay-768x154.png 768w, https:\/\/www.vempele.fi\/wp-content\/uploads\/2023\/02\/Paytrail-Vempele-pankit-visa-mastercard-mobilepay-416x83.png 416w\" sizes=\"auto, (max-width: 800px) 100vw, 800px\" \/><\/figure>\n<\/div>\n\n\n<h2 class=\"wp-block-heading\">Betalning p\u00e5 plats<\/h2>\n\n\n\n<p>N\u00e4r du h\u00e4mtar ut dina varor kan du enkelt g\u00f6ra till\u00e4ggsk\u00f6p och betala med ditt kort.<\/p>\n\n\n\n<p>Ps. Vi rekommenderar att du betalar i f\u00f6rskott, s\u00e5 att du p\u00e5skyndar v\u00e5rt arbete.<\/p>\n\n\n\n<h2 class=\"wp-block-heading\">F\u00f6retag<\/h2>\n\n\n\n<p>Betalningsmetoderna ovan \u00e4r ocks\u00e5 tillg\u00e4ngliga f\u00f6r f\u00f6retag. Vi erbjuder f\u00f6r n\u00e4rvarande inte f\u00f6retagskonton.<\/p>\n\n\n\n<p>Vill du best\u00e4lla en st\u00f6rre m\u00e4ngd varor fr\u00e5n oss? Skicka ett meddelande till oss s\u00e5 ordnar vi leverans och fakturering \u00e5t dig.<\/p>\n\n\n\n<p>Vid problem, v\u00e4nligen kontakta oss.<\/p>","protected":false},"excerpt":{"rendered":"<p>Vempeleen tilaukset on mahdollista maksaa laajasti erilaisilla maksutavoilla. Ota yhteytt\u00e4 meihin, jos sinulla her\u00e4\u00e4 kysymyksi\u00e4 maksamisesta. Pankkimaksut:&nbsp;Nordea, Osuuspankki, Danske Bank, S\u00e4\u00e4st\u00f6pankki, Oma S\u00e4\u00e4st\u00f6pankki, POP Pankki, Aktia, Handelsbanken, \u00c5landsbanken ja S-PankkiKorttimaksaminen:&nbsp;Visa, Mastercard ja American Express Mobiilimaksaminen:&nbsp;MobilePay, PiVo, Siirto Paikan p\u00e4\u00e4ll\u00e4 maksaminen Tuotteita noutaessa voit tehd\u00e4 k\u00e4tev\u00e4sti lis\u00e4ostoksia ja maksaa ne kortilla. Ps. Suosittelemme maksamista etuk\u00e4teen, niin [&hellip;]<\/p>\n","protected":false},"author":2,"featured_media":0,"parent":0,"menu_order":0,"comment_status":"closed","ping_status":"closed","template":"","meta":{"footnotes":""},"class_list":["post-16503","page","type-page","status-publish","hentry"],"jetpack_sharing_enabled":true,"_links":{"self":[{"href":"https:\/\/www.vempele.fi\/sv\/wp-json\/wp\/v2\/pages\/16503","targetHints":{"allow":["GET"]}}],"collection":[{"href":"https:\/\/www.vempele.fi\/sv\/wp-json\/wp\/v2\/pages"}],"about":[{"href":"https:\/\/www.vempele.fi\/sv\/wp-json\/wp\/v2\/types\/page"}],"author":[{"embeddable":true,"href":"https:\/\/www.vempele.fi\/sv\/wp-json\/wp\/v2\/users\/2"}],"replies":[{"embeddable":true,"href":"https:\/\/www.vempele.fi\/sv\/wp-json\/wp\/v2\/comments?post=16503"}],"version-history":[{"count":0,"href":"https:\/\/www.vempele.fi\/sv\/wp-json\/wp\/v2\/pages\/16503\/revisions"}],"wp:attachment":[{"href":"https:\/\/www.vempele.fi\/sv\/wp-json\/wp\/v2\/media?parent=16503"}],"curies":[{"name":"wp","href":"https:\/\/api.w.org\/{rel}","templated":true}]}}