{"id":11049,"date":"2022-05-09T13:22:02","date_gmt":"2022-05-09T10:22:02","guid":{"rendered":"https:\/\/www.vempele.fi\/tuote\/tesla-vanteen-keskikupit-4kpl-copy\/"},"modified":"2026-04-16T18:24:23","modified_gmt":"2026-04-16T15:24:23","slug":"tesla-svarta-medium-koppar-med-vit-logotyp","status":"publish","type":"product","link":"https:\/\/www.vempele.fi\/sv\/tuote\/tesla-mustat-keskiokupit-valkoisella-logolla\/","title":{"rendered":"Tesla - Svarta kantmuggar med vit logotyp (4 st)"},"content":{"rendered":"<p>F\u00e4lgcentrumkoppar, 4 st<\/p>\n<ul>\n<li>Kompatibilitet: Tesla Model 3\/S\/X\/Y<\/li>\n<li>F\u00e4rg: Svart bakgrund, vit logotyp<\/li>\n<li>Diameter: 56 mm<\/li>\n<li>M\u00e5tt: 19 x 14 x 2,5 cm (f\u00f6rpackning)<\/li>\n<li>Vikt: 70 g (f\u00f6rpackning)<\/li>\n<\/ul>\n<p>Obs! Ta bort skyddsdekalen fr\u00e5n produkten f\u00f6re anv\u00e4ndning.<\/p>","protected":false},"excerpt":{"rendered":"<p>F\u00e4lgcentrumkoppar nu till ett bra pris fr\u00e5n Vempele f\u00f6r Tesla 3, S, X och Y-modeller!<br \/>\nF\u00f6rpackning med 4 svarta mellanmuggar med vit logotyp.<\/p>\n<p>Det finns en skyddsdekal p\u00e5 f\u00e4lgens mittnav. Ta bort detta klisterm\u00e4rke f\u00f6re anv\u00e4ndning.<\/p>","protected":false},"featured_media":12396,"comment_status":"open","ping_status":"closed","template":"","meta":[],"product_brand":[],"product_cat":[151,152,153,154,452,453,454,455,481,484,486,483,456],"product_tag":[83,383,221,121,120,122,123,203],"class_list":{"0":"post-11049","1":"product","2":"type-product","3":"status-publish","4":"has-post-thumbnail","6":"product_cat-model-3","7":"product_cat-model-s","8":"product_cat-model-x","9":"product_cat-model-y","10":"product_cat-m3-tarvikkeet","11":"product_cat-ms-tarvikkeet","12":"product_cat-mx-tarvikkeet","13":"product_cat-my-tarvikkeet","14":"product_cat-tarvikkeet-ulkopuolelle-model-3","15":"product_cat-tarvikkeet-ulkopuolelle-model-s","16":"product_cat-tarvikkeet-ulkopuolelle-model-x","17":"product_cat-tarvikkeet-ulkopuolelle-model-y","18":"product_cat-vannetarvikkeet","19":"product_tag-autotarvikkeet","20":"product_tag-keskikupit","21":"product_tag-keskiokupit","22":"product_tag-tesla","23":"product_tag-tesla-model-3","24":"product_tag-tesla-model-s","25":"product_tag-tesla-model-x","26":"product_tag-tesla-model-y","28":"first","29":"instock","30":"taxable","31":"shipping-taxable","32":"purchasable","33":"product-type-simple"},"jetpack_sharing_enabled":true,"_links":{"self":[{"href":"https:\/\/www.vempele.fi\/sv\/wp-json\/wp\/v2\/product\/11049","targetHints":{"allow":["GET"]}}],"collection":[{"href":"https:\/\/www.vempele.fi\/sv\/wp-json\/wp\/v2\/product"}],"about":[{"href":"https:\/\/www.vempele.fi\/sv\/wp-json\/wp\/v2\/types\/product"}],"replies":[{"embeddable":true,"href":"https:\/\/www.vempele.fi\/sv\/wp-json\/wp\/v2\/comments?post=11049"}],"wp:featuredmedia":[{"embeddable":true,"href":"https:\/\/www.vempele.fi\/sv\/wp-json\/wp\/v2\/media\/12396"}],"wp:attachment":[{"href":"https:\/\/www.vempele.fi\/sv\/wp-json\/wp\/v2\/media?parent=11049"}],"wp:term":[{"taxonomy":"product_brand","embeddable":true,"href":"https:\/\/www.vempele.fi\/sv\/wp-json\/wp\/v2\/product_brand?post=11049"},{"taxonomy":"product_cat","embeddable":true,"href":"https:\/\/www.vempele.fi\/sv\/wp-json\/wp\/v2\/product_cat?post=11049"},{"taxonomy":"product_tag","embeddable":true,"href":"https:\/\/www.vempele.fi\/sv\/wp-json\/wp\/v2\/product_tag?post=11049"}],"curies":[{"name":"wp","href":"https:\/\/api.w.org\/{rel}","templated":true}]}}