{"id":12167,"date":"2022-07-20T17:10:54","date_gmt":"2022-07-20T14:10:54","guid":{"rendered":"https:\/\/www.vempele.fi\/?post_type=product&#038;p=12167"},"modified":"2026-04-15T14:41:31","modified_gmt":"2026-04-15T11:41:31","slug":"frigus-ev-ice-3-245-50r19-tesla_model-y","status":"publish","type":"product","link":"https:\/\/www.vempele.fi\/sv\/tuote\/frigus-ev-ice-3-245-50r19-tesla_model-y\/","title":{"rendered":"FRIGUS EV ICE 3 245\/50R19 105V f\u00f6r Tesla Model Y"},"content":{"rendered":"<p>FRIGUS EV ICE 3 \u00e4r en nordisk serie d\u00e4ck som \u00e4r utformade f\u00f6r elfordon. D\u00e4cket \u00e4r idealiskt f\u00f6r vinterk\u00f6rning p\u00e5 is och sn\u00f6. D\u00e4cket leder bort vatten\/lera p\u00e5 ett j\u00e4mnt s\u00e4tt, vilket minskar risken f\u00f6r att fastna i leran. D\u00e4ckets slitbana \u00e4r tillverkad av mjukt naturgummi och \u00e4r mycket slitstarkt och l\u00e4mnar mindre d\u00e4ckdamm i milj\u00f6n \u00e4n m\u00e5nga av sina konkurrenter. D\u00e4ckets sidov\u00e4ggar \u00e4r styvare \u00e4n andra nordiska friktionsd\u00e4ck, vilket f\u00f6rb\u00e4ttrar k\u00f6rk\u00e4nslan, s\u00e4rskilt p\u00e5 en kraftfull elbil.<\/p>\n<p>Ett d\u00e4ck kan ha tillverkats f\u00f6r mer \u00e4n 3 men mindre \u00e4n 5 \u00e5r sedan. D\u00e4cket har dock f\u00f6rvarats p\u00e5 r\u00e4tt s\u00e4tt och \u00e4r s\u00e5 gott som nytt.<\/p>\n<p>&nbsp;<\/p>","protected":false},"excerpt":{"rendered":"<p>Typ 245\/50R19 vinter, Tesla Model Y<\/p>\n<ul>\n<li>Bredd: 245<\/li>\n<li>Profilf\u00f6rh\u00e5llande: 50<\/li>\n<li>F\u00e4lgens diameter: 19<\/li>\n<li>Kompatibla f\u00e4lgbredder: 7 \u00bdJ, 8J, 7J, 8 \u00bdJ<\/li>\n<li>Lastindex: 105 (max 925 kg)<\/li>\n<li>Vikt: 13,70 kg<\/li>\n<\/ul>\n<p>Pris f\u00f6r ett d\u00e4ck.<\/p>","protected":false},"featured_media":8689,"comment_status":"open","ping_status":"closed","template":"","meta":[],"product_brand":[],"product_cat":[154,371,128],"product_tag":[301,83,303,299,300,302,121,203],"class_list":{"0":"post-12167","1":"product","2":"type-product","3":"status-publish","4":"has-post-thumbnail","6":"product_cat-model-y","7":"product_cat-renkaat","8":"product_cat-tesla-tuotteet","9":"product_tag-autonrenkaat","10":"product_tag-autotarvikkeet","11":"product_tag-frigus","12":"product_tag-rengas","13":"product_tag-renkaat","14":"product_tag-talvirenkaat","15":"product_tag-tesla","16":"product_tag-tesla-model-y","17":"product_shipping_class-nouto","19":"first","20":"outofstock","21":"sale","22":"taxable","23":"shipping-taxable","24":"purchasable","25":"product-type-simple"},"jetpack_sharing_enabled":true,"_links":{"self":[{"href":"https:\/\/www.vempele.fi\/sv\/wp-json\/wp\/v2\/product\/12167","targetHints":{"allow":["GET"]}}],"collection":[{"href":"https:\/\/www.vempele.fi\/sv\/wp-json\/wp\/v2\/product"}],"about":[{"href":"https:\/\/www.vempele.fi\/sv\/wp-json\/wp\/v2\/types\/product"}],"replies":[{"embeddable":true,"href":"https:\/\/www.vempele.fi\/sv\/wp-json\/wp\/v2\/comments?post=12167"}],"wp:featuredmedia":[{"embeddable":true,"href":"https:\/\/www.vempele.fi\/sv\/wp-json\/wp\/v2\/media\/8689"}],"wp:attachment":[{"href":"https:\/\/www.vempele.fi\/sv\/wp-json\/wp\/v2\/media?parent=12167"}],"wp:term":[{"taxonomy":"product_brand","embeddable":true,"href":"https:\/\/www.vempele.fi\/sv\/wp-json\/wp\/v2\/product_brand?post=12167"},{"taxonomy":"product_cat","embeddable":true,"href":"https:\/\/www.vempele.fi\/sv\/wp-json\/wp\/v2\/product_cat?post=12167"},{"taxonomy":"product_tag","embeddable":true,"href":"https:\/\/www.vempele.fi\/sv\/wp-json\/wp\/v2\/product_tag?post=12167"}],"curies":[{"name":"wp","href":"https:\/\/api.w.org\/{rel}","templated":true}]}}