{"id":12544,"date":"2022-08-17T15:32:34","date_gmt":"2022-08-17T12:32:34","guid":{"rendered":"https:\/\/www.vempele.fi\/?post_type=product&#038;p=12544"},"modified":"2025-12-11T09:39:06","modified_gmt":"2025-12-11T07:39:06","slug":"nokia-dack-hakkapeliitta-r5-sommar-235-55r18-104r-xl","status":"publish","type":"product","link":"https:\/\/www.vempele.fi\/sv\/tuote\/nokia-tyres-hakkapeliitta-r5-suv-235-55r18-104r-xl\/","title":{"rendered":"Nokian D\u00e4ck Hakkapeliitta R5 SUV 235\/55R18 104R XL - Modell Y"},"content":{"rendered":"<p>1 st Nokian D\u00e4ck Hakkapeliitta R5 SUV 235\/55R18 104R XL<\/p>\n<ul>\n<li class=\"single-product__section-title\">EU:s d\u00e4ckm\u00e4rkning<\/li>\n<li>Typ: friktionsd\u00e4ck<\/li>\n<li>Tum: 18<\/li>\n<li>Bredd: 235<\/li>\n<li>Profil: 55<\/li>\n<li class=\"single-product__section-title\">Hastighetskategori: 170 km\/tim (T)<\/li>\n<li class=\"single-product__section-title\">Lastkapacitet: 900 kg (104)<\/li>\n<\/ul>","protected":false},"excerpt":{"rendered":"<p class=\"single-product__title\">Nokian D\u00e4ck Hakkapeliitta R5 SUV 235\/55R18 104R XL.<\/p>\n<p>Friktionsd\u00e4ck. Rekommenderas s\u00e4rskilt f\u00f6r Tesla Model Y.<\/p>\n<p>Hakkapeliitta R5 SUV \u00e4r ett friktionsd\u00e4ck f\u00f6r personbilar, crossovers och SUV:ar. Hakkapeliitta R5 SUV \u00e4r s\u00e4rskilt utformat f\u00f6r h\u00f6gpresterande och stora fordon och ger optimerad stabilitet, styrka och slitstyrka, samtidigt som det hanterar h\u00f6ga hjullaster med precision och tillf\u00f6rlitlighet. Unika Arctic Grip Crystals-partiklar ger klassens b\u00e4sta prestanda p\u00e5 is. Aramidf\u00f6rst\u00e4rkta sidov\u00e4ggar f\u00f6r b\u00e4ttre h\u00e5llbarhet och punkteringsskydd.<\/p>\n<p class=\"ewa-rteLine\">- Ren vinterunderh\u00e5ll och balanserad k\u00f6rning<br \/>\n- B\u00e4ttre stabilitet och \u00f6verl\u00e4gsen k\u00f6rkomfort<br \/>\n- Milj\u00f6v\u00e4nlig mobilitet och br\u00e4nslebesparingar<br \/>\n- Aramidf\u00f6rst\u00e4rkta sidoytor f\u00f6r h\u00e5llbarhet och skydd<\/p>\n<p class=\"ewa-rteLine\">REN L\u00c4NGD<\/p>\n<p class=\"ewa-rteLine\">Vintern f\u00f6r med sig of\u00f6ruts\u00e4gbara och ibland farliga k\u00f6rf\u00f6rh\u00e5llanden. Det \u00e4r viktigt att kunna lita p\u00e5 sina d\u00e4ck. Hakkapeliitta R5 SUV \u00e4r l\u00e4mpligt f\u00f6r alla k\u00f6rf\u00f6rh\u00e5llanden i norra vintern och erbjuder prestanda och f\u00f6ruts\u00e4gbarhet p\u00e5 barmark, v\u00e5ta, isiga och sn\u00f6iga v\u00e4gar. Den nya Double Block Grip-designen ger \u00f6verl\u00e4gset grepp och hantering. Arctic Grip Crystals-partiklar, som fungerar som inbyggda dubbar, ger utm\u00e4rkta prestanda p\u00e5 is. N\u00e4r d\u00e4cket utvecklas kommer partiklarna ut och fungerar som en greppreserv n\u00e4r det beh\u00f6vs.<\/p>\n<p class=\"ewa-rteLine\">PURE CONTROL<\/p>\n<p class=\"ewa-rteLine\">Hakkapeliitta R5 SUV har en stark stomme som f\u00f6rb\u00e4ttrar k\u00f6rstabiliteten och slitstyrkan och ger f\u00f6raren trygghet inf\u00f6r vinterns varierande k\u00f6rf\u00f6rh\u00e5llanden, fr\u00e5n sn\u00f6iga och isiga v\u00e4gar till spruckna och oj\u00e4mna v\u00e4gar. F\u00f6r extra skydd och h\u00e5llbarhet har d\u00e4cket Aramid-f\u00f6rst\u00e4rkta sidov\u00e4ggar. Den starka och syntetiska Aramid-fibern som anv\u00e4nds i gummiblandningen f\u00f6rst\u00e4rker sidov\u00e4ggarna, vilket \u00f6kar d\u00e4ckets motst\u00e5ndskraft mot st\u00f6tar och sk\u00e4rskador. Samma material anv\u00e4nds i produkter f\u00f6r flyg- och rymdindustrin samt f\u00f6rsvarsindustrin.<\/p>\n<p class=\"ewa-rteLine\">REN MILJ\u00d6V\u00c4NLIGHET<\/p>\n<p class=\"ewa-rteLine\">Hakkapeliitta R5 SUV har utformats med val som b\u00f6rjar med de material som minskar d\u00e4ckets koldioxidavtryck. Green Trace-blandningen \u00e4r utformad f\u00f6r SUV:ar och ger Hakkapeliitta R5 SUV utm\u00e4rkta vinteregenskaper, h\u00f6g k\u00f6rstr\u00e4cka och l\u00e5gt rullmotst\u00e5nd, vilket ytterligare f\u00f6rb\u00e4ttrar d\u00e4ckets stabilitet och h\u00e5llbarhet. Den styva gummiblandningen, som fungerar \u00f6ver ett brett temperaturomr\u00e5de, s\u00e4kerst\u00e4ller l\u00e5ng livsl\u00e4ngd och det l\u00e5ga rullmotst\u00e5ndet sparar br\u00e4nsle och minskar skadliga utsl\u00e4pp.<\/p>\n<p class=\"ewa-rteLine\">OSLAGBART GREPP P\u00c5 IS OCH \u00d6VERL\u00c4GSEN V\u00c4GH\u00c5LLNING<\/p>\n<p class=\"ewa-rteLine\">De mikroskopiska Arctic Grip-kristallerna som blandats i ytgummit p\u00e5 Hakkapeliitta R5 SUV fungerar som inbyggda dubbar och skapar skarpa och h\u00e5llbara greppkanter i gummit. N\u00e4r d\u00e4cket slits framtr\u00e4der partiklarna och fungerar som en v\u00e4lbeh\u00f6vlig greppreserv.<\/p>\n<p class=\"ewa-rteLine\">Hakkapeliitta R5:s \u00f6verl\u00e4gsna grepp och k\u00f6regenskaper bygger p\u00e5 den nya Double Block Grip-designen, som \u00e4r s\u00e4rskilt tydlig i d\u00e4ckets axelomr\u00e5den. Den styva raden av m\u00f6nstrade block b\u00f6rjar i mitten och forts\u00e4tter katha mot axelpartierna. 40% har fler m\u00f6nsterblock i d\u00e4ckets axel- och mellanomr\u00e5den j\u00e4mf\u00f6rt med sin f\u00f6reg\u00e5ngare, vilket inneb\u00e4r att det finns mer gummi i kontakt med v\u00e4gytan i kontaktomr\u00e5det. Detta inneb\u00e4r att d\u00e4ckets grepp p\u00e5 hala ytor f\u00f6rb\u00e4ttras.<\/p>\n<p><strong>Obs!<\/strong><br \/>\nNokia-d\u00e4cken kommer direkt fr\u00e5n leverant\u00f6ren till oss, vanligtvis dagen efter att best\u00e4llningen har gjorts.<br \/>\nLagersaldon uppdateras inte automatiskt, s\u00e5 vi kommer att kontakta dig omedelbart om d\u00e4cket av n\u00e5gon anledning inte finns tillg\u00e4ngligt omedelbart.<\/p>","protected":false},"featured_media":12573,"comment_status":"open","ping_status":"closed","template":"","meta":[],"product_brand":[],"product_cat":[154,371,128],"product_tag":[301,394,299,300,121,203,321],"class_list":{"0":"post-12544","1":"product","2":"type-product","3":"status-publish","4":"has-post-thumbnail","6":"product_cat-model-y","7":"product_cat-renkaat","8":"product_cat-tesla-tuotteet","9":"product_tag-autonrenkaat","10":"product_tag-nokian-renkaat","11":"product_tag-rengas","12":"product_tag-renkaat","13":"product_tag-tesla","14":"product_tag-tesla-model-y","15":"product_tag-vanteet","16":"product_shipping_class-nouto","18":"first","19":"instock","20":"taxable","21":"shipping-taxable","22":"purchasable","23":"product-type-simple"},"jetpack_sharing_enabled":true,"_links":{"self":[{"href":"https:\/\/www.vempele.fi\/sv\/wp-json\/wp\/v2\/product\/12544","targetHints":{"allow":["GET"]}}],"collection":[{"href":"https:\/\/www.vempele.fi\/sv\/wp-json\/wp\/v2\/product"}],"about":[{"href":"https:\/\/www.vempele.fi\/sv\/wp-json\/wp\/v2\/types\/product"}],"replies":[{"embeddable":true,"href":"https:\/\/www.vempele.fi\/sv\/wp-json\/wp\/v2\/comments?post=12544"}],"wp:featuredmedia":[{"embeddable":true,"href":"https:\/\/www.vempele.fi\/sv\/wp-json\/wp\/v2\/media\/12573"}],"wp:attachment":[{"href":"https:\/\/www.vempele.fi\/sv\/wp-json\/wp\/v2\/media?parent=12544"}],"wp:term":[{"taxonomy":"product_brand","embeddable":true,"href":"https:\/\/www.vempele.fi\/sv\/wp-json\/wp\/v2\/product_brand?post=12544"},{"taxonomy":"product_cat","embeddable":true,"href":"https:\/\/www.vempele.fi\/sv\/wp-json\/wp\/v2\/product_cat?post=12544"},{"taxonomy":"product_tag","embeddable":true,"href":"https:\/\/www.vempele.fi\/sv\/wp-json\/wp\/v2\/product_tag?post=12544"}],"curies":[{"name":"wp","href":"https:\/\/api.w.org\/{rel}","templated":true}]}}