{"id":12556,"date":"2022-08-18T11:08:01","date_gmt":"2022-08-18T08:08:01","guid":{"rendered":"https:\/\/www.vempele.fi\/?post_type=product&#038;p=12556"},"modified":"2026-01-02T14:27:45","modified_gmt":"2026-01-02T12:27:45","slug":"nokia-hakkapeliitta-r5-235-40r19-96t-xl","status":"publish","type":"product","link":"https:\/\/www.vempele.fi\/sv\/tuote\/nokia-hakkapeliitta-r5-235-40r19-96t-xl\/","title":{"rendered":"Nokian D\u00e4ck Hakkapeliitta R5 235\/40R19 96T XL - Modell 3"},"content":{"rendered":"<p>1 st Nokian D\u00e4ck Hakkapeliitta R5 235\/40R19 96T XL.<\/p>\n<ul>\n<li class=\"single-product__section-title\">EU:s d\u00e4ckm\u00e4rkning<\/li>\n<li>Typ: friktionsd\u00e4ck<\/li>\n<li>Tum: 19<\/li>\n<li>Bredd: 235<\/li>\n<li>Profil: 40<\/li>\n<li class=\"single-product__section-title\">Hastighetskategori: 190 km\/tim (T)<\/li>\n<li class=\"single-product__section-title\">Lastkapacitet: 710 kg (96)<\/li>\n<\/ul>","protected":false},"excerpt":{"rendered":"<p class=\"single-product__title\">Nokian D\u00e4ck Hakkapeliitta R5 235\/40R19 96T XL.<\/p>\n<p>Friktionsd\u00e4ck. Rekommenderas s\u00e4rskilt f\u00f6r Tesla Model 3.<\/p>\n<p>Hakkapeliitta R5 \u00e4r ett friktionsd\u00e4ck f\u00f6r personbilar. Det garanterar kompromissl\u00f6st grepp och intelligent k\u00f6rprestanda varje dag under vintern. Hakkapeliitta R5 \u00e4r s\u00e4kerhet i sin renaste form: en innovativ kombination av vintergrepp, tystnad och milj\u00f6v\u00e4nlighet. D\u00e4ckets \u00f6verl\u00e4gsna grepp och k\u00f6rprestanda baseras p\u00e5 den nya Double Block Grip-designen. De unika Arctic Grip Crystals-partiklarna ger b\u00e4sta m\u00f6jliga isgrepp.<\/p>\n<p>- Ren vinterunderh\u00e5ll och balanserad k\u00f6rning<br \/>\n- \u00d6verl\u00e4gsen k\u00f6rkomfort och tystnad<br \/>\n- Milj\u00f6v\u00e4nlig mobilitet och br\u00e4nslebesparingar<\/p>\n<p>REN TYSTNAD<\/p>\n<p>D\u00e4ckets ljudniv\u00e5 \u00e4r en viktig faktor f\u00f6r k\u00f6rkomforten. Nya Hakkapeliitta R5 \u00e4r ett friktionsd\u00e4ck med en tyst, bekv\u00e4m och stabil ljudprofil. St\u00f6rande ljudtoppar som kan uppfattas av det m\u00e4nskliga \u00f6rat har eliminerats och det nya Silent Touch-m\u00f6nstret har en ny f\u00f6rdelning av m\u00f6nstrade lappar f\u00f6r en bekv\u00e4m och behaglig rullupplevelse.<\/p>\n<p>REN MILJ\u00d6V\u00c4NLIGHET<\/p>\n<p>Hakkapeliitta R5 \u00e4r ett slitstarkt, bekv\u00e4mt och mycket energieffektivt vinterd\u00e4ck. Den l\u00e4ttare rullningen sparar br\u00e4nsle och f\u00f6rl\u00e4nger r\u00e4ckvidden f\u00f6r elfordon. Hakkapeliitta R5 \u00e4r utformat med materialval som minskar d\u00e4ckets koldioxidavtryck. D\u00e4ckets utm\u00e4rkta vinterprestanda, h\u00f6gre k\u00f6rstr\u00e4cka och l\u00e5ga rullmotst\u00e5nd s\u00e4kerst\u00e4lls av den nya gummiblandningen Green Trace. Hakkapeliitta R5:s milj\u00f6v\u00e4nliga k\u00f6regenskaper baseras p\u00e5 r\u00e5material som naturgummi, \u00e5tervunnet st\u00e5l, vegetabiliska oljor och tallharts. Mer \u00e4n en tredjedel av den nya gummiblandningen \u00e4r tillverkad av f\u00f6rnybara och \u00e5tervunna material.<\/p>\n<p>OSLAGBART GREPP P\u00c5 IS OCH \u00d6VERL\u00c4GSEN V\u00c4GH\u00c5LLNING<\/p>\n<div>\n<p>De mikroskopiska Arctic Grip-kristallerna som blandats i ytgummit p\u00e5 Hakkapeliitta R5 fungerar som inbyggda dubbar och skapar skarpa och h\u00e5llbara greppkanter i gummit. N\u00e4r d\u00e4cket slits framtr\u00e4der partiklarna och fungerar som en v\u00e4lbeh\u00f6vlig greppreserv.<\/p>\n<p>Hakkapeliitta R5:s \u00f6verl\u00e4gsna grepp och k\u00f6regenskaper bygger p\u00e5 den nya Double Block Grip-designen, som \u00e4r s\u00e4rskilt tydlig i d\u00e4ckets axelomr\u00e5den. Den styva raden av m\u00f6nstrade block b\u00f6rjar i mitten och forts\u00e4tter katha mot axelpartierna. 40% har fler m\u00f6nsterblock i d\u00e4ckets axel- och mellanomr\u00e5den j\u00e4mf\u00f6rt med sin f\u00f6reg\u00e5ngare, vilket inneb\u00e4r att det finns mer gummi i kontakt med v\u00e4gytan i kontaktomr\u00e5det. Detta inneb\u00e4r att d\u00e4ckets grepp p\u00e5 hala ytor f\u00f6rb\u00e4ttras.<\/p>\n<p>PATENTERAD S\u00c4KERHET<\/p>\n<p>Den patenterade Winter Safety Indicator (WSI) p\u00e5 slitbanan p\u00e5 Hakkapeliitta R5 f\u00f6rb\u00e4ttrar d\u00e4ckets s\u00e4kerhet ytterligare. Symbolen med sn\u00f6flingan visar den \u00e5terst\u00e5ende slitbanan i millimeter. Symbolen f\u00f6rblir synlig tills det \u00e5terst\u00e5r fyra millimeter av slitbanan. N\u00e4r symbolen f\u00f6r sn\u00f6flingan har f\u00f6rsvunnit rekommenderas k\u00f6p av nya vinterd\u00e4ck.<\/p>\n<\/div>\n<p><strong>Obs!<\/strong><br \/>\nNokia-d\u00e4cken kommer direkt fr\u00e5n leverant\u00f6ren till oss, vanligtvis dagen efter att best\u00e4llningen har gjorts.<br \/>\nLagersaldon uppdateras inte automatiskt, s\u00e5 vi kommer att kontakta dig omedelbart om d\u00e4cket av n\u00e5gon anledning inte finns tillg\u00e4ngligt omedelbart.<\/p>","protected":false},"featured_media":12569,"comment_status":"open","ping_status":"closed","template":"","meta":[],"product_brand":[],"product_cat":[151,371,128],"product_tag":[301,394,299,300,121,120,321],"class_list":{"0":"post-12556","1":"product","2":"type-product","3":"status-publish","4":"has-post-thumbnail","6":"product_cat-model-3","7":"product_cat-renkaat","8":"product_cat-tesla-tuotteet","9":"product_tag-autonrenkaat","10":"product_tag-nokian-renkaat","11":"product_tag-rengas","12":"product_tag-renkaat","13":"product_tag-tesla","14":"product_tag-tesla-model-3","15":"product_tag-vanteet","16":"product_shipping_class-nouto","18":"first","19":"outofstock","20":"sale","21":"taxable","22":"shipping-taxable","23":"purchasable","24":"product-type-simple"},"jetpack_sharing_enabled":true,"_links":{"self":[{"href":"https:\/\/www.vempele.fi\/sv\/wp-json\/wp\/v2\/product\/12556","targetHints":{"allow":["GET"]}}],"collection":[{"href":"https:\/\/www.vempele.fi\/sv\/wp-json\/wp\/v2\/product"}],"about":[{"href":"https:\/\/www.vempele.fi\/sv\/wp-json\/wp\/v2\/types\/product"}],"replies":[{"embeddable":true,"href":"https:\/\/www.vempele.fi\/sv\/wp-json\/wp\/v2\/comments?post=12556"}],"wp:featuredmedia":[{"embeddable":true,"href":"https:\/\/www.vempele.fi\/sv\/wp-json\/wp\/v2\/media\/12569"}],"wp:attachment":[{"href":"https:\/\/www.vempele.fi\/sv\/wp-json\/wp\/v2\/media?parent=12556"}],"wp:term":[{"taxonomy":"product_brand","embeddable":true,"href":"https:\/\/www.vempele.fi\/sv\/wp-json\/wp\/v2\/product_brand?post=12556"},{"taxonomy":"product_cat","embeddable":true,"href":"https:\/\/www.vempele.fi\/sv\/wp-json\/wp\/v2\/product_cat?post=12556"},{"taxonomy":"product_tag","embeddable":true,"href":"https:\/\/www.vempele.fi\/sv\/wp-json\/wp\/v2\/product_tag?post=12556"}],"curies":[{"name":"wp","href":"https:\/\/api.w.org\/{rel}","templated":true}]}}