{"id":12557,"date":"2022-08-18T11:26:10","date_gmt":"2022-08-18T08:26:10","guid":{"rendered":"https:\/\/www.vempele.fi\/?post_type=product&#038;p=12557"},"modified":"2025-11-05T08:37:49","modified_gmt":"2025-11-05T06:37:49","slug":"nokia-hakkapeliitta-10-235-40r19-96t-xl","status":"publish","type":"product","link":"https:\/\/www.vempele.fi\/sv\/tuote\/nokia-hakkapeliitta-10-235-40r19-96t-xl\/","title":{"rendered":"Nokian D\u00e4ck Hakkapeliitta 10 235\/40R19 96T XL - Modell 3"},"content":{"rendered":"<p>1 st Nokian D\u00e4ck Hakkapeliitta 10 235\/40R19 96T XL.<\/p>\n<ul>\n<li class=\"single-product__section-title\">EU:s d\u00e4ckm\u00e4rkning<\/li>\n<li>Typ: dubbd\u00e4ck<\/li>\n<li>Tum: 19<\/li>\n<li>Bredd: 235<\/li>\n<li>Profil: 40<\/li>\n<li class=\"single-product__section-title\">Hastighetskategori: 190 km\/tim (T)<\/li>\n<li class=\"single-product__section-title\">Lastkapacitet: 710 kg (96)<\/li>\n<\/ul>","protected":false},"excerpt":{"rendered":"<p class=\"single-product__title\">Nokian D\u00e4ck Hakkapeliitta 10 235\/40R19 96T XL.<\/p>\n<p>Dubbd\u00e4ck. Rekommenderas s\u00e4rskilt f\u00f6r Tesla Model 3.<\/p>\n<div>\n<p><strong>N\u00e4sta generations s\u00e4kerhet<\/strong><\/p>\n<p>- Extrem s\u00e4kerhet - \u00f6verl\u00e4gset grepp p\u00e5 is och sn\u00f6<br \/>\n- Stabil och exakt v\u00e4gh\u00e5llning, \u00e4ven p\u00e5 barmark<br \/>\n- Maximal k\u00f6rkomfort, behaglig ljudniv\u00e5<br \/>\n- Fler k\u00f6rda kilometer och l\u00e4gre br\u00e4nslef\u00f6rbrukning<\/p>\n<p>Det nya dubbd\u00e4cket Hakkapeliitta 10 fr\u00e5n Nokian ger sinnesfrid under den nordiska vintern. Detta n\u00e4sta generations vinterd\u00e4ck kombinerar milj\u00f6v\u00e4nlighet, k\u00f6rkomfort och \u00f6verl\u00e4gset grepp p\u00e5 sn\u00f6 och is.Nokian Hakkapeliitta 10 anv\u00e4nder Nokian Tyres dubbelpinnsteknik, med mittpinnar f\u00f6r f\u00f6rb\u00e4ttrad acceleration och bromsgrepp och axelpinnar f\u00f6r maximalt grepp i kurvor och filbyten.F\u00f6r b\u00e4sta m\u00f6jliga k\u00f6rkomfort har Nokian Hakkapeliitta 10 ett nytt greppm\u00f6nster f\u00f6r stabilitet och sn\u00f6grepp samt optimal stiftplacering f\u00f6r en j\u00e4mn och behaglig ljudmilj\u00f6.<\/p>\n<p><strong>\u00d6verl\u00e4gset vintergrepp fr\u00e5n en modern dubbd\u00e4cksl\u00f6sning<\/strong><\/p>\n<p>Under utmanande vinterf\u00f6rh\u00e5llanden g\u00f6r sn\u00f6t\u00e4ckta v\u00e4gar det ofta sv\u00e5rt att h\u00e5lla sig i k\u00f6rf\u00e4ltet och att sv\u00e4nga. Reaktionstid och bromsstr\u00e4cka \u00e4r viktiga s\u00e4kerhetsfaktorer. Nokian Hakkapeliitta 10:s dubbd\u00e4cksl\u00f6sning ger mer reaktionstid i vinterf\u00f6rh\u00e5llanden tack vare sitt f\u00f6rstklassiga sn\u00f6grepp. Alla dubbar \u00e4r placerade med hj\u00e4lp av toppmodern dubbteknik, och de nya stj\u00e4rnformade dubbarna roteras 180 grader i axelomr\u00e5dena f\u00f6r att tr\u00e4ffa v\u00e4gytan i en optimal vinkel.<\/p>\n<p><strong>Extrem stabilitet och l\u00e4tthanterlig k\u00f6rbarhet<\/strong><\/p>\n<p>Nokian Hakkapeliitta 10:s kraftigt laminerade slitbanem\u00f6nster s\u00e4kerst\u00e4ller stabila och m\u00e5ngsidiga prestanda under varierande v\u00e4derf\u00f6rh\u00e5llanden p\u00e5 is, sn\u00f6 och texturerade v\u00e4gar. Den stabilitet som det kraftigt laminerade slitbanem\u00f6nstret ger \u00f6kar ocks\u00e5 k\u00f6rs\u00e4kerheten vid filbyten i sn\u00f6 och slask.<\/p>\n<p><strong>L\u00e4ttviktsd\u00e4cket minskar skadliga utsl\u00e4pp<\/strong><\/p>\n<p>Fr\u00e5n milda vinterdagar till minusgrader, Nokias nya Hakkapeliitta 10-bel\u00e4ggning f\u00f6rblir flexibel. Ett l\u00e4ttrullande ytm\u00f6nster och en uppfinningsrik anv\u00e4ndning av r\u00e5material g\u00f6r Nokian Hakkapeliitta 10 till ett mer ansvarsfullt val f\u00f6r f\u00f6rare. Nokian Hakkapeliitta 10 har l\u00e5gt rullmotst\u00e5nd, vilket ger br\u00e4nslebesparingar och minskar de skadliga utsl\u00e4ppen under k\u00f6rning.<\/p>\n<p><strong>Tyst dubbd\u00e4ck<\/strong><\/p>\n<p>Nokian Hakkapeliitta 10:s j\u00e4mna och behagliga ljudmilj\u00f6 f\u00f6rb\u00e4ttrar k\u00f6rkomforten. dubbarna \u00e4r optimalt placerade f\u00f6r att minimera st\u00f6rande ljudv\u00e5gor och irriterande ljudfrekvenstoppar. Du kan njuta av tyst k\u00f6rning.<\/p>\n<\/div>\n<p><strong>Obs!<\/strong><br \/>\nNokia-d\u00e4cken kommer direkt fr\u00e5n leverant\u00f6ren till oss, vanligtvis dagen efter att best\u00e4llningen har gjorts.<br \/>\nLagersaldon uppdateras inte automatiskt, s\u00e5 vi kommer att kontakta dig omedelbart om d\u00e4cket av n\u00e5gon anledning inte finns tillg\u00e4ngligt omedelbart.<\/p>","protected":false},"featured_media":12568,"comment_status":"open","ping_status":"closed","template":"","meta":[],"product_brand":[],"product_cat":[151,371,128],"product_tag":[301,394,299,300,121,120,321],"class_list":{"0":"post-12557","1":"product","2":"type-product","3":"status-publish","4":"has-post-thumbnail","6":"product_cat-model-3","7":"product_cat-renkaat","8":"product_cat-tesla-tuotteet","9":"product_tag-autonrenkaat","10":"product_tag-nokian-renkaat","11":"product_tag-rengas","12":"product_tag-renkaat","13":"product_tag-tesla","14":"product_tag-tesla-model-3","15":"product_tag-vanteet","16":"product_shipping_class-nouto","18":"first","19":"instock","20":"taxable","21":"shipping-taxable","22":"purchasable","23":"product-type-simple"},"jetpack_sharing_enabled":true,"_links":{"self":[{"href":"https:\/\/www.vempele.fi\/sv\/wp-json\/wp\/v2\/product\/12557","targetHints":{"allow":["GET"]}}],"collection":[{"href":"https:\/\/www.vempele.fi\/sv\/wp-json\/wp\/v2\/product"}],"about":[{"href":"https:\/\/www.vempele.fi\/sv\/wp-json\/wp\/v2\/types\/product"}],"replies":[{"embeddable":true,"href":"https:\/\/www.vempele.fi\/sv\/wp-json\/wp\/v2\/comments?post=12557"}],"wp:featuredmedia":[{"embeddable":true,"href":"https:\/\/www.vempele.fi\/sv\/wp-json\/wp\/v2\/media\/12568"}],"wp:attachment":[{"href":"https:\/\/www.vempele.fi\/sv\/wp-json\/wp\/v2\/media?parent=12557"}],"wp:term":[{"taxonomy":"product_brand","embeddable":true,"href":"https:\/\/www.vempele.fi\/sv\/wp-json\/wp\/v2\/product_brand?post=12557"},{"taxonomy":"product_cat","embeddable":true,"href":"https:\/\/www.vempele.fi\/sv\/wp-json\/wp\/v2\/product_cat?post=12557"},{"taxonomy":"product_tag","embeddable":true,"href":"https:\/\/www.vempele.fi\/sv\/wp-json\/wp\/v2\/product_tag?post=12557"}],"curies":[{"name":"wp","href":"https:\/\/api.w.org\/{rel}","templated":true}]}}