{"id":12558,"date":"2022-08-18T11:38:06","date_gmt":"2022-08-18T08:38:06","guid":{"rendered":"https:\/\/www.vempele.fi\/?post_type=product&#038;p=12558"},"modified":"2024-09-09T13:09:39","modified_gmt":"2024-09-09T10:09:39","slug":"nokia-hakkapeliitta-r5-ev-235-35r20-92t-xl","status":"publish","type":"product","link":"https:\/\/www.vempele.fi\/sv\/tuote\/nokia-hakkapeliitta-r5-ev-235-35r20-92t-xl\/","title":{"rendered":"Nokian D\u00e4ck Hakkapeliitta R5 EV 235\/35R20 92T XL - Modell 3"},"content":{"rendered":"<p>1 st Nokian D\u00e4ck Hakkapeliitta R5 EV 235\/35R20 92T XL.<\/p>\n<ul>\n<li class=\"single-product__section-title\">EU:s d\u00e4ckm\u00e4rkning<\/li>\n<li>Typ: friktionsd\u00e4ck<\/li>\n<li>Tum: 20<\/li>\n<li>Bredd: 235<\/li>\n<li>Profil: 35<\/li>\n<li class=\"single-product__section-title\">Hastighetskategori: 190 km\/tim (T)<\/li>\n<li class=\"single-product__section-title\">Lastkapacitet: 630 kg (92)<\/li>\n<\/ul>","protected":false},"excerpt":{"rendered":"<p class=\"single-product__title\">Nokian D\u00e4ck Hakkapeliitta R5 EV 235\/35R20 92T XL.<\/p>\n<p>Friktionsd\u00e4ck. Rekommenderas s\u00e4rskilt f\u00f6r Tesla Model 3.<\/p>\n<div>\n<p>HELT S\u00c4KER<\/p>\n<p class=\"ewa-rteLine\">Det nya Hakkapeliitta R5 EV \u00e4r ett friktionsd\u00e4ck f\u00f6r personbilar, crossovers och SUV:ar. Hakkapeliitta R5 EV, som bygger p\u00e5 milj\u00f6v\u00e4nlig teknik, ger maximal s\u00e4kerhet och komfort f\u00f6r elbilar och hybrider samt \u00f6kad k\u00f6rstr\u00e4cka. Unika Arctic Grip Crystals-partiklar garanterar klassens b\u00e4sta prestanda p\u00e5 is. K\u00f6rkomforten garanteras av SilentDrive\u2122-tekniken.<\/p>\n<p class=\"ewa-rteLine\">- Ren vinterunderh\u00e5ll och balanserad k\u00f6rning<br \/>\n- Milj\u00f6v\u00e4nlig mobilitet och l\u00e4ngre r\u00e4ckvidd<br \/>\n- Extremt l\u00e5g ljudniv\u00e5 tack vare SilentDrive\u2122-teknik<\/p>\n<p class=\"ewa-rteLine\">REN L\u00c4NGD<\/p>\n<p class=\"ewa-rteLine\">Vintern kan vara of\u00f6ruts\u00e4gbar och farlig, men d\u00e4cken beh\u00f6ver inte vara det. Det nya Hakkapeliitta R5 EV \u00e4r l\u00e4mpligt f\u00f6r alla nordiska vinterf\u00f6rh\u00e5llanden. Dess prestanda \u00e4r f\u00f6ruts\u00e4gbara p\u00e5 barmark, v\u00e5ta, isiga och sn\u00f6iga v\u00e4gar. Den nya Double Block Grip-designen ger \u00f6verl\u00e4gset grepp och hantering. Unika Arctic Grip Crystals-partiklar s\u00e4kerst\u00e4ller enast\u00e5ende prestanda p\u00e5 is. De mikroskopiska partiklarna fungerar som inbyggda dubbar. N\u00e4r d\u00e4cket slits framtr\u00e4der partiklarna och fungerar som en v\u00e4lbeh\u00f6vlig greppreserv.<\/p>\n<p class=\"ewa-rteLine\">REN TYSTNAD<\/p>\n<p class=\"ewa-rteLine\">Elbilar \u00e4r tystare \u00e4n konventionella bilar, och det tysta d\u00e4ckljudet g\u00f6r k\u00f6rningen \u00e4nnu mer bekv\u00e4m. L\u00e4gre bullerniv\u00e5er kan g\u00f6ra resan mer bekv\u00e4m och mindre stressande f\u00f6r f\u00f6raren. Detta \u00e4r viktigt eftersom vi vill skapa en lugn milj\u00f6 f\u00f6r f\u00f6rarna inne i bilen och h\u00e5lla omgivningsbullret p\u00e5 ett minimum. SilentDrive\u2122-tekniken maximerar komforten. Exceptionellt l\u00e5ga bullerniv\u00e5er uppn\u00e5s genom att ett lager av akustiskt skum l\u00e4ggs p\u00e5 d\u00e4ckets insida. Det nya Silent Touch-ytm\u00f6nstret ger en s\u00e5 bekv\u00e4m k\u00f6rupplevelse som m\u00f6jligt.<\/p>\n<p class=\"ewa-rteLine\">REN MILJ\u00d6V\u00c4NLIGHET<\/p>\n<p class=\"ewa-rteLine\">Hakkapeliitta R5 EV har utformats f\u00f6r att minska sitt koldioxidavtryck, vilket b\u00f6rjar med valet av material. Den nya gummiblandningen Green Trace ger utm\u00e4rkta vinteregenskaper, l\u00e4ngre k\u00f6rstr\u00e4cka och l\u00e5gt rullmotst\u00e5nd. Rullmotst\u00e5ndet har minskats ytterligare genom att optimera gummiblandningen specifikt f\u00f6r elfordon. Det h\u00f6ga inneh\u00e5llet av naturgummi g\u00f6r gummiblandningen flexibel under alla f\u00f6rh\u00e5llanden, medan det l\u00e5ga rullmotst\u00e5ndet sparar br\u00e4nsle och minskar de skadliga utsl\u00e4ppen.<\/p>\n<\/div>\n<p><strong>Obs!<\/strong><br \/>\nNokia-d\u00e4cken kommer direkt fr\u00e5n leverant\u00f6ren till oss, vanligtvis dagen efter att best\u00e4llningen har gjorts.<br \/>\nLagersaldon uppdateras inte automatiskt, s\u00e5 vi kommer att kontakta dig omedelbart om d\u00e4cket av n\u00e5gon anledning inte finns tillg\u00e4ngligt omedelbart.<\/p>","protected":false},"featured_media":12567,"comment_status":"open","ping_status":"closed","template":"","meta":[],"product_brand":[],"product_cat":[151,371,128],"product_tag":[301,394,299,300,121,120,321],"class_list":{"0":"post-12558","1":"product","2":"type-product","3":"status-publish","4":"has-post-thumbnail","6":"product_cat-model-3","7":"product_cat-renkaat","8":"product_cat-tesla-tuotteet","9":"product_tag-autonrenkaat","10":"product_tag-nokian-renkaat","11":"product_tag-rengas","12":"product_tag-renkaat","13":"product_tag-tesla","14":"product_tag-tesla-model-3","15":"product_tag-vanteet","16":"product_shipping_class-nouto","18":"first","19":"instock","20":"taxable","21":"shipping-taxable","22":"purchasable","23":"product-type-simple"},"jetpack_sharing_enabled":true,"_links":{"self":[{"href":"https:\/\/www.vempele.fi\/sv\/wp-json\/wp\/v2\/product\/12558","targetHints":{"allow":["GET"]}}],"collection":[{"href":"https:\/\/www.vempele.fi\/sv\/wp-json\/wp\/v2\/product"}],"about":[{"href":"https:\/\/www.vempele.fi\/sv\/wp-json\/wp\/v2\/types\/product"}],"replies":[{"embeddable":true,"href":"https:\/\/www.vempele.fi\/sv\/wp-json\/wp\/v2\/comments?post=12558"}],"wp:featuredmedia":[{"embeddable":true,"href":"https:\/\/www.vempele.fi\/sv\/wp-json\/wp\/v2\/media\/12567"}],"wp:attachment":[{"href":"https:\/\/www.vempele.fi\/sv\/wp-json\/wp\/v2\/media?parent=12558"}],"wp:term":[{"taxonomy":"product_brand","embeddable":true,"href":"https:\/\/www.vempele.fi\/sv\/wp-json\/wp\/v2\/product_brand?post=12558"},{"taxonomy":"product_cat","embeddable":true,"href":"https:\/\/www.vempele.fi\/sv\/wp-json\/wp\/v2\/product_cat?post=12558"},{"taxonomy":"product_tag","embeddable":true,"href":"https:\/\/www.vempele.fi\/sv\/wp-json\/wp\/v2\/product_tag?post=12558"}],"curies":[{"name":"wp","href":"https:\/\/api.w.org\/{rel}","templated":true}]}}