{"id":13090,"date":"2022-09-26T08:02:40","date_gmt":"2022-09-26T05:02:40","guid":{"rendered":"https:\/\/www.vempele.fi\/tuote\/nokia-hakkapeliitta-10-ev-255-45r19-104t-xl-copy\/"},"modified":"2024-09-09T13:04:38","modified_gmt":"2024-09-09T10:04:38","slug":"nokia-hakkapeliitta-10-sommar-245-50r19-105r-xl","status":"publish","type":"product","link":"https:\/\/www.vempele.fi\/sv\/tuote\/nokia-hakkapeliitta-10-suv-245-50r19-105r-xl\/","title":{"rendered":"Nokian D\u00e4ck Hakkapeliitta 10 SUV 245\/50R19 105T XL - Modell Y"},"content":{"rendered":"<p>1 st Nokian Tyres Hakkapeliitta 10 SUV: 245\/50R19 105T XL.<\/p>\n<ul>\n<li class=\"single-product__section-title\">EU:s d\u00e4ckm\u00e4rkning<\/li>\n<li>Typ: dubbd\u00e4ck<\/li>\n<li>Tum: 19<\/li>\n<li>Bredd: 245<\/li>\n<li>Profil: 50<\/li>\n<li class=\"single-product__section-title\">Hastighetskategori: 190 km\/tim (T)<\/li>\n<li class=\"single-product__section-title\">Lastkapacitet: 850 kg (105)<\/li>\n<\/ul>","protected":false},"excerpt":{"rendered":"<p class=\"single-product__title\">Nokian Tyres Hakkapeliitta 10 SUV: 245\/50R19 105T XL.<\/p>\n<p>Dubbd\u00e4ck. Rekommenderas s\u00e4rskilt f\u00f6r Tesla Model Y.<\/p>\n<p><strong>N\u00e4sta generations s\u00e4kerhet<\/strong><\/p>\n<p>- Extrem s\u00e4kerhet - \u00f6verl\u00e4gset grepp p\u00e5 is och sn\u00f6<br \/>\n- Stabil och exakt v\u00e4gh\u00e5llning, \u00e4ven p\u00e5 barmark<br \/>\n- Maximal k\u00f6rkomfort, behaglig ljudniv\u00e5<br \/>\n- Fler k\u00f6rda kilometer och l\u00e4gre br\u00e4nslef\u00f6rbrukning<\/p>\n<p>Det nya Nokian Hakkapeliitta 10 SUV SUV-d\u00e4cket ger sinnesfrid till SUV-f\u00f6rare under den nordiska vintern. Detta n\u00e4sta generations vinterd\u00e4ck kombinerar milj\u00f6v\u00e4nlighet, k\u00f6rkomfort och \u00f6verl\u00e4gset grepp p\u00e5 sn\u00f6 och is.Nokian Hakkapeliitta 10 SUV anv\u00e4nder Nokian Tyres dubbelpinnsteknik, med mittpinnar f\u00f6r f\u00f6rb\u00e4ttrad acceleration och bromsgrepp och axelpinnar f\u00f6r maximalt grepp i kurvor och filbyten.F\u00f6r b\u00e4sta m\u00f6jliga k\u00f6rkomfort har Nokian Hakkapeliitta 10 SUV ett nytt greppm\u00f6nster f\u00f6r stabilitet och sn\u00f6grepp, och optimal stiftplacering f\u00f6r en j\u00e4mn och behaglig ljudmilj\u00f6.<\/p>\n<p><strong>\u00d6verl\u00e4gset vintergrepp fr\u00e5n en modern dubbd\u00e4cksl\u00f6sning<\/strong><\/p>\n<p>Under utmanande vinterf\u00f6rh\u00e5llanden g\u00f6r sn\u00f6t\u00e4ckta v\u00e4gar det ofta sv\u00e5rt att h\u00e5lla sig i k\u00f6rf\u00e4ltet och att sv\u00e4nga. Reaktionstid och bromsstr\u00e4cka \u00e4r viktiga s\u00e4kerhetsfaktorer. Nokian Hakkapeliitta 10 SUV:s dubbd\u00e4cksl\u00f6sning ger mer reaktionstid i vinterf\u00f6rh\u00e5llanden tack vare ett f\u00f6rstklassigt sn\u00f6grepp. Alla dubbar \u00e4r placerade med hj\u00e4lp av toppmodern dubbteknik, och de nya stj\u00e4rnformade dubbarna roteras 180 grader i axelomr\u00e5dena f\u00f6r att tr\u00e4ffa v\u00e4gytan i en optimal vinkel.<\/p>\n<p><strong>Mer h\u00e5llbarhet och balanserat grepp f\u00f6r SUV:ar<\/strong><\/p>\n<p>Vinterns isiga, sn\u00f6iga och halkiga v\u00e4gar st\u00e4ller stora krav p\u00e5 SUV:ens vinterd\u00e4ck och f\u00f6raren. SUV:ar st\u00e4ller ocks\u00e5 sina egna krav p\u00e5 vinterd\u00e4cken n\u00e4r det g\u00e4ller stabilitet och h\u00e5llbarhet. Det nya Nokia Hakkapeliitta 10 SUV uppfyller dessa krav. Det kraftigt laminerade slitbanem\u00f6nstret \u00f6kar stabiliteten under k\u00f6rning och Aramid Sidewall-tekniken \u00f6kar d\u00e4ckets slitstyrka och hj\u00e4lper till att f\u00f6rhindra kostsamma och farliga d\u00e4ckskador.<\/p>\n<p><strong>Ansvarsfull s\u00e4kerhet<\/strong><\/p>\n<p>Fr\u00e5n milda vinterdagar till minusgrader - Nokias Hakkapeliitta 10 SUV:s nya ytbel\u00e4ggning f\u00f6rblir flexibel. Ett l\u00e4ttrullande ytm\u00f6nster och en uppfinningsrik anv\u00e4ndning av r\u00e5material g\u00f6r Nokian Hakkapeliitta 10 SUV till ett mer ansvarsfullt val f\u00f6r bilisten. Nokian Hakkapeliitta 10 SUV har l\u00e5gt rullmotst\u00e5nd, vilket ger br\u00e4nslebesparingar och minskar de skadliga utsl\u00e4ppen under k\u00f6rning.<\/p>\n<p><strong>Tyst dubbd\u00e4ck f\u00f6r SUV:ar<\/strong><\/p>\n<p>Den j\u00e4mna och behagliga ljudmilj\u00f6n i Nokia Hakkapeliitta 10 SUV \u00f6kar k\u00f6rkomforten. dubbarna \u00e4r optimalt placerade f\u00f6r att minimera st\u00f6rande ljudv\u00e5gor och f\u00f6rhindra att d\u00e4ckljud p\u00e5verkar k\u00f6rkomforten.<\/p>\n<p><strong>Obs!<\/strong><br \/>\nNokia-d\u00e4cken kommer direkt fr\u00e5n leverant\u00f6ren till oss, vanligtvis dagen efter att best\u00e4llningen har gjorts.<br \/>\nLagersaldon uppdateras inte automatiskt, s\u00e5 vi kommer att kontakta dig omedelbart om d\u00e4cket av n\u00e5gon anledning inte finns tillg\u00e4ngligt omedelbart.<\/p>","protected":false},"featured_media":12575,"comment_status":"open","ping_status":"closed","template":"","meta":[],"product_brand":[],"product_cat":[154,371,128],"product_tag":[301,394,299,300,121,203,321],"class_list":{"0":"post-13090","1":"product","2":"type-product","3":"status-publish","4":"has-post-thumbnail","6":"product_cat-model-y","7":"product_cat-renkaat","8":"product_cat-tesla-tuotteet","9":"product_tag-autonrenkaat","10":"product_tag-nokian-renkaat","11":"product_tag-rengas","12":"product_tag-renkaat","13":"product_tag-tesla","14":"product_tag-tesla-model-y","15":"product_tag-vanteet","16":"product_shipping_class-nouto","18":"first","19":"instock","20":"taxable","21":"shipping-taxable","22":"purchasable","23":"product-type-simple"},"jetpack_sharing_enabled":true,"_links":{"self":[{"href":"https:\/\/www.vempele.fi\/sv\/wp-json\/wp\/v2\/product\/13090","targetHints":{"allow":["GET"]}}],"collection":[{"href":"https:\/\/www.vempele.fi\/sv\/wp-json\/wp\/v2\/product"}],"about":[{"href":"https:\/\/www.vempele.fi\/sv\/wp-json\/wp\/v2\/types\/product"}],"replies":[{"embeddable":true,"href":"https:\/\/www.vempele.fi\/sv\/wp-json\/wp\/v2\/comments?post=13090"}],"wp:featuredmedia":[{"embeddable":true,"href":"https:\/\/www.vempele.fi\/sv\/wp-json\/wp\/v2\/media\/12575"}],"wp:attachment":[{"href":"https:\/\/www.vempele.fi\/sv\/wp-json\/wp\/v2\/media?parent=13090"}],"wp:term":[{"taxonomy":"product_brand","embeddable":true,"href":"https:\/\/www.vempele.fi\/sv\/wp-json\/wp\/v2\/product_brand?post=13090"},{"taxonomy":"product_cat","embeddable":true,"href":"https:\/\/www.vempele.fi\/sv\/wp-json\/wp\/v2\/product_cat?post=13090"},{"taxonomy":"product_tag","embeddable":true,"href":"https:\/\/www.vempele.fi\/sv\/wp-json\/wp\/v2\/product_tag?post=13090"}],"curies":[{"name":"wp","href":"https:\/\/api.w.org\/{rel}","templated":true}]}}