{"id":13091,"date":"2022-09-26T08:02:44","date_gmt":"2022-09-26T05:02:44","guid":{"rendered":"https:\/\/www.vempele.fi\/tuote\/nokiahakkapeliitta-r5-ev-255-45r19-104t-xl-copy\/"},"modified":"2023-08-02T15:48:18","modified_gmt":"2023-08-02T12:48:18","slug":"nokiahakkapeliitta-r5-ev-245-50r19-105r-xl","status":"publish","type":"product","link":"https:\/\/www.vempele.fi\/sv\/tuote\/nokiahakkapeliitta-r5-ev-245-50r19-105r-xl\/","title":{"rendered":"Nokian D\u00e4ck Hakkapeliitta R5 EV 245\/50R19 105R XL - Modell Y"},"content":{"rendered":"<p>1 st Nokian D\u00e4ck Hakkapeliitta R5 EV: 245\/50R19 105R XL.<\/p>\n<ul>\n<li class=\"single-product__section-title\">EU:s d\u00e4ckm\u00e4rkning<\/li>\n<li>Typ: friktionsring<\/li>\n<li>Tum: 19<\/li>\n<li>Bredd: 245<\/li>\n<li>Profil: 50<\/li>\n<li class=\"single-product__section-title\">Hastighetskategori: 170 km\/tim (R)<\/li>\n<li class=\"single-product__section-title\">Lastkapacitet: 850 kg (105)<\/li>\n<\/ul>","protected":false},"excerpt":{"rendered":"<p class=\"single-product__title\">Nokian D\u00e4ck Hakkapeliitta R5 EV: 255\/45R19 104T XL.<\/p>\n<p>Friktionsd\u00e4ck.<\/p>\n<p class=\"ewa-rteLine\">Hakkapeliitta R5 EV \u00e4r ett friktionsd\u00e4ck f\u00f6r personbilar, crossovers och SUV:ar. D\u00e4cken \u00e4r v\u00e4l l\u00e4mpade f\u00f6r Tesla Model Y. Hakkapeliitta R5 EV, med sin milj\u00f6v\u00e4nliga teknik, garanterar maximal s\u00e4kerhet och komfort f\u00f6r elbilar och hybrider, samt en l\u00e4ngre r\u00e4ckvidd. Unika Arctic Grip-kristaller s\u00e4kerst\u00e4ller klassens b\u00e4sta prestanda p\u00e5 is. K\u00f6rkomforten garanteras av SilentDrive\u2122-tekniken.<\/p>\n<p class=\"ewa-rteLine\">- Ren vinterunderh\u00e5ll och balanserad k\u00f6rning<br \/>\n- Milj\u00f6v\u00e4nlig mobilitet och l\u00e4ngre r\u00e4ckvidd<br \/>\n- Extremt l\u00e5g ljudniv\u00e5 tack vare SilentDrive\u2122-teknik<\/p>\n<p><strong>Obs!<\/strong><br \/>\nNokia-d\u00e4cken kommer direkt fr\u00e5n leverant\u00f6ren till oss, vanligtvis dagen efter att best\u00e4llningen har gjorts.<br \/>\nLagersaldon uppdateras inte automatiskt, s\u00e5 vi kommer att kontakta dig omedelbart om d\u00e4cket av n\u00e5gon anledning inte finns tillg\u00e4ngligt omedelbart.<\/p>","protected":false},"featured_media":12576,"comment_status":"open","ping_status":"closed","template":"","meta":[],"product_brand":[],"product_cat":[154,371,128],"product_tag":[301,394,299,300,121,203,321],"class_list":{"0":"post-13091","1":"product","2":"type-product","3":"status-publish","4":"has-post-thumbnail","6":"product_cat-model-y","7":"product_cat-renkaat","8":"product_cat-tesla-tuotteet","9":"product_tag-autonrenkaat","10":"product_tag-nokian-renkaat","11":"product_tag-rengas","12":"product_tag-renkaat","13":"product_tag-tesla","14":"product_tag-tesla-model-y","15":"product_tag-vanteet","16":"product_shipping_class-nouto","18":"first","19":"instock","20":"taxable","21":"shipping-taxable","22":"purchasable","23":"product-type-simple"},"jetpack_sharing_enabled":true,"_links":{"self":[{"href":"https:\/\/www.vempele.fi\/sv\/wp-json\/wp\/v2\/product\/13091","targetHints":{"allow":["GET"]}}],"collection":[{"href":"https:\/\/www.vempele.fi\/sv\/wp-json\/wp\/v2\/product"}],"about":[{"href":"https:\/\/www.vempele.fi\/sv\/wp-json\/wp\/v2\/types\/product"}],"replies":[{"embeddable":true,"href":"https:\/\/www.vempele.fi\/sv\/wp-json\/wp\/v2\/comments?post=13091"}],"wp:featuredmedia":[{"embeddable":true,"href":"https:\/\/www.vempele.fi\/sv\/wp-json\/wp\/v2\/media\/12576"}],"wp:attachment":[{"href":"https:\/\/www.vempele.fi\/sv\/wp-json\/wp\/v2\/media?parent=13091"}],"wp:term":[{"taxonomy":"product_brand","embeddable":true,"href":"https:\/\/www.vempele.fi\/sv\/wp-json\/wp\/v2\/product_brand?post=13091"},{"taxonomy":"product_cat","embeddable":true,"href":"https:\/\/www.vempele.fi\/sv\/wp-json\/wp\/v2\/product_cat?post=13091"},{"taxonomy":"product_tag","embeddable":true,"href":"https:\/\/www.vempele.fi\/sv\/wp-json\/wp\/v2\/product_tag?post=13091"}],"curies":[{"name":"wp","href":"https:\/\/api.w.org\/{rel}","templated":true}]}}