{"id":13165,"date":"2022-09-28T11:57:10","date_gmt":"2022-09-28T08:57:10","guid":{"rendered":"https:\/\/www.vempele.fi\/?post_type=product&#038;p=13165"},"modified":"2026-03-17T12:05:49","modified_gmt":"2026-03-17T10:05:49","slug":"tesla-model-3-zax-gforce-gloss-gunmetal-20x8-5-et35","status":"publish","type":"product","link":"https:\/\/www.vempele.fi\/sv\/tuote\/tesla-model-3-zax-gforce-gloss-gunmetal-20x8-5-et35\/","title":{"rendered":"Tesla Model 3 - Zax GForce Gloss Gunmetal 20\u00d78,5 ET35"},"content":{"rendered":"<p>Zax GForce Gloss Gunmetal 20\u00d78,5 ET35. Rotary Forged-f\u00e4lg f\u00f6r Tesla Model 3.<\/p>\n<ul>\n<li>Bredd: 8,5\u2033<\/li>\n<li>F\u00e4lgdiameter: 20\u2033<\/li>\n<li>Centrumh\u00e5lets diameter: 64,1 mm<\/li>\n<li>Bultf\u00f6rdelning: 5 x 114,3<\/li>\n<li>Vikt p\u00e5 f\u00e4lgen: 11,30 kg<\/li>\n<li>Passar \u00e4ven f\u00f6r Performance-modellen<\/li>\n<\/ul>","protected":false},"excerpt":{"rendered":"<p>Zax GForce-hjul \u00e4r h\u00f6gkvalitativa hjul som passar f\u00f6r Tesla. F\u00e4lgarna \u00e4r l\u00e4ttare \u00e4n Teslas original. Kompatibla med Teslas mittnav.<\/p>\n<p>Priset g\u00e4ller f\u00f6r en f\u00e4lg.<\/p>\n<p><strong>Sensorer f\u00f6r f\u00e4lgar? <\/strong><\/p>\n<ul>\n<li><a href=\"https:\/\/www.vempele.fi\/sv\/product-2\/dacktrycksgivare-autel-tpms-mx-433mhz\/\" target=\"_blank\" rel=\"noopener\">433 MHz TPMS (-&gt;2020) trycksensorer<\/a><\/li>\n<li><a href=\"https:\/\/www.vempele.fi\/sv\/product-2\/dacktrycksgivare-tesla-tpms-ble-cub\/\" target=\"_blank\" rel=\"noopener\">BLE TPMS (2021-&gt;) Bluetooth-sensorer<\/a><\/li>\n<\/ul>","protected":false},"featured_media":10287,"comment_status":"open","ping_status":"closed","template":"","meta":[],"product_brand":[],"product_cat":[151,128,372],"product_tag":[301,83,299,300,121,120,321,320,348],"class_list":{"0":"post-13165","1":"product","2":"type-product","3":"status-publish","4":"has-post-thumbnail","6":"product_cat-model-3","7":"product_cat-tesla-tuotteet","8":"product_cat-vanteet","9":"product_tag-autonrenkaat","10":"product_tag-autotarvikkeet","11":"product_tag-rengas","12":"product_tag-renkaat","13":"product_tag-tesla","14":"product_tag-tesla-model-3","15":"product_tag-vanteet","16":"product_tag-zax","17":"product_tag-zax-gforce","19":"first","20":"instock","21":"sale","22":"taxable","23":"shipping-taxable","24":"purchasable","25":"product-type-simple"},"jetpack_sharing_enabled":true,"_links":{"self":[{"href":"https:\/\/www.vempele.fi\/sv\/wp-json\/wp\/v2\/product\/13165","targetHints":{"allow":["GET"]}}],"collection":[{"href":"https:\/\/www.vempele.fi\/sv\/wp-json\/wp\/v2\/product"}],"about":[{"href":"https:\/\/www.vempele.fi\/sv\/wp-json\/wp\/v2\/types\/product"}],"replies":[{"embeddable":true,"href":"https:\/\/www.vempele.fi\/sv\/wp-json\/wp\/v2\/comments?post=13165"}],"wp:featuredmedia":[{"embeddable":true,"href":"https:\/\/www.vempele.fi\/sv\/wp-json\/wp\/v2\/media\/10287"}],"wp:attachment":[{"href":"https:\/\/www.vempele.fi\/sv\/wp-json\/wp\/v2\/media?parent=13165"}],"wp:term":[{"taxonomy":"product_brand","embeddable":true,"href":"https:\/\/www.vempele.fi\/sv\/wp-json\/wp\/v2\/product_brand?post=13165"},{"taxonomy":"product_cat","embeddable":true,"href":"https:\/\/www.vempele.fi\/sv\/wp-json\/wp\/v2\/product_cat?post=13165"},{"taxonomy":"product_tag","embeddable":true,"href":"https:\/\/www.vempele.fi\/sv\/wp-json\/wp\/v2\/product_tag?post=13165"}],"curies":[{"name":"wp","href":"https:\/\/api.w.org\/{rel}","templated":true}]}}