{"id":13317,"date":"2022-10-07T15:29:50","date_gmt":"2022-10-07T12:29:50","guid":{"rendered":"https:\/\/www.vempele.fi\/?post_type=product&#038;p=13317"},"modified":"2026-04-17T15:21:13","modified_gmt":"2026-04-17T12:21:13","slug":"tesla-modell-y-dorrtatningar","status":"publish","type":"product","link":"https:\/\/www.vempele.fi\/sv\/tuote\/tesla-model-y-ovitiivisteet\/","title":{"rendered":"D\u00f6rrt\u00e4tningar - Tesla Model Y"},"content":{"rendered":"<p>D\u00f6rrt\u00e4tningar - Tesla Model Y<\/p>\n<ul>\n<li>\u00a0Kompatibilitet:\n<ul>\n<li>Tesla Model Y 2020 - 2024<\/li>\n<li>Tesla Model Y Juniper 2025 -&gt;<\/li>\n<\/ul>\n<\/li>\n<li>F\u00e4rg: svart<\/li>\n<li>Tillverkningsland: Kina<\/li>\n<\/ul>","protected":false},"excerpt":{"rendered":"<p><strong>Nu ing\u00e5r \u00e4ven fr\u00e4mre och bakre d\u00f6rrt\u00e4tningar!<\/strong><\/p>\n<p>D\u00f6rrt\u00e4tningar f\u00f6r Tesla Model Y. T\u00e4tningarna ger viss ljudd\u00e4mpning, men deras huvudsakliga funktion \u00e4r att h\u00e5lla d\u00f6rrarna och tr\u00f6sklarna rena fr\u00e5n smuts.<\/p>\n<p>Packningarna \u00e4r markerade med sina monteringspunkter.<\/p>\n<p>F\u00f6rpackad med d\u00f6rrt\u00e4tningar f\u00f6r var och en av de fyra d\u00f6rrarna, samt fram- och bakd\u00f6rrarna!<\/p>\n<p>Produkten har en sj\u00e4lvh\u00e4ftande yta. Kom ih\u00e5g att reng\u00f6ra och torka ytan som ska installeras f\u00f6re installationen. Det \u00e4r ocks\u00e5 viktigt att ta h\u00e4nsyn till installationstemperaturen f\u00f6r att s\u00e4kerst\u00e4lla att t\u00e4tningsmedlet f\u00e4ster s\u00e5 bra som m\u00f6jligt.<\/p>\n<p>Se <a href=\"https:\/\/www.youtube.com\/watch?v=Jvv4K57nh8I\" target=\"_blank\" rel=\"noopener\">H\u00e4r<\/a> video om installation av t\u00e4tningar!<\/p>","protected":false},"featured_media":25991,"comment_status":"open","ping_status":"closed","template":"","meta":[],"product_brand":[],"product_cat":[154,455,482,128],"product_tag":[83,271,121,578],"class_list":{"0":"post-13317","1":"product","2":"type-product","3":"status-publish","4":"has-post-thumbnail","6":"product_cat-model-y","7":"product_cat-my-tarvikkeet","8":"product_cat-tarvikkeet-sisapuolelle-model-y","9":"product_cat-tesla-tuotteet","10":"product_tag-autotarvikkeet","11":"product_tag-model-y","12":"product_tag-tesla","13":"product_tag-tiivisteet","15":"first","16":"instock","17":"taxable","18":"shipping-taxable","19":"purchasable","20":"product-type-simple"},"jetpack_sharing_enabled":true,"_links":{"self":[{"href":"https:\/\/www.vempele.fi\/sv\/wp-json\/wp\/v2\/product\/13317","targetHints":{"allow":["GET"]}}],"collection":[{"href":"https:\/\/www.vempele.fi\/sv\/wp-json\/wp\/v2\/product"}],"about":[{"href":"https:\/\/www.vempele.fi\/sv\/wp-json\/wp\/v2\/types\/product"}],"replies":[{"embeddable":true,"href":"https:\/\/www.vempele.fi\/sv\/wp-json\/wp\/v2\/comments?post=13317"}],"wp:featuredmedia":[{"embeddable":true,"href":"https:\/\/www.vempele.fi\/sv\/wp-json\/wp\/v2\/media\/25991"}],"wp:attachment":[{"href":"https:\/\/www.vempele.fi\/sv\/wp-json\/wp\/v2\/media?parent=13317"}],"wp:term":[{"taxonomy":"product_brand","embeddable":true,"href":"https:\/\/www.vempele.fi\/sv\/wp-json\/wp\/v2\/product_brand?post=13317"},{"taxonomy":"product_cat","embeddable":true,"href":"https:\/\/www.vempele.fi\/sv\/wp-json\/wp\/v2\/product_cat?post=13317"},{"taxonomy":"product_tag","embeddable":true,"href":"https:\/\/www.vempele.fi\/sv\/wp-json\/wp\/v2\/product_tag?post=13317"}],"curies":[{"name":"wp","href":"https:\/\/api.w.org\/{rel}","templated":true}]}}