{"id":14219,"date":"2022-11-09T11:24:04","date_gmt":"2022-11-09T09:24:04","guid":{"rendered":"https:\/\/www.vempele.fi\/?post_type=product&#038;p=14219"},"modified":"2026-02-08T20:40:00","modified_gmt":"2026-02-08T18:40:00","slug":"bilrengoringssats","status":"publish","type":"product","link":"https:\/\/www.vempele.fi\/sv\/tuote\/auton-puhdistustarvikesetti\/","title":{"rendered":"Reng\u00f6ringssats f\u00f6r bil"},"content":{"rendered":"<p>Detta \u00e4r ett allt-i-ett-bilreng\u00f6ringskit! Ett brett utbud av reng\u00f6ringstillbeh\u00f6r f\u00f6r olika delar av din bil. L\u00e4tt att f\u00f6rvara i den medf\u00f6ljande v\u00e4skan, s\u00e5 att de \u00e4r skyddade n\u00e4r de inte anv\u00e4nds. Detta set i ett stycke inneh\u00e5ller:<\/p>\n<ul>\n<li>En t\u00e5lig v\u00e4ska som rymmer allt<\/li>\n<li>Mikrofiberduk ca 30 x 69 cm<\/li>\n<li>Mikrofibrer p\u00e5 en ledst\u00e5ng<\/li>\n<li>Badborste<\/li>\n<li>Reng\u00f6ringsmedel f\u00f6r interi\u00f6r<\/li>\n<li>Liten borste med reng\u00f6ringsmedel \u00e4ven l\u00e4mplig f\u00f6r luftventiler<\/li>\n<li>Torkning av last<\/li>\n<\/ul>\n<p>Sj\u00e4lva f\u00f6rvaringsv\u00e4skan m\u00e4ter cirka 30 x 20 x 10 cm.<\/p>\n<p>Namn: Bilreng\u00f6ringsset<\/p>","protected":false},"excerpt":{"rendered":"<p>Allt-i-ett-bilreng\u00f6ringssats med praktisk f\u00f6rvaringsv\u00e4ska!<\/p>\n<p>Inneh\u00e5ller 6 olika produkter och en praktisk f\u00f6rvaringsv\u00e4ska.<\/p>","protected":false},"featured_media":14220,"comment_status":"open","ping_status":"closed","template":"","meta":[],"product_brand":[],"product_cat":[272],"product_tag":[279,280,413,290],"class_list":{"0":"post-14219","1":"product","2":"type-product","3":"status-publish","4":"has-post-thumbnail","6":"product_cat-autonhoitotuotteet","7":"product_tag-autonhoito","8":"product_tag-autonpuhdistus","9":"product_tag-mikrokuitu","10":"product_tag-puhdistusharja","12":"first","13":"instock","14":"sale","15":"taxable","16":"shipping-taxable","17":"purchasable","18":"product-type-simple"},"jetpack_sharing_enabled":true,"_links":{"self":[{"href":"https:\/\/www.vempele.fi\/sv\/wp-json\/wp\/v2\/product\/14219","targetHints":{"allow":["GET"]}}],"collection":[{"href":"https:\/\/www.vempele.fi\/sv\/wp-json\/wp\/v2\/product"}],"about":[{"href":"https:\/\/www.vempele.fi\/sv\/wp-json\/wp\/v2\/types\/product"}],"replies":[{"embeddable":true,"href":"https:\/\/www.vempele.fi\/sv\/wp-json\/wp\/v2\/comments?post=14219"}],"wp:featuredmedia":[{"embeddable":true,"href":"https:\/\/www.vempele.fi\/sv\/wp-json\/wp\/v2\/media\/14220"}],"wp:attachment":[{"href":"https:\/\/www.vempele.fi\/sv\/wp-json\/wp\/v2\/media?parent=14219"}],"wp:term":[{"taxonomy":"product_brand","embeddable":true,"href":"https:\/\/www.vempele.fi\/sv\/wp-json\/wp\/v2\/product_brand?post=14219"},{"taxonomy":"product_cat","embeddable":true,"href":"https:\/\/www.vempele.fi\/sv\/wp-json\/wp\/v2\/product_cat?post=14219"},{"taxonomy":"product_tag","embeddable":true,"href":"https:\/\/www.vempele.fi\/sv\/wp-json\/wp\/v2\/product_tag?post=14219"}],"curies":[{"name":"wp","href":"https:\/\/api.w.org\/{rel}","templated":true}]}}