{"id":14223,"date":"2022-11-09T13:29:43","date_gmt":"2022-11-09T11:29:43","guid":{"rendered":"https:\/\/www.vempele.fi\/?post_type=product&#038;p=14223"},"modified":"2026-04-10T10:41:52","modified_gmt":"2026-04-10T07:41:52","slug":"satesskydd-med-fickor","status":"publish","type":"product","link":"https:\/\/www.vempele.fi\/sv\/tuote\/istuinsuoja-taskuilla\/","title":{"rendered":"Sittskydd med fickor"},"content":{"rendered":"<p>S\u00e4tesskydd med fickor. Materialet \u00e4r slitstarkt tyg med konstl\u00e4derf\u00f6rst\u00e4rkta h\u00f6rn.<\/p>\n<p>Detta universella s\u00e4tesskydd med fickor f\u00f6r tung anv\u00e4ndning. Skyddar effektivt bilens originalkl\u00e4dsel. H\u00e5ller sig v\u00e4l p\u00e5 plats tack vare fliken som glider mellan s\u00e4tet och nackst\u00f6det. Produkten \u00e4r ocks\u00e5 snabb att installera och kan snabbt tas bort fr\u00e5n v\u00e4gen om det beh\u00f6vs. S\u00e4tes\u00f6verdraget kan vikas m\u00e5nga g\u00e5nger och tar d\u00e4rf\u00f6r mycket liten plats n\u00e4r det f\u00f6rvaras n\u00e5gon annanstans.<\/p>\n<ul>\n<li>Storlek n\u00e4r den \u00e4r \u00f6ppen: 120 x 47 cm (ca)<\/li>\n<li>1 st stols\u00f6verdrag i f\u00f6rpackningen<\/li>\n<\/ul>\n<p>&nbsp;<\/p>","protected":false},"excerpt":{"rendered":"<p>S\u00e4tesskydd med fickor. Materialet \u00e4r slitstarkt tyg med konstl\u00e4derf\u00f6rst\u00e4rkta h\u00f6rn.<\/p>\n<p>En oers\u00e4ttlig produkt till exempel under en barnstol! De tv\u00e5 n\u00e4tfickorna p\u00e5 framsidan av s\u00e4tes\u00f6verdraget \u00e4r praktiska f\u00f6r f\u00f6rvaring av barnv\u00e5rdsartiklar.<\/p>","protected":false},"featured_media":24877,"comment_status":"open","ping_status":"closed","template":"","meta":[],"product_brand":[],"product_cat":[151,152,153,154,452,453,454,455,480,485,487,482,128],"product_tag":[83,488,411,121],"class_list":{"0":"post-14223","1":"product","2":"type-product","3":"status-publish","4":"has-post-thumbnail","6":"product_cat-model-3","7":"product_cat-model-s","8":"product_cat-model-x","9":"product_cat-model-y","10":"product_cat-m3-tarvikkeet","11":"product_cat-ms-tarvikkeet","12":"product_cat-mx-tarvikkeet","13":"product_cat-my-tarvikkeet","14":"product_cat-tarvikkeet-sisapuolelle-model-3","15":"product_cat-tarvikkeet-sisapuolelle-model-s","16":"product_cat-tarvikkeet-sisapuolelle-model-x","17":"product_cat-tarvikkeet-sisapuolelle-model-y","18":"product_cat-tesla-tuotteet","19":"product_tag-autotarvikkeet","20":"product_tag-istuinsuoja","21":"product_tag-suoja","22":"product_tag-tesla","24":"first","25":"outofstock","26":"taxable","27":"shipping-taxable","28":"purchasable","29":"product-type-simple"},"jetpack_sharing_enabled":true,"_links":{"self":[{"href":"https:\/\/www.vempele.fi\/sv\/wp-json\/wp\/v2\/product\/14223","targetHints":{"allow":["GET"]}}],"collection":[{"href":"https:\/\/www.vempele.fi\/sv\/wp-json\/wp\/v2\/product"}],"about":[{"href":"https:\/\/www.vempele.fi\/sv\/wp-json\/wp\/v2\/types\/product"}],"replies":[{"embeddable":true,"href":"https:\/\/www.vempele.fi\/sv\/wp-json\/wp\/v2\/comments?post=14223"}],"wp:featuredmedia":[{"embeddable":true,"href":"https:\/\/www.vempele.fi\/sv\/wp-json\/wp\/v2\/media\/24877"}],"wp:attachment":[{"href":"https:\/\/www.vempele.fi\/sv\/wp-json\/wp\/v2\/media?parent=14223"}],"wp:term":[{"taxonomy":"product_brand","embeddable":true,"href":"https:\/\/www.vempele.fi\/sv\/wp-json\/wp\/v2\/product_brand?post=14223"},{"taxonomy":"product_cat","embeddable":true,"href":"https:\/\/www.vempele.fi\/sv\/wp-json\/wp\/v2\/product_cat?post=14223"},{"taxonomy":"product_tag","embeddable":true,"href":"https:\/\/www.vempele.fi\/sv\/wp-json\/wp\/v2\/product_tag?post=14223"}],"curies":[{"name":"wp","href":"https:\/\/api.w.org\/{rel}","templated":true}]}}