{"id":14252,"date":"2022-11-10T14:41:04","date_gmt":"2022-11-10T12:41:04","guid":{"rendered":"https:\/\/www.vempele.fi\/?post_type=product&#038;p=14252"},"modified":"2025-04-02T14:44:12","modified_gmt":"2025-04-02T11:44:12","slug":"kontinental-viking-kontakt-7-255-45-r19-xl-104t","status":"publish","type":"product","link":"https:\/\/www.vempele.fi\/sv\/tuote\/continental-viking-contact-7-255-45-r19-xl-104t\/","title":{"rendered":"Continental VikingContact 7 - 255\/45 R19 XL 104T - Modell Y"},"content":{"rendered":"<p>1 Continental VikingContact 7 - 255\/45 R19 XL 104T.<\/p>\n<ul>\n<li class=\"single-product__section-title\">EU:s d\u00e4ckm\u00e4rkning<\/li>\n<li>Typ: friktionsring<\/li>\n<li>Tum: 19<\/li>\n<li>Bredd: 255<\/li>\n<li>Profil: 45<\/li>\n<li class=\"single-product__section-title\">Hastighetskategori: 190 km\/h (T)<\/li>\n<li class=\"single-product__section-title\">Lastkapacitet: 900 kg (104)<\/li>\n<\/ul>","protected":false},"excerpt":{"rendered":"<p class=\"single-product__title\">Continental VikingContact 7 - 255\/45 R19 XL 104T-d\u00e4ck.<\/p>\n<p>VikingContact 7 har utsetts till det b\u00e4sta friktionsd\u00e4cket i World of Technology Winter Tyre Comparison (TM 17\/2021). Utm\u00e4rkt grepp p\u00e5 vinterv\u00e4glag och v\u00e5ta underlag. Perfekt man\u00f6vrerbarhet i alla typer av vinterf\u00f6rh\u00e5llanden. Utm\u00e4rkt grepp och bromsf\u00f6rm\u00e5ga p\u00e5 isiga och sn\u00f6iga v\u00e4gbanor.<\/p>\n<p>L\u00e4mplig f\u00f6r Tesla Model Y, crossovers och SUV:ar.<\/p>","protected":false},"featured_media":14253,"comment_status":"open","ping_status":"closed","template":"","meta":[],"product_brand":[],"product_cat":[154,371,128],"product_tag":[301,414,299,300,121,203,321],"class_list":{"0":"post-14252","1":"product","2":"type-product","3":"status-publish","4":"has-post-thumbnail","6":"product_cat-model-y","7":"product_cat-renkaat","8":"product_cat-tesla-tuotteet","9":"product_tag-autonrenkaat","10":"product_tag-continental","11":"product_tag-rengas","12":"product_tag-renkaat","13":"product_tag-tesla","14":"product_tag-tesla-model-y","15":"product_tag-vanteet","16":"product_shipping_class-nouto","18":"first","19":"instock","20":"sale","21":"taxable","22":"shipping-taxable","23":"purchasable","24":"product-type-simple"},"jetpack_sharing_enabled":true,"_links":{"self":[{"href":"https:\/\/www.vempele.fi\/sv\/wp-json\/wp\/v2\/product\/14252","targetHints":{"allow":["GET"]}}],"collection":[{"href":"https:\/\/www.vempele.fi\/sv\/wp-json\/wp\/v2\/product"}],"about":[{"href":"https:\/\/www.vempele.fi\/sv\/wp-json\/wp\/v2\/types\/product"}],"replies":[{"embeddable":true,"href":"https:\/\/www.vempele.fi\/sv\/wp-json\/wp\/v2\/comments?post=14252"}],"wp:featuredmedia":[{"embeddable":true,"href":"https:\/\/www.vempele.fi\/sv\/wp-json\/wp\/v2\/media\/14253"}],"wp:attachment":[{"href":"https:\/\/www.vempele.fi\/sv\/wp-json\/wp\/v2\/media?parent=14252"}],"wp:term":[{"taxonomy":"product_brand","embeddable":true,"href":"https:\/\/www.vempele.fi\/sv\/wp-json\/wp\/v2\/product_brand?post=14252"},{"taxonomy":"product_cat","embeddable":true,"href":"https:\/\/www.vempele.fi\/sv\/wp-json\/wp\/v2\/product_cat?post=14252"},{"taxonomy":"product_tag","embeddable":true,"href":"https:\/\/www.vempele.fi\/sv\/wp-json\/wp\/v2\/product_tag?post=14252"}],"curies":[{"name":"wp","href":"https:\/\/api.w.org\/{rel}","templated":true}]}}