{"id":14406,"date":"2022-11-18T13:26:53","date_gmt":"2022-11-18T11:26:53","guid":{"rendered":"https:\/\/www.vempele.fi\/?post_type=product&#038;p=14406"},"modified":"2025-10-05T17:14:27","modified_gmt":"2025-10-05T14:14:27","slug":"tesla-model-3-y-vaska-krok-for-ryggstod","status":"publish","type":"product","link":"https:\/\/www.vempele.fi\/sv\/tuote\/tesla-model-3-y-kassikoukku-istuimen-selkapuolelle\/","title":{"rendered":"Krokar f\u00f6r v\u00e4skor till nackst\u00f6d - Tesla Model 3 \/ Y"},"content":{"rendered":"<p>Krokar f\u00f6r v\u00e4skor till nackst\u00f6d - Tesla Model 3 \/ Y<\/p>\n<ul>\n<li>Material : Plast, svart<\/li>\n<li>L\u00e4mplighet:\n<ul>\n<li>Modell Y 2020 - 2024<\/li>\n<li>Modell Y Juniper 2025 -&gt;<\/li>\n<li>Model 3 Pre-Refresh vm. 2019 - 2021<\/li>\n<li>Modell 3 Uppdatering vm. 2021 - 2023<\/li>\n<li>Modell 3 Highland vm. 2023 -&gt;<\/li>\n<\/ul>\n<\/li>\n<li>Storlek: 170 x 50 x 35 mm (ca)<\/li>\n<li>Monteringspunkt : S\u00e4tets nackst\u00f6d<\/li>\n<li>Inneh\u00e5ll i f\u00f6rpackningen : 2 x krok<\/li>\n<\/ul>","protected":false},"excerpt":{"rendered":"<p>Tesla Model 3 \/ Y V\u00e4skkrokar f\u00f6r s\u00e4tets nackst\u00f6d.<\/p>\n<p>Denna praktiska krok f\u00e4sts p\u00e5 stolens nackst\u00f6d med kroken v\u00e4nd bak\u00e5t. Detta \u00e4r en bra plats att h\u00e4nga shoppingkassar, galgar, hobbyv\u00e4skor etc. p\u00e5. F\u00f6rpackningen inneh\u00e5ller tv\u00e5 krokar, en f\u00f6r varje frams\u00e4te.<br \/>\nDen del som syns fr\u00e5n baks\u00e4tet har ett klisterm\u00e4rke av kolfiberimitation, som kan tas bort om s\u00e5 \u00f6nskas.<\/p>","protected":false},"featured_media":14408,"comment_status":"open","ping_status":"closed","template":"","meta":[],"product_brand":[],"product_cat":[151,154,452,455,480,482,128],"product_tag":[83,243,447,156,271,121],"class_list":{"0":"post-14406","1":"product","2":"type-product","3":"status-publish","4":"has-post-thumbnail","6":"product_cat-model-3","7":"product_cat-model-y","8":"product_cat-m3-tarvikkeet","9":"product_cat-my-tarvikkeet","10":"product_cat-tarvikkeet-sisapuolelle-model-3","11":"product_cat-tarvikkeet-sisapuolelle-model-y","12":"product_cat-tesla-tuotteet","13":"product_tag-autotarvikkeet","14":"product_tag-kauppakassikoukut","15":"product_tag-koukku","16":"product_tag-model-3","17":"product_tag-model-y","18":"product_tag-tesla","20":"first","21":"outofstock","22":"taxable","23":"shipping-taxable","24":"purchasable","25":"product-type-simple"},"jetpack_sharing_enabled":true,"_links":{"self":[{"href":"https:\/\/www.vempele.fi\/sv\/wp-json\/wp\/v2\/product\/14406","targetHints":{"allow":["GET"]}}],"collection":[{"href":"https:\/\/www.vempele.fi\/sv\/wp-json\/wp\/v2\/product"}],"about":[{"href":"https:\/\/www.vempele.fi\/sv\/wp-json\/wp\/v2\/types\/product"}],"replies":[{"embeddable":true,"href":"https:\/\/www.vempele.fi\/sv\/wp-json\/wp\/v2\/comments?post=14406"}],"wp:featuredmedia":[{"embeddable":true,"href":"https:\/\/www.vempele.fi\/sv\/wp-json\/wp\/v2\/media\/14408"}],"wp:attachment":[{"href":"https:\/\/www.vempele.fi\/sv\/wp-json\/wp\/v2\/media?parent=14406"}],"wp:term":[{"taxonomy":"product_brand","embeddable":true,"href":"https:\/\/www.vempele.fi\/sv\/wp-json\/wp\/v2\/product_brand?post=14406"},{"taxonomy":"product_cat","embeddable":true,"href":"https:\/\/www.vempele.fi\/sv\/wp-json\/wp\/v2\/product_cat?post=14406"},{"taxonomy":"product_tag","embeddable":true,"href":"https:\/\/www.vempele.fi\/sv\/wp-json\/wp\/v2\/product_tag?post=14406"}],"curies":[{"name":"wp","href":"https:\/\/api.w.org\/{rel}","templated":true}]}}