{"id":14581,"date":"2022-11-28T14:04:07","date_gmt":"2022-11-28T12:04:07","guid":{"rendered":"https:\/\/www.vempele.fi\/tuote\/auton-puhdistustarvikesetti-copy\/"},"modified":"2026-03-26T21:30:34","modified_gmt":"2026-03-26T19:30:34","slug":"mikrofiberduk","status":"publish","type":"product","link":"https:\/\/www.vempele.fi\/sv\/tuote\/mikrokuituliina\/","title":{"rendered":"Mikrofiberduk"},"content":{"rendered":"<p>Gr\u00e5 och bl\u00e5 mikrofiberduk med upph\u00e4ngnings\u00f6gla.<\/p>\n<ul>\n<li>Mikrofiberduk ca 30 x 69 cm<\/li>\n<li>Namn: Mikrofiberduk f\u00f6r bil<\/li>\n<\/ul>\n<p>&nbsp;<\/p>","protected":false},"excerpt":{"rendered":"<p>Silkesmjuk mikrofiberduk f\u00f6r reng\u00f6ring av bilens ytor. De olika sidorna av mikrofiberduken \u00e4r f\u00e4rgade i bl\u00e5tt och gr\u00e5tt.<br \/>\nEtt utm\u00e4rkt val f\u00f6r reng\u00f6ring efter tv\u00e4tt.<\/p>","protected":false},"featured_media":14669,"comment_status":"open","ping_status":"closed","template":"","meta":[],"product_brand":[],"product_cat":[272],"product_tag":[279,280,413],"class_list":{"0":"post-14581","1":"product","2":"type-product","3":"status-publish","4":"has-post-thumbnail","6":"product_cat-autonhoitotuotteet","7":"product_tag-autonhoito","8":"product_tag-autonpuhdistus","9":"product_tag-mikrokuitu","11":"first","12":"instock","13":"sale","14":"taxable","15":"shipping-taxable","16":"purchasable","17":"product-type-simple"},"jetpack_sharing_enabled":true,"_links":{"self":[{"href":"https:\/\/www.vempele.fi\/sv\/wp-json\/wp\/v2\/product\/14581","targetHints":{"allow":["GET"]}}],"collection":[{"href":"https:\/\/www.vempele.fi\/sv\/wp-json\/wp\/v2\/product"}],"about":[{"href":"https:\/\/www.vempele.fi\/sv\/wp-json\/wp\/v2\/types\/product"}],"replies":[{"embeddable":true,"href":"https:\/\/www.vempele.fi\/sv\/wp-json\/wp\/v2\/comments?post=14581"}],"wp:featuredmedia":[{"embeddable":true,"href":"https:\/\/www.vempele.fi\/sv\/wp-json\/wp\/v2\/media\/14669"}],"wp:attachment":[{"href":"https:\/\/www.vempele.fi\/sv\/wp-json\/wp\/v2\/media?parent=14581"}],"wp:term":[{"taxonomy":"product_brand","embeddable":true,"href":"https:\/\/www.vempele.fi\/sv\/wp-json\/wp\/v2\/product_brand?post=14581"},{"taxonomy":"product_cat","embeddable":true,"href":"https:\/\/www.vempele.fi\/sv\/wp-json\/wp\/v2\/product_cat?post=14581"},{"taxonomy":"product_tag","embeddable":true,"href":"https:\/\/www.vempele.fi\/sv\/wp-json\/wp\/v2\/product_tag?post=14581"}],"curies":[{"name":"wp","href":"https:\/\/api.w.org\/{rel}","templated":true}]}}