{"id":14638,"date":"2022-12-02T13:00:54","date_gmt":"2022-12-02T11:00:54","guid":{"rendered":"https:\/\/www.vempele.fi\/?post_type=product&#038;p=14638"},"modified":"2026-03-21T15:08:04","modified_gmt":"2026-03-21T13:08:04","slug":"tesla-modell-y-bakre-spoiler","status":"publish","type":"product","link":"https:\/\/www.vempele.fi\/sv\/tuote\/tesla-model-y-takaspoileri\/","title":{"rendered":"Bakre spoiler - Tesla Model Y"},"content":{"rendered":"<p>Bakre spoiler - Tesla Model Y<\/p>\n<ul>\n<li>\u00a0L\u00e4mplighet:\n<ul>\n<li>Modell Y 2020 - 2024<\/li>\n<\/ul>\n<\/li>\n<li>F\u00e4rger: svart &amp; imiterad kolfiber, matt svart<\/li>\n<li>Material: ABS-plast<\/li>\n<li>Vikt: 250g<\/li>\n<li>Produktm\u00e5tt p\u00e5 den bredaste punkten: 120 x 5,5 x 2,0 cm<\/li>\n<\/ul>","protected":false},"excerpt":{"rendered":"<p>Tesla Model Y - Bakspoiler. Snygg bakspoiler till Tesla Model Y, i matt svart eller matt kolfiberimitation.<br \/>\nP\u00e5 spoilerns insida finns det monteringsband runt om f\u00f6r att f\u00e4sta bakspoilern p\u00e5 bilen. Var noga med att reng\u00f6ra monteringspunkten s\u00e5 bra som m\u00f6jligt och montera banden i varmt v\u00e4der eller i ett garage.<\/p>","protected":false},"featured_media":14678,"comment_status":"open","ping_status":"closed","template":"","meta":[],"product_brand":[],"product_cat":[154,455,483,128],"product_tag":[83,156,561,448,121],"class_list":{"0":"post-14638","1":"product","2":"type-product","3":"status-publish","4":"has-post-thumbnail","6":"product_cat-model-y","7":"product_cat-my-tarvikkeet","8":"product_cat-tarvikkeet-ulkopuolelle-model-y","9":"product_cat-tesla-tuotteet","10":"product_tag-autotarvikkeet","11":"product_tag-model-3","12":"product_tag-takalippa","13":"product_tag-takaspoileri","14":"product_tag-tesla","16":"first","17":"instock","18":"taxable","19":"shipping-taxable","20":"purchasable","21":"product-type-variable"},"jetpack_sharing_enabled":true,"_links":{"self":[{"href":"https:\/\/www.vempele.fi\/sv\/wp-json\/wp\/v2\/product\/14638","targetHints":{"allow":["GET"]}}],"collection":[{"href":"https:\/\/www.vempele.fi\/sv\/wp-json\/wp\/v2\/product"}],"about":[{"href":"https:\/\/www.vempele.fi\/sv\/wp-json\/wp\/v2\/types\/product"}],"replies":[{"embeddable":true,"href":"https:\/\/www.vempele.fi\/sv\/wp-json\/wp\/v2\/comments?post=14638"}],"wp:featuredmedia":[{"embeddable":true,"href":"https:\/\/www.vempele.fi\/sv\/wp-json\/wp\/v2\/media\/14678"}],"wp:attachment":[{"href":"https:\/\/www.vempele.fi\/sv\/wp-json\/wp\/v2\/media?parent=14638"}],"wp:term":[{"taxonomy":"product_brand","embeddable":true,"href":"https:\/\/www.vempele.fi\/sv\/wp-json\/wp\/v2\/product_brand?post=14638"},{"taxonomy":"product_cat","embeddable":true,"href":"https:\/\/www.vempele.fi\/sv\/wp-json\/wp\/v2\/product_cat?post=14638"},{"taxonomy":"product_tag","embeddable":true,"href":"https:\/\/www.vempele.fi\/sv\/wp-json\/wp\/v2\/product_tag?post=14638"}],"curies":[{"name":"wp","href":"https:\/\/api.w.org\/{rel}","templated":true}]}}